{"id":7222,"date":"2024-11-16T22:15:18","date_gmt":"2024-11-16T18:15:18","guid":{"rendered":"https:\/\/axtarstore.com\/?post_type=product&#038;p=7222"},"modified":"2024-11-20T00:26:13","modified_gmt":"2024-11-19T20:26:13","slug":"biocos-pimple-rescue-ampule","status":"publish","type":"product","link":"https:\/\/axtarstore.com\/ru\/product\/biocos-pimple-rescue-ampule\/","title":{"rendered":"Biocos Pimple Clear Magic Serum"},"content":{"rendered":"<p>BIOCOS SEPKI U\u00c7UN AMPULE s\u0131zanaqlar\u0131, l\u0259k\u0259l\u0259ri v\u0259 s\u0131zanaqlar\u0131 tamamil\u0259 yox edir v\u0259 d\u0259rinin \u0259lav\u0259 ya\u011f\u0131n\u0131 idar\u0259 edir. S\u0131zanaqlar\u0131n, l\u0259k\u0259l\u0259rin v\u0259 s\u0131zanaqlar\u0131n s\u0259b\u0259bi n\u0259 olsa da, Biocos Pimple Clear Magic Serum s\u0131zanaqlar\u0131n yay\u0131lmas\u0131n\u0131n v\u0259 b\u00f6y\u00fcm\u0259sinin qar\u015f\u0131s\u0131n\u0131 al\u0131r.<\/p>\n<p>Nec\u0259 istifad\u0259 etm\u0259li?<br \/>\nAmpulan\u0131 par\u00e7alay\u0131n v\u0259 h\u0259r hans\u0131 75-100 qr pal\u00e7\u0131q maskas\u0131 v\u0259 ya daha dol\u011fun torpaqda qar\u0131\u015fd\u0131r\u0131n v\u0259 m\u00fcnt\u0259z\u0259m olaraq \u00fcz\u00fcn\u00fcz\u0259 \u00e7\u0259kin, 30 d\u0259qiq\u0259 quruduqdan sonra \u00fcz\u00fcn\u00fcz\u00fc Biocos G\u00f6z\u0259llik Sabunu il\u0259 yax\u015f\u0131ca yuyun. Tezlikl\u0259 \u00fcz\u00fcn\u00fcz g\u00fcl g\u00fcll\u0259ri kimi olacaq.<br \/>\nQeyd: Pal\u00e7\u0131q maskas\u0131 quruyarsa, ehtiyaca g\u00f6r\u0259 su v\u0259 ya g\u00fcl suyu \u0259lav\u0259 edin<\/p>","protected":false},"excerpt":{"rendered":"<p>BIOCOS SEPKI U\u00c7UN AMPULE s\u0131zanaqlar\u0131, l\u0259k\u0259l\u0259ri v\u0259 s\u0131zanaqlar\u0131 tamamil\u0259 yox edir v\u0259 d\u0259rinin \u0259lav\u0259 ya\u011f\u0131n\u0131 idar\u0259 edir. S\u0131zanaqlar\u0131n, l\u0259k\u0259l\u0259rin v\u0259 s\u0131zanaqlar\u0131n s\u0259b\u0259bi n\u0259 olsa da, Biocos Pimple Clear Magic Serum s\u0131zanaqlar\u0131n yay\u0131lmas\u0131n\u0131n v\u0259 b\u00f6y\u00fcm\u0259sinin qar\u015f\u0131s\u0131n\u0131 al\u0131r. Nec\u0259 istifad\u0259 etm\u0259li? Ampulan\u0131 par\u00e7alay\u0131n v\u0259 h\u0259r hans\u0131 75-100 qr pal\u00e7\u0131q maskas\u0131 v\u0259 ya daha dol\u011fun torpaqda qar\u0131\u015fd\u0131r\u0131n v\u0259 &hellip; <a href=\"https:\/\/axtarstore.com\/ru\/product\/biocos-pimple-rescue-ampule\/\" class=\"more-link\">Continue reading <span class=\"screen-reader-text\">Biocos Pimple Clear Magic Serum<\/span><\/a><\/p>","protected":false},"featured_media":7223,"comment_status":"open","ping_status":"closed","template":"","meta":[],"pwb-brand":[161],"product_cat":[127,143],"product_tag":[],"class_list":{"0":"post-7222","1":"product","2":"type-product","3":"status-publish","4":"has-post-thumbnail","6":"pwb-brand-biocos","7":"product_cat-face-care","8":"product_cat-face-serum","9":"pa_size-3ml","12":"instock","13":"shipping-taxable","14":"purchasable","15":"product-type-simple"},"brands":[{"id":161,"name":"Biocos","slug":"biocos"}],"_links":{"self":[{"href":"https:\/\/axtarstore.com\/ru\/wp-json\/wp\/v2\/product\/7222"}],"collection":[{"href":"https:\/\/axtarstore.com\/ru\/wp-json\/wp\/v2\/product"}],"about":[{"href":"https:\/\/axtarstore.com\/ru\/wp-json\/wp\/v2\/types\/product"}],"replies":[{"embeddable":true,"href":"https:\/\/axtarstore.com\/ru\/wp-json\/wp\/v2\/comments?post=7222"}],"version-history":[{"count":3,"href":"https:\/\/axtarstore.com\/ru\/wp-json\/wp\/v2\/product\/7222\/revisions"}],"predecessor-version":[{"id":7228,"href":"https:\/\/axtarstore.com\/ru\/wp-json\/wp\/v2\/product\/7222\/revisions\/7228"}],"wp:featuredmedia":[{"embeddable":true,"href":"https:\/\/axtarstore.com\/ru\/wp-json\/wp\/v2\/media\/7223"}],"wp:attachment":[{"href":"https:\/\/axtarstore.com\/ru\/wp-json\/wp\/v2\/media?parent=7222"}],"wp:term":[{"taxonomy":"pwb-brand","embeddable":true,"href":"https:\/\/axtarstore.com\/ru\/wp-json\/wp\/v2\/pwb-brand?post=7222"},{"taxonomy":"product_cat","embeddable":true,"href":"https:\/\/axtarstore.com\/ru\/wp-json\/wp\/v2\/product_cat?post=7222"},{"taxonomy":"product_tag","embeddable":true,"href":"https:\/\/axtarstore.com\/ru\/wp-json\/wp\/v2\/product_tag?post=7222"}],"curies":[{"name":"wp","href":"https:\/\/api.w.org\/{rel}","templated":true}]}}