{"id":7213,"date":"2024-11-15T00:37:03","date_gmt":"2024-11-14T20:37:03","guid":{"rendered":"https:\/\/axtarstore.com\/?post_type=product&#038;p=7213"},"modified":"2026-02-06T22:23:55","modified_gmt":"2026-02-06T18:23:55","slug":"biocos-hair-regrowth-magic-serum","status":"publish","type":"product","link":"https:\/\/axtarstore.com\/ru\/product\/biocos-hair-regrowth-magic-serum\/","title":{"rendered":"Biocos Hair Regrowth Magic Serum"},"content":{"rendered":"<p>Biocos sac cixardan vitamin ampulasi<br \/>\nBocos sac vitamin istenilen shampunhn icerisinde ve yaxud istenilen yagin icerisinde qarisdirarag istifade ede bilersiz sa\u00e7 t\u00f6k\u00fclm\u0259sini azaltmaq v\u0259 sa\u00e7lar\u0131n yenid\u0259n b\u00f6y\u00fcm\u0259si \u00fc\u00e7\u00fcn \u00e7ox t\u0259sirlidir. Sa\u00e7lar\u0131 uzun, qal\u0131n, parlaq v\u0259 g\u00f6z\u0259l edir<\/p>","protected":false},"excerpt":{"rendered":"<p>Biocos sac cixardan vitamin ampulasi Bocos sac vitamin istenilen shampunhn icerisinde ve yaxud istenilen yagin icerisinde qarisdirarag istifade ede bilersiz sa\u00e7 t\u00f6k\u00fclm\u0259sini azaltmaq v\u0259 sa\u00e7lar\u0131n yenid\u0259n b\u00f6y\u00fcm\u0259si \u00fc\u00e7\u00fcn \u00e7ox t\u0259sirlidir. Sa\u00e7lar\u0131 uzun, qal\u0131n, parlaq v\u0259 g\u00f6z\u0259l edir<\/p>","protected":false},"featured_media":7215,"comment_status":"open","ping_status":"closed","template":"","meta":[],"pwb-brand":[161],"product_cat":[126,139,138],"product_tag":[],"class_list":{"0":"post-7213","1":"product","2":"type-product","3":"status-publish","4":"has-post-thumbnail","6":"pwb-brand-biocos","7":"product_cat-haircare","8":"product_cat-serum","9":"product_cat-vitamins","10":"pa_size-3ml","13":"instock","14":"shipping-taxable","15":"purchasable","16":"product-type-simple"},"brands":[{"id":161,"name":"Biocos","slug":"biocos"}],"_links":{"self":[{"href":"https:\/\/axtarstore.com\/ru\/wp-json\/wp\/v2\/product\/7213"}],"collection":[{"href":"https:\/\/axtarstore.com\/ru\/wp-json\/wp\/v2\/product"}],"about":[{"href":"https:\/\/axtarstore.com\/ru\/wp-json\/wp\/v2\/types\/product"}],"replies":[{"embeddable":true,"href":"https:\/\/axtarstore.com\/ru\/wp-json\/wp\/v2\/comments?post=7213"}],"version-history":[{"count":3,"href":"https:\/\/axtarstore.com\/ru\/wp-json\/wp\/v2\/product\/7213\/revisions"}],"predecessor-version":[{"id":7220,"href":"https:\/\/axtarstore.com\/ru\/wp-json\/wp\/v2\/product\/7213\/revisions\/7220"}],"wp:featuredmedia":[{"embeddable":true,"href":"https:\/\/axtarstore.com\/ru\/wp-json\/wp\/v2\/media\/7215"}],"wp:attachment":[{"href":"https:\/\/axtarstore.com\/ru\/wp-json\/wp\/v2\/media?parent=7213"}],"wp:term":[{"taxonomy":"pwb-brand","embeddable":true,"href":"https:\/\/axtarstore.com\/ru\/wp-json\/wp\/v2\/pwb-brand?post=7213"},{"taxonomy":"product_cat","embeddable":true,"href":"https:\/\/axtarstore.com\/ru\/wp-json\/wp\/v2\/product_cat?post=7213"},{"taxonomy":"product_tag","embeddable":true,"href":"https:\/\/axtarstore.com\/ru\/wp-json\/wp\/v2\/product_tag?post=7213"}],"curies":[{"name":"wp","href":"https:\/\/api.w.org\/{rel}","templated":true}]}}