{"id":7203,"date":"2024-11-15T00:10:24","date_gmt":"2024-11-14T20:10:24","guid":{"rendered":"https:\/\/axtarstore.com\/?post_type=product&#038;p=7203"},"modified":"2024-11-15T00:10:25","modified_gmt":"2024-11-14T20:10:25","slug":"biocos-tea-tree-spray","status":"publish","type":"product","link":"https:\/\/axtarstore.com\/ru\/product\/biocos-tea-tree-spray\/","title":{"rendered":"Biocos Tea Tree Spray"},"content":{"rendered":"<p>Biocos hidrosol \u00c7ay A\u011fac\u0131 \u00dcz Spreyi daha yum\u015faq, daha inc\u0259 bir qoxu il\u0259 su \u0259sasl\u0131d\u0131r. Bu \u00fcz quru v\u0259 qar\u0131\u015f\u0131q d\u0259rini t\u0259rav\u0259tl\u0259ndirm\u0259y\u0259 k\u00f6m\u0259k ed\u0259n minimal v\u0259 t\u0259miz madd\u0259l\u0259rd\u0259n ibar\u0259tdir.<br \/>\nBu \u00e7ay a\u011fac\u0131 \u00fcz spreyi d\u0259rinin geni\u015f spektrini sakitl\u0259\u015fdir\u0259r\u0259k v\u0259 sa\u011faltmaqla sa\u011flam d\u0259rini t\u0259\u015fviq etm\u0259kd\u0259 t\u0259sirli olur. Bu \u00e7ay a\u011fac\u0131 qa\u015f\u0131nma v\u0259 q\u0131c\u0131qlanman\u0131 azaltmaqla quru d\u0259rini sakitl\u0259\u015fdirm\u0259y\u0259 k\u00f6m\u0259k ed\u0259 bil\u0259r. Bu, d\u0259rini \u0259traf m\u00fchitin z\u0259r\u0259rl\u0259rind\u0259n qoruyacaq, d\u0259rinin tonunu daha b\u0259rab\u0259r g\u00f6st\u0259r\u0259c\u0259k v\u0259 toxumas\u0131n\u0131 azaldacaq.<\/p>","protected":false},"excerpt":{"rendered":"<p>Biocos hidrosol \u00c7ay A\u011fac\u0131 \u00dcz Spreyi daha yum\u015faq, daha inc\u0259 bir qoxu il\u0259 su \u0259sasl\u0131d\u0131r. Bu \u00fcz quru v\u0259 qar\u0131\u015f\u0131q d\u0259rini t\u0259rav\u0259tl\u0259ndirm\u0259y\u0259 k\u00f6m\u0259k ed\u0259n minimal v\u0259 t\u0259miz madd\u0259l\u0259rd\u0259n ibar\u0259tdir. Bu \u00e7ay a\u011fac\u0131 \u00fcz spreyi d\u0259rinin geni\u015f spektrini sakitl\u0259\u015fdir\u0259r\u0259k v\u0259 sa\u011faltmaqla sa\u011flam d\u0259rini t\u0259\u015fviq etm\u0259kd\u0259 t\u0259sirli olur. Bu \u00e7ay a\u011fac\u0131 qa\u015f\u0131nma v\u0259 q\u0131c\u0131qlanman\u0131 azaltmaqla quru d\u0259rini &hellip; <a href=\"https:\/\/axtarstore.com\/ru\/product\/biocos-tea-tree-spray\/\" class=\"more-link\">Continue reading <span class=\"screen-reader-text\">Biocos Tea Tree Spray<\/span><\/a><\/p>","protected":false},"featured_media":7204,"comment_status":"open","ping_status":"closed","template":"","meta":[],"pwb-brand":[161],"product_cat":[149,127,150],"product_tag":[],"class_list":{"0":"post-7203","1":"product","2":"type-product","3":"status-publish","4":"has-post-thumbnail","6":"pwb-brand-biocos","7":"product_cat-makeup-remover","8":"product_cat-face-care","9":"product_cat-face-toner","12":"instock","13":"shipping-taxable","14":"purchasable","15":"product-type-simple"},"brands":[{"id":161,"name":"Biocos","slug":"biocos"}],"_links":{"self":[{"href":"https:\/\/axtarstore.com\/ru\/wp-json\/wp\/v2\/product\/7203"}],"collection":[{"href":"https:\/\/axtarstore.com\/ru\/wp-json\/wp\/v2\/product"}],"about":[{"href":"https:\/\/axtarstore.com\/ru\/wp-json\/wp\/v2\/types\/product"}],"replies":[{"embeddable":true,"href":"https:\/\/axtarstore.com\/ru\/wp-json\/wp\/v2\/comments?post=7203"}],"version-history":[{"count":1,"href":"https:\/\/axtarstore.com\/ru\/wp-json\/wp\/v2\/product\/7203\/revisions"}],"predecessor-version":[{"id":7207,"href":"https:\/\/axtarstore.com\/ru\/wp-json\/wp\/v2\/product\/7203\/revisions\/7207"}],"wp:featuredmedia":[{"embeddable":true,"href":"https:\/\/axtarstore.com\/ru\/wp-json\/wp\/v2\/media\/7204"}],"wp:attachment":[{"href":"https:\/\/axtarstore.com\/ru\/wp-json\/wp\/v2\/media?parent=7203"}],"wp:term":[{"taxonomy":"pwb-brand","embeddable":true,"href":"https:\/\/axtarstore.com\/ru\/wp-json\/wp\/v2\/pwb-brand?post=7203"},{"taxonomy":"product_cat","embeddable":true,"href":"https:\/\/axtarstore.com\/ru\/wp-json\/wp\/v2\/product_cat?post=7203"},{"taxonomy":"product_tag","embeddable":true,"href":"https:\/\/axtarstore.com\/ru\/wp-json\/wp\/v2\/product_tag?post=7203"}],"curies":[{"name":"wp","href":"https:\/\/api.w.org\/{rel}","templated":true}]}}