{"id":7058,"date":"2024-09-02T23:58:00","date_gmt":"2024-09-02T19:58:00","guid":{"rendered":"https:\/\/axtarstore.com\/?post_type=product&#038;p=7058"},"modified":"2024-09-02T23:58:00","modified_gmt":"2024-09-02T19:58:00","slug":"maca-power-karseell-hair-mask","status":"publish","type":"product","link":"https:\/\/axtarstore.com\/ru\/product\/maca-power-karseell-hair-mask\/","title":{"rendered":"Maca Power Karseell Hair Mask"},"content":{"rendered":"<p>\u041e\u043d \u043f\u0440\u0435\u0434\u043b\u0430\u0433\u0430\u0435\u0442 \u0440\u043e\u0441\u043a\u043e\u0448\u043d\u043e\u0435 \u0440\u0435\u0448\u0435\u043d\u0438\u0435, \u043f\u0440\u0435\u0434\u043d\u0430\u0437\u043d\u0430\u0447\u0435\u043d\u043d\u043e\u0435 \u0434\u043b\u044f \u043e\u0436\u0438\u0432\u043b\u0435\u043d\u0438\u044f \u0438 \u043f\u0438\u0442\u0430\u043d\u0438\u044f \u0432\u0430\u0448\u0438\u0445 \u0432\u043e\u043b\u043e\u0441 \u043e\u0442 \u043a\u043e\u0440\u043d\u0435\u0439 \u0434\u043e \u043a\u043e\u043d\u0447\u0438\u043a\u043e\u0432. \u041e\u0431\u043e\u0433\u0430\u0449\u0435\u043d\u043d\u0430\u044f \u043a\u043e\u043b\u043b\u0430\u0433\u0435\u043d\u043e\u043c, \u043e\u0441\u043d\u043e\u0432\u043d\u044b\u043c \u0431\u0435\u043b\u043a\u043e\u043c, \u043e\u0431\u0435\u0441\u043f\u0435\u0447\u0438\u0432\u0430\u044e\u0449\u0438\u043c \u0441\u0442\u0440\u0443\u043a\u0442\u0443\u0440\u0443 \u0438 \u0441\u0438\u043b\u0443 \u0432\u043e\u043b\u043e\u0441, \u044d\u0442\u0430 \u043c\u0430\u0441\u043a\u0430 \u043f\u0440\u0435\u0434\u0441\u0442\u0430\u0432\u043b\u044f\u0435\u0442 \u0441\u043e\u0431\u043e\u0439 \u0443\u043d\u0438\u043a\u0430\u043b\u044c\u043d\u0443\u044e \u0441\u043c\u0435\u0441\u044c \u0438\u043d\u0433\u0440\u0435\u0434\u0438\u0435\u043d\u0442\u043e\u0432 \u0434\u043b\u044f \u0437\u0434\u043e\u0440\u043e\u0432\u044b\u0445 \u0438 \u0431\u043b\u0435\u0441\u0442\u044f\u0449\u0438\u0445 \u0432\u043e\u043b\u043e\u0441.<\/p>\n<p>\u041a\u043b\u044e\u0447\u0435\u0432\u044b\u0435 \u043f\u0440\u0435\u0438\u043c\u0443\u0449\u0435\u0441\u0442\u0432\u0430:<\/p>\n<p>1. **\u0413\u043b\u0443\u0431\u043e\u043a\u043e\u0435 \u0443\u0432\u043b\u0430\u0436\u043d\u0435\u043d\u0438\u0435**: \u041a\u043e\u043b\u043b\u0430\u0433\u0435\u043d\u043e\u0432\u0430\u044f \u043c\u0430\u0441\u043a\u0430 \u0434\u043b\u044f \u0432\u043e\u043b\u043e\u0441 Karseell \u0433\u043b\u0443\u0431\u043e\u043a\u043e \u0443\u0432\u043b\u0430\u0436\u043d\u044f\u0435\u0442 \u0432\u043e\u043b\u043e\u0441\u044b, \u0443\u043c\u0435\u043d\u044c\u0448\u0430\u0435\u0442 \u0438\u0445 \u0441\u0443\u0445\u043e\u0441\u0442\u044c \u0438 \u043b\u043e\u043c\u043a\u043e\u0441\u0442\u044c. \u0423\u0432\u043b\u0430\u0436\u043d\u044f\u0435\u0442 \u043a\u0430\u0436\u0434\u0443\u044e \u043f\u0440\u044f\u0434\u044c \u0438 \u0434\u0435\u043b\u0430\u0435\u0442 \u0432\u043e\u043b\u043e\u0441\u044b \u043c\u044f\u0433\u043a\u0438\u043c\u0438 \u0438 \u043f\u0440\u044f\u043c\u044b\u043c\u0438.<\/p>\n<p>2. **\u0423\u043a\u0440\u0435\u043f\u043b\u044f\u0435\u0442 \u0432\u043e\u043b\u043e\u0441\u044b**: \u041a\u043e\u043b\u043b\u0430\u0433\u0435\u043d \u0443\u043c\u0435\u043d\u044c\u0448\u0430\u0435\u0442 \u0442\u043e\u043b\u0449\u0438\u043d\u0443 \u0432\u043e\u043b\u043e\u0441 \u0438 \u0443\u0441\u0442\u0440\u0430\u043d\u044f\u0435\u0442 \u0441\u0435\u043a\u0443\u0449\u0438\u0435\u0441\u044f \u043a\u043e\u043d\u0447\u0438\u043a\u0438. \u041f\u0440\u0430\u0432\u0438\u043b\u044c\u043d\u043e\u0435 \u0438\u0441\u043f\u043e\u043b\u044c\u0437\u043e\u0432\u0430\u043d\u0438\u0435 \u044d\u0442\u043e\u0439 \u043c\u0430\u0441\u043a\u0438 \u043f\u043e\u043c\u043e\u0433\u0430\u0435\u0442 \u043f\u0440\u0435\u0434\u043e\u0442\u0432\u0440\u0430\u0442\u0438\u0442\u044c \u043f\u043e\u0432\u0440\u0435\u0436\u0434\u0435\u043d\u0438\u0435, \u0443\u0432\u0435\u043b\u0438\u0447\u0438\u0432\u0430\u044f \u043e\u0431\u0449\u0443\u044e \u043f\u0440\u043e\u0447\u043d\u043e\u0441\u0442\u044c \u0432\u043e\u043b\u043e\u0441.<\/p>\n<p>3. **\u041f\u0440\u0438\u0434\u0430\u0435\u0442 \u0431\u043b\u0435\u0441\u043a**: \u043f\u043e\u043f\u0440\u043e\u0449\u0430\u0439\u0442\u0435\u0441\u044c \u0441 \u0432\u044c\u044e\u0449\u0438\u043c\u0438\u0441\u044f \u0438 \u0442\u0443\u0441\u043a\u043b\u044b\u043c\u0438 \u0432\u043e\u043b\u043e\u0441\u0430\u043c\u0438. \u041a\u043e\u043b\u043b\u0430\u0433\u0435\u043d\u043e\u0432\u0430\u044f \u043c\u0430\u0441\u043a\u0430 \u0434\u043b\u044f \u0432\u043e\u043b\u043e\u0441 Karseell \u0443\u0441\u0438\u043b\u0438\u0432\u0430\u0435\u0442 \u0435\u0441\u0442\u0435\u0441\u0442\u0432\u0435\u043d\u043d\u044b\u0439 \u0431\u043b\u0435\u0441\u043a \u0432\u0430\u0448\u0438\u0445 \u0432\u043e\u043b\u043e\u0441 \u0438 \u043f\u0440\u0438\u0434\u0430\u0435\u0442 \u0438\u043c \u0437\u0434\u043e\u0440\u043e\u0432\u044b\u0439 \u0438 \u0443\u043f\u0440\u0443\u0433\u0438\u0439 \u0432\u0438\u0434.<\/p>\n<p>4. **\u0423\u043b\u0443\u0447\u0448\u0430\u0435\u0442 \u044d\u043b\u0430\u0441\u0442\u0438\u0447\u043d\u043e\u0441\u0442\u044c**: \u041a\u043e\u043b\u043b\u0430\u0433\u0435\u043d \u043f\u043e\u0432\u044b\u0448\u0430\u0435\u0442 \u044d\u043b\u0430\u0441\u0442\u0438\u0447\u043d\u043e\u0441\u0442\u044c \u0432\u043e\u043b\u043e\u0441, \u0443\u043c\u0435\u043d\u044c\u0448\u0430\u044f \u0438\u0445 \u0441\u043a\u043b\u043e\u043d\u043d\u043e\u0441\u0442\u044c \u043a \u043b\u043e\u043c\u043a\u043e\u0441\u0442\u0438 \u0438 \u043f\u043e\u0432\u0440\u0435\u0436\u0434\u0435\u043d\u0438\u044e.<\/p>\n<p>5. **\u0421\u043f\u043e\u0441\u043e\u0431\u0441\u0442\u0432\u0443\u0435\u0442 \u0440\u043e\u0441\u0442\u0443 \u0432\u043e\u043b\u043e\u0441**: \u043f\u0438\u0442\u0430\u044f \u043a\u043e\u0436\u0443 \u0433\u043e\u043b\u043e\u0432\u044b \u0438 \u0432\u043e\u043b\u043e\u0441\u044f\u043d\u044b\u0435 \u0444\u043e\u043b\u043b\u0438\u043a\u0443\u043b\u044b, \u044d\u0442\u0430 \u043c\u0430\u0441\u043a\u0430 \u0441\u043f\u043e\u0441\u043e\u0431\u0441\u0442\u0432\u0443\u0435\u0442 \u0437\u0434\u043e\u0440\u043e\u0432\u043e\u043c\u0443 \u0440\u043e\u0441\u0442\u0443 \u0432\u043e\u043b\u043e\u0441. \u041e\u043d \u0441\u043e\u0437\u0434\u0430\u0435\u0442 \u0438\u0434\u0435\u0430\u043b\u044c\u043d\u0443\u044e \u0441\u0440\u0435\u0434\u0443 \u0434\u043b\u044f \u0440\u043e\u0441\u0442\u0430 \u043d\u043e\u0432\u044b\u0445 \u0432\u043e\u043b\u043e\u0441, \u0447\u0442\u043e \u0441\u043e \u0432\u0440\u0435\u043c\u0435\u043d\u0435\u043c \u043f\u0440\u0438\u0432\u043e\u0434\u0438\u0442 \u043a \u0442\u043e\u043c\u0443, \u0447\u0442\u043e \u0432\u043e\u043b\u043e\u0441\u044b \u0441\u0442\u0430\u043d\u043e\u0432\u044f\u0442\u0441\u044f \u0431\u043e\u043b\u0435\u0435 \u0433\u0443\u0441\u0442\u044b\u043c\u0438 \u0438 \u0433\u0443\u0441\u0442\u044b\u043c\u0438.<\/p>\n<p>\u041f\u0440\u0430\u0432\u0438\u043b\u0430 \u0438\u0441\u043f\u043e\u043b\u044c\u0437\u043e\u0432\u0430\u043d\u0438\u044f:<\/p>\n<p>1. \u0421\u043d\u0430\u0447\u0430\u043b\u0430 \u0432\u044b\u043c\u043e\u0439\u0442\u0435 \u0432\u043e\u043b\u043e\u0441\u044b \u043e\u0431\u044b\u0447\u043d\u044b\u043c \u0448\u0430\u043c\u043f\u0443\u043d\u0435\u043c, \u0430 \u0437\u0430\u0442\u0435\u043c \u0430\u043a\u043a\u0443\u0440\u0430\u0442\u043d\u043e \u0432\u044b\u0441\u0443\u0448\u0438\u0442\u0435 \u0438\u0445, \u0447\u0442\u043e\u0431\u044b \u0443\u0434\u0430\u043b\u0438\u0442\u044c \u043b\u0438\u0448\u043d\u044e\u044e \u0432\u043e\u0434\u0443.<\/p>\n<p>2. \u041e\u0431\u0438\u043b\u044c\u043d\u043e \u043d\u0430\u043d\u0435\u0441\u0438\u0442\u0435 \u043c\u0430\u0441\u043a\u0443 \u0434\u043b\u044f \u0432\u043e\u043b\u043e\u0441 Karseell Collagen \u043d\u0430 \u0441\u043b\u0435\u0433\u043a\u0430 \u0432\u043b\u0430\u0436\u043d\u044b\u0435 \u0432\u043e\u043b\u043e\u0441\u044b, \u043e\u0441\u043e\u0431\u0435\u043d\u043d\u043e \u043d\u0430 \u0441\u0440\u0435\u0434\u043d\u044e\u044e \u0447\u0430\u0441\u0442\u044c \u0438 \u043a\u043e\u043d\u0447\u0438\u043a\u0438.<\/p>\n<p>3. \u041e\u0441\u0442\u0430\u0432\u044c\u0442\u0435 \u043c\u0430\u0441\u043a\u0443 \u043d\u0430 5\u201310 \u043c\u0438\u043d\u0443\u0442, \u0447\u0442\u043e\u0431\u044b \u043e\u043d\u0430 \u043f\u0440\u043e\u043d\u0438\u043a\u043b\u0430 \u0432 \u0441\u0442\u0435\u0440\u0436\u0435\u043d\u044c \u0432\u043e\u043b\u043e\u0441\u0430 \u0438 \u043e\u043a\u0430\u0437\u0430\u043b\u0430 \u043f\u0438\u0442\u0430\u0442\u0435\u043b\u044c\u043d\u043e\u0435 \u0434\u0435\u0439\u0441\u0442\u0432\u0438\u0435.<\/p>\n<p>4. \u0421\u043c\u043e\u0439\u0442\u0435 \u0442\u0435\u043f\u043b\u043e\u0439 \u0432\u043e\u0434\u043e\u0439, \u0447\u0442\u043e\u0431\u044b \u043c\u0430\u0441\u043a\u0430 \u043f\u043e\u043b\u043d\u043e\u0441\u0442\u044c\u044e \u0441\u043c\u044b\u043b\u0430\u0441\u044c.<\/p>\n<p>5. \u0414\u043b\u044f \u0434\u043e\u0441\u0442\u0438\u0436\u0435\u043d\u0438\u044f \u043d\u0430\u0438\u043b\u0443\u0447\u0448\u0438\u0445 \u0440\u0435\u0437\u0443\u043b\u044c\u0442\u0430\u0442\u043e\u0432 \u0438\u0441\u043f\u043e\u043b\u044c\u0437\u0443\u0439\u0442\u0435 \u043c\u0430\u0441\u043a\u0443 1\u20132 \u0440\u0430\u0437\u0430 \u0432 \u043d\u0435\u0434\u0435\u043b\u044e.<\/p>\n<p>\u041f\u0440\u0435\u043e\u0431\u0440\u0430\u0437\u0438\u0442\u0435 \u0441\u0432\u043e\u0438 \u0432\u043e\u043b\u043e\u0441\u044b \u0441\u0438\u043b\u043e\u0439 \u043a\u043e\u043b\u043b\u0430\u0433\u0435\u043d\u0430 \u0438 \u043f\u043e\u0447\u0443\u0432\u0441\u0442\u0432\u0443\u0439\u0442\u0435 \u0440\u0430\u0437\u043d\u0438\u0446\u0443 \u0441 \u043a\u043e\u043b\u043b\u0430\u0433\u0435\u043d\u043e\u0432\u043e\u0439 \u043c\u0430\u0441\u043a\u043e\u0439 \u0434\u043b\u044f \u0432\u043e\u043b\u043e\u0441 Karseell. \u0421 \u043a\u0430\u0436\u0434\u044b\u043c \u043f\u0440\u0438\u043c\u0435\u043d\u0435\u043d\u0438\u0435\u043c \u0432\u043e\u043b\u043e\u0441\u044b \u0441\u0442\u0430\u043d\u043e\u0432\u044f\u0442\u0441\u044f \u0431\u043e\u043b\u0435\u0435 \u0441\u0438\u043b\u044c\u043d\u044b\u043c\u0438, \u0431\u043b\u0435\u0441\u0442\u044f\u0449\u0438\u043c\u0438 \u0438 \u0437\u0434\u043e\u0440\u043e\u0432\u044b\u043c\u0438.<\/p>","protected":false},"excerpt":{"rendered":"<p>K\u00f6kd\u0259n uca sa\u00e7lar\u0131n\u0131z\u0131 canland\u0131rmaq v\u0259 b\u0259sl\u0259m\u0259k \u00fc\u00e7\u00fcn haz\u0131rlanm\u0131\u015f l\u00fcks bir \u00e7\u00f6z\u00fcm\u00fc sunar. Sa\u00e7a yap\u0131 v\u0259 g\u00fcc t\u0259min ed\u0259n \u0259sas protein olan kollagen il\u0259 z\u0259nginl\u0259\u015fdirilmi\u015f olan bu maska, sa\u011fl\u0131ql\u0131, parlaq sa\u00e7lar \u00fc\u00e7\u00fcn b\u0259nz\u0259rsiz bir i\u00e7\u0259rik qar\u0131\u015f\u0131m\u0131 sunar. \u018fsas Faydalar: 1. **D\u0259rin N\u0259ml\u0259ndirm\u0259**: Karseell Kolajen Sa\u00e7 Maskesi sa\u00e7lar\u0131 d\u0259rin n\u0259ml\u0259ndirir, quruqlu\u011fu v\u0259 q\u0131r\u0131lan sa\u00e7lar\u0131 azald\u0131r. H\u0259r bir &hellip; <a href=\"https:\/\/axtarstore.com\/ru\/product\/maca-power-karseell-hair-mask\/\" class=\"more-link\">Continue reading <span class=\"screen-reader-text\">Maca Power Karseell Hair Mask<\/span><\/a><\/p>","protected":false},"featured_media":7059,"comment_status":"open","ping_status":"closed","template":"","meta":[],"pwb-brand":[252],"product_cat":[126,136],"product_tag":[],"class_list":{"0":"post-7058","1":"product","2":"type-product","3":"status-publish","4":"has-post-thumbnail","6":"pwb-brand-collagen","7":"product_cat-haircare","8":"product_cat-masks","9":"pa_size-500ml","12":"instock","13":"shipping-taxable","14":"purchasable","15":"product-type-simple"},"brands":[{"id":252,"name":"Collagen","slug":"collagen"}],"_links":{"self":[{"href":"https:\/\/axtarstore.com\/ru\/wp-json\/wp\/v2\/product\/7058"}],"collection":[{"href":"https:\/\/axtarstore.com\/ru\/wp-json\/wp\/v2\/product"}],"about":[{"href":"https:\/\/axtarstore.com\/ru\/wp-json\/wp\/v2\/types\/product"}],"replies":[{"embeddable":true,"href":"https:\/\/axtarstore.com\/ru\/wp-json\/wp\/v2\/comments?post=7058"}],"version-history":[{"count":1,"href":"https:\/\/axtarstore.com\/ru\/wp-json\/wp\/v2\/product\/7058\/revisions"}],"predecessor-version":[{"id":7060,"href":"https:\/\/axtarstore.com\/ru\/wp-json\/wp\/v2\/product\/7058\/revisions\/7060"}],"wp:featuredmedia":[{"embeddable":true,"href":"https:\/\/axtarstore.com\/ru\/wp-json\/wp\/v2\/media\/7059"}],"wp:attachment":[{"href":"https:\/\/axtarstore.com\/ru\/wp-json\/wp\/v2\/media?parent=7058"}],"wp:term":[{"taxonomy":"pwb-brand","embeddable":true,"href":"https:\/\/axtarstore.com\/ru\/wp-json\/wp\/v2\/pwb-brand?post=7058"},{"taxonomy":"product_cat","embeddable":true,"href":"https:\/\/axtarstore.com\/ru\/wp-json\/wp\/v2\/product_cat?post=7058"},{"taxonomy":"product_tag","embeddable":true,"href":"https:\/\/axtarstore.com\/ru\/wp-json\/wp\/v2\/product_tag?post=7058"}],"curies":[{"name":"wp","href":"https:\/\/api.w.org\/{rel}","templated":true}]}}