{"id":7052,"date":"2024-09-02T23:52:55","date_gmt":"2024-09-02T19:52:55","guid":{"rendered":"https:\/\/axtarstore.com\/?post_type=product&#038;p=7052"},"modified":"2024-09-02T23:52:55","modified_gmt":"2024-09-02T19:52:55","slug":"care-grow-strong-hairscalp-oil-treatment","status":"publish","type":"product","link":"https:\/\/axtarstore.com\/ru\/product\/care-grow-strong-hairscalp-oil-treatment\/","title":{"rendered":"Care Grow Strong Hair+Scalp Oil Treatment"},"content":{"rendered":"<p>\u041f\u043e\u0434\u0430\u0440\u0438\u0442\u0435 \u0441\u0432\u043e\u0438\u043c \u0432\u043e\u043b\u043e\u0441\u0430\u043c \u0441\u0438\u043b\u0443!<\/p>\n<p>\u0415\u0441\u043b\u0438 \u0432\u044b \u0445\u043e\u0442\u0438\u0442\u0435 \u0443\u043b\u0443\u0447\u0448\u0438\u0442\u044c \u0438 \u0443\u043a\u0440\u0435\u043f\u0438\u0442\u044c \u0437\u0434\u043e\u0440\u043e\u0432\u044c\u0435 \u0441\u0432\u043e\u0438\u0445 \u0432\u043e\u043b\u043e\u0441, \u0438\u0434\u0435\u0430\u043b\u044c\u043d\u044b\u043c \u0432\u044b\u0431\u043e\u0440\u043e\u043c \u0441\u0442\u0430\u043d\u0435\u0442 Urban Care Grow Strong Hair+Scalp Oil Treatment 240 \u043c\u043b. \u042d\u0442\u043e \u0438\u0434\u0435\u0430\u043b\u044c\u043d\u043e\u0435 \u043c\u0430\u0441\u043b\u043e \u0434\u043b\u044f \u0432\u043e\u043b\u043e\u0441 \u043f\u0438\u0442\u0430\u0435\u0442 \u0432\u0430\u0448\u0438 \u0432\u043e\u043b\u043e\u0441\u044b \u043e\u0442 \u043a\u043e\u0440\u043d\u0435\u0439 \u0434\u043e \u043a\u043e\u043d\u0447\u0438\u043a\u043e\u0432, \u043f\u0440\u0438\u0434\u0430\u0432\u0430\u044f \u0438\u043c \u0437\u0434\u043e\u0440\u043e\u0432\u044b\u0439 \u0438 \u044f\u0440\u043a\u0438\u0439 \u0432\u0438\u0434.<\/p>\n<p>\u041f\u043e\u0447\u0435\u043c\u0443 \u043c\u0430\u0441\u043b\u043e \u0434\u043b\u044f \u0432\u043e\u043b\u043e\u0441 Urban Care?<\/p>\n<ul>\n<li>\u0418\u043d\u0442\u0435\u043d\u0441\u0438\u0432\u043d\u043e\u0435 \u043f\u0438\u0442\u0430\u043d\u0438\u0435: \u043c\u0430\u0441\u043b\u043e \u0434\u043b\u044f \u0432\u043e\u043b\u043e\u0441 Urban Care \u0433\u043b\u0443\u0431\u043e\u043a\u043e \u043f\u0438\u0442\u0430\u0435\u0442 \u0438 \u0443\u043a\u0440\u0435\u043f\u043b\u044f\u0435\u0442 \u0432\u0430\u0448\u0438 \u0432\u043e\u043b\u043e\u0441\u044b \u0431\u043b\u0430\u0433\u043e\u0434\u0430\u0440\u044f \u0441\u0432\u043e\u0438\u043c \u0431\u043e\u0433\u0430\u0442\u044b\u043c \u0438\u043d\u0433\u0440\u0435\u0434\u0438\u0435\u043d\u0442\u0430\u043c. \u042d\u0442\u043e \u0434\u0435\u043b\u0430\u0435\u0442 \u043f\u0440\u044f\u0434\u0438 \u0432\u043e\u043b\u043e\u0441 \u0441\u0438\u043b\u044c\u043d\u0435\u0435, \u043d\u0430\u0447\u0438\u043d\u0430\u044f \u0441 \u043a\u043e\u0440\u043d\u0435\u0439.<br \/>\n\u2013 \u0413\u043b\u0443\u0431\u043e\u043a\u043e\u0435 \u0443\u0432\u043b\u0430\u0436\u043d\u0435\u043d\u0438\u0435: \u0438\u043d\u0442\u0435\u043d\u0441\u0438\u0432\u043d\u043e \u0443\u0432\u043b\u0430\u0436\u043d\u044f\u0435\u0442 \u0432\u043e\u043b\u043e\u0441\u044b \u0438 \u043a\u043e\u0436\u0443 \u0433\u043e\u043b\u043e\u0432\u044b, \u0443\u0441\u0442\u0440\u0430\u043d\u044f\u044f \u0438\u0445 \u0441\u0443\u0445\u043e\u0441\u0442\u044c \u0438 \u043f\u043e\u0432\u0440\u0435\u0436\u0434\u0435\u043d\u0438\u0435.<br \/>\n\u2013 \u0421\u0442\u0438\u043c\u0443\u043b\u044f\u0446\u0438\u044f \u0438 \u043e\u0436\u0438\u0432\u043b\u0435\u043d\u0438\u0435: \u043f\u043e\u0434\u0434\u0435\u0440\u0436\u0438\u0432\u0430\u0435\u0442 \u0431\u043e\u043b\u0435\u0435 \u0431\u044b\u0441\u0442\u0440\u044b\u0439 \u0438 \u0437\u0434\u043e\u0440\u043e\u0432\u044b\u0439 \u0440\u043e\u0441\u0442 \u0432\u043e\u043b\u043e\u0441 \u0437\u0430 \u0441\u0447\u0435\u0442 \u0430\u043a\u0442\u0438\u0432\u0430\u0446\u0438\u0438 \u0432\u043e\u043b\u043e\u0441\u044f\u043d\u044b\u0445 \u0444\u043e\u043b\u043b\u0438\u043a\u0443\u043b\u043e\u0432.<\/li>\n<\/ul>\n<p>\u041f\u0440\u0435\u0438\u043c\u0443\u0449\u0435\u0441\u0442\u0432\u0430:<\/p>\n<p>\u2013 \u0423\u043c\u0435\u043d\u044c\u0448\u0430\u0435\u0442 \u0432\u044b\u043f\u0430\u0434\u0435\u043d\u0438\u0435 \u0432\u043e\u043b\u043e\u0441: \u043f\u0440\u0435\u0434\u043e\u0442\u0432\u0440\u0430\u0449\u0430\u0435\u0442 \u0432\u044b\u043f\u0430\u0434\u0435\u043d\u0438\u0435 \u0432\u043e\u043b\u043e\u0441 \u0437\u0430 \u0441\u0447\u0435\u0442 \u0443\u043a\u0440\u0435\u043f\u043b\u0435\u043d\u0438\u044f \u043a\u043e\u0440\u043d\u0435\u0439 \u0432\u043e\u043b\u043e\u0441.<br \/>\n- \u0411\u043b\u0435\u0441\u0442\u044f\u0449\u0438\u0435 \u0438 \u043c\u044f\u0433\u043a\u0438\u0435 \u0432\u043e\u043b\u043e\u0441\u044b: \u043f\u0440\u0438\u0434\u0430\u0435\u0442 \u0431\u043b\u0435\u0441\u043a \u0438 \u043c\u044f\u0433\u043a\u043e\u0441\u0442\u044c \u0432\u0430\u0448\u0438\u043c \u0432\u043e\u043b\u043e\u0441\u0430\u043c, \u043f\u043e\u0434\u0447\u0435\u0440\u043a\u0438\u0432\u0430\u044f \u0438\u0445 \u0435\u0441\u0442\u0435\u0441\u0442\u0432\u0435\u043d\u043d\u0443\u044e \u043a\u0440\u0430\u0441\u043e\u0442\u0443.<br \/>\n\u2013 \u0417\u0434\u043e\u0440\u043e\u0432\u044c\u0435 \u043a\u043e\u0436\u0438 \u0433\u043e\u043b\u043e\u0432\u044b: \u043f\u0438\u0442\u0430\u0435\u0442 \u043a\u043e\u0436\u0443 \u0433\u043e\u043b\u043e\u0432\u044b, \u0441\u043e\u0445\u0440\u0430\u043d\u044f\u044f \u0435\u0435 \u0437\u0434\u043e\u0440\u043e\u0432\u043e\u0439 \u0438 \u0441\u0432\u0435\u0436\u0435\u0439.<\/p>\n<p>\u041f\u0440\u0430\u0432\u0438\u043b\u0430 \u0438\u0441\u043f\u043e\u043b\u044c\u0437\u043e\u0432\u0430\u043d\u0438\u044f:<\/p>\n<p>\u041d\u0430\u043d\u0435\u0441\u0438\u0442\u0435 \u043d\u0435\u0441\u043a\u043e\u043b\u044c\u043a\u043e \u043a\u0430\u043f\u0435\u043b\u044c \u043c\u0430\u0441\u043b\u0430 \u0434\u043b\u044f \u0432\u043e\u043b\u043e\u0441 \u043d\u0430 \u0447\u0438\u0441\u0442\u044b\u0435 \u0432\u043e\u043b\u043e\u0441\u044b \u0438 \u043a\u043e\u0436\u0443 \u0433\u043e\u043b\u043e\u0432\u044b. \u0412\u043c\u0430\u0441\u0441\u0438\u0440\u0443\u0439\u0442\u0435 \u0435\u0433\u043e \u0432 \u043a\u043e\u0436\u0443 \u0438 \u0432\u043e\u043b\u043e\u0441\u044b. \u041f\u043e\u0434\u043e\u0436\u0434\u0430\u0432 30 \u043c\u0438\u043d\u0443\u0442, \u0432\u044b\u043c\u043e\u0439\u0442\u0435 \u0432\u043e\u043b\u043e\u0441\u044b. \u0412\u044b \u043c\u043e\u0436\u0435\u0442\u0435 \u0438\u0441\u043f\u043e\u043b\u044c\u0437\u043e\u0432\u0430\u0442\u044c \u0435\u0433\u043e 2-3 \u0440\u0430\u0437\u0430 \u0432 \u043d\u0435\u0434\u0435\u043b\u044e \u0434\u043b\u044f \u0434\u043e\u0441\u0442\u0438\u0436\u0435\u043d\u0438\u044f \u0436\u0435\u043b\u0430\u0435\u043c\u044b\u0445 \u0440\u0435\u0437\u0443\u043b\u044c\u0442\u0430\u0442\u043e\u0432.<\/p>\n<p>\u041f\u0440\u0438\u0434\u0430\u0439\u0442\u0435 \u0441\u0438\u043b\u0443 \u0438 \u0437\u0434\u043e\u0440\u043e\u0432\u044c\u0435 \u0441\u0432\u043e\u0438\u043c \u0432\u043e\u043b\u043e\u0441\u0430\u043c \u0441 \u043f\u043e\u043c\u043e\u0449\u044c\u044e Urban Care Grow Strong Hair+Scalp Oil Treatment 240 \u043c\u043b. \u0413\u043b\u0443\u0431\u043e\u043a\u043e \u0437\u0430\u0431\u043e\u0442\u044c\u0442\u0435\u0441\u044c \u043e \u0441\u0432\u043e\u0438\u0445 \u0432\u043e\u043b\u043e\u0441\u0430\u0445 \u0438 \u043f\u043e\u0434\u0447\u0435\u0440\u043a\u043d\u0438\u0442\u0435 \u0438\u0445 \u043a\u0440\u0430\u0441\u043e\u0442\u0443! \u0423\u0445\u0430\u0436\u0438\u0432\u0430\u0439\u0442\u0435 \u0437\u0430 \u0441\u0432\u043e\u0438\u043c\u0438 \u0432\u043e\u043b\u043e\u0441\u0430\u043c\u0438 \u043b\u0443\u0447\u0448\u0435 \u0441 \u043f\u043e\u043c\u043e\u0449\u044c\u044e Urban Care \u0438 \u043d\u0430\u0441\u043b\u0430\u0436\u0434\u0430\u0439\u0442\u0435\u0441\u044c \u0441\u0438\u044f\u044e\u0449\u0438\u043c \u0432\u0438\u0434\u043e\u043c \u043a\u0430\u0436\u0434\u044b\u0439 \u0434\u0435\u043d\u044c.<\/p>","protected":false},"excerpt":{"rendered":"<p>Sa\u00e7\u0131n\u0131za G\u00fcc Qat\u0131n! Sa\u00e7lar\u0131n\u0131z\u0131n sa\u011flaml\u0131\u011f\u0131n\u0131 art\u0131rmaq v\u0259 g\u00fccl\u0259ndirm\u0259k ist\u0259yirsinizs\u0259, Urban Care Grow Strong Hair+Scalp Oil Treatment 240 ml ideal se\u00e7imdir. Bu m\u00fck\u0259mm\u0259l sa\u00e7 ya\u011f\u0131, sa\u00e7lar\u0131n\u0131z\u0131 k\u00f6k\u00fcnd\u0259n uca q\u0259d\u0259r qidaland\u0131raraq onlara sa\u011flam v\u0259 canl\u0131 bir g\u00f6r\u00fcn\u00fc\u015f b\u0259x\u015f edir. Niy\u0259 Urban Care Sa\u00e7 Ya\u011f\u0131? G\u00fccl\u00fc Qidaland\u0131rma: Urban Care sa\u00e7 ya\u011f\u0131 z\u0259ngin t\u0259rkib hiss\u0259l\u0259ri il\u0259 sa\u00e7lar\u0131n\u0131z\u0131 d\u0259rind\u0259n qidaland\u0131r\u0131r &hellip; <a href=\"https:\/\/axtarstore.com\/ru\/product\/care-grow-strong-hairscalp-oil-treatment\/\" class=\"more-link\">Continue reading <span class=\"screen-reader-text\">Care Grow Strong Hair+Scalp Oil Treatment<\/span><\/a><\/p>","protected":false},"featured_media":7053,"comment_status":"open","ping_status":"closed","template":"","meta":[],"pwb-brand":[187],"product_cat":[126,135],"product_tag":[],"class_list":{"0":"post-7052","1":"product","2":"type-product","3":"status-publish","4":"has-post-thumbnail","6":"pwb-brand-urban","7":"product_cat-haircare","8":"product_cat-oil","9":"pa_size-240ml","12":"instock","13":"shipping-taxable","14":"purchasable","15":"product-type-simple"},"brands":[{"id":187,"name":"Urban","slug":"urban"}],"_links":{"self":[{"href":"https:\/\/axtarstore.com\/ru\/wp-json\/wp\/v2\/product\/7052"}],"collection":[{"href":"https:\/\/axtarstore.com\/ru\/wp-json\/wp\/v2\/product"}],"about":[{"href":"https:\/\/axtarstore.com\/ru\/wp-json\/wp\/v2\/types\/product"}],"replies":[{"embeddable":true,"href":"https:\/\/axtarstore.com\/ru\/wp-json\/wp\/v2\/comments?post=7052"}],"version-history":[{"count":1,"href":"https:\/\/axtarstore.com\/ru\/wp-json\/wp\/v2\/product\/7052\/revisions"}],"predecessor-version":[{"id":7054,"href":"https:\/\/axtarstore.com\/ru\/wp-json\/wp\/v2\/product\/7052\/revisions\/7054"}],"wp:featuredmedia":[{"embeddable":true,"href":"https:\/\/axtarstore.com\/ru\/wp-json\/wp\/v2\/media\/7053"}],"wp:attachment":[{"href":"https:\/\/axtarstore.com\/ru\/wp-json\/wp\/v2\/media?parent=7052"}],"wp:term":[{"taxonomy":"pwb-brand","embeddable":true,"href":"https:\/\/axtarstore.com\/ru\/wp-json\/wp\/v2\/pwb-brand?post=7052"},{"taxonomy":"product_cat","embeddable":true,"href":"https:\/\/axtarstore.com\/ru\/wp-json\/wp\/v2\/product_cat?post=7052"},{"taxonomy":"product_tag","embeddable":true,"href":"https:\/\/axtarstore.com\/ru\/wp-json\/wp\/v2\/product_tag?post=7052"}],"curies":[{"name":"wp","href":"https:\/\/api.w.org\/{rel}","templated":true}]}}