{"id":7040,"date":"2024-09-02T22:45:18","date_gmt":"2024-09-02T18:45:18","guid":{"rendered":"https:\/\/axtarstore.com\/?post_type=product&#038;p=7040"},"modified":"2024-09-02T22:45:18","modified_gmt":"2024-09-02T18:45:18","slug":"gunes-kremi-50-spf","status":"publish","type":"product","link":"https:\/\/axtarstore.com\/ru\/product\/gunes-kremi-50-spf\/","title":{"rendered":"G\u00fcne\u015f Kremi 50+ SPF"},"content":{"rendered":"<p>\u0421\u043e\u043b\u043d\u0446\u0435\u0437\u0430\u0449\u0438\u0442\u043d\u044b\u0439 \u043a\u0440\u0435\u043c Agarta \u0434\u0435\u0439\u0441\u0442\u0432\u0443\u0435\u0442 \u043a\u0430\u043a \u0431\u0430\u0440\u044c\u0435\u0440 \u043d\u0430 \u043a\u043e\u0436\u0435 \u0431\u043b\u0430\u0433\u043e\u0434\u0430\u0440\u044f \u0447\u0438\u0441\u0442\u044b\u043c \u043c\u0430\u0441\u043b\u0430\u043c \u0438 \u043d\u0430\u0442\u0443\u0440\u0430\u043b\u044c\u043d\u044b\u043c \u0444\u0438\u043b\u044c\u0442\u0440\u0430\u043c UV-A, UV-B, \u0430 \u0441\u043e\u043b\u043d\u0435\u0447\u043d\u044b\u0435 \u043b\u0443\u0447\u0438 \u043e\u0442\u0440\u0430\u0436\u0430\u044e\u0442\u0441\u044f \u043e\u0442 \u043f\u043e\u0432\u0435\u0440\u0445\u043d\u043e\u0441\u0442\u0438 \u043a\u043e\u0436\u0438. \u0422\u0430\u043a\u0438\u043c \u043e\u0431\u0440\u0430\u0437\u043e\u043c, \u043e\u043d \u043f\u043e\u043c\u043e\u0433\u0430\u0435\u0442 \u0437\u0430\u0449\u0438\u0442\u0438\u0442\u044c \u043a\u043e\u0436\u0443 \u043e\u0442 \u0432\u0440\u0435\u0434\u043d\u043e\u0433\u043e \u0438 \u0440\u0430\u0437\u0440\u0443\u0448\u0438\u0442\u0435\u043b\u044c\u043d\u043e\u0433\u043e \u0432\u043e\u0437\u0434\u0435\u0439\u0441\u0442\u0432\u0438\u044f \u0441\u043e\u043b\u043d\u0446\u0430. \u041e\u043d \u043d\u0435 \u043e\u0441\u0442\u0430\u0432\u043b\u044f\u0435\u0442 \u043e\u0449\u0443\u0449\u0435\u043d\u0438\u044f \u0436\u0438\u0440\u043d\u043e\u0441\u0442\u0438 \u0431\u043b\u0430\u0433\u043e\u0434\u0430\u0440\u044f \u043e\u0441\u0432\u0435\u0436\u0430\u044e\u0449\u0435\u043c\u0443 \u043f\u0440\u0438\u044f\u0442\u043d\u043e\u043c\u0443 \u0437\u0430\u043f\u0430\u0445\u0443. \u041e\u043d \u0442\u0430\u043a\u0436\u0435 \u043f\u043e\u0434\u0445\u043e\u0434\u0438\u0442 \u0434\u043b\u044f \u0434\u0435\u0442\u0435\u0439, \u0438 \u0432\u044b \u043c\u043e\u0436\u0435\u0442\u0435 \u0431\u0435\u0437\u043e\u043f\u0430\u0441\u043d\u043e \u0435\u0433\u043e \u0438\u0441\u043f\u043e\u043b\u044c\u0437\u043e\u0432\u0430\u0442\u044c.<\/p>\n<p>. \u042d\u0442\u043e \u0435\u0441\u0442\u0435\u0441\u0442\u0432\u0435\u043d\u043d\u043e.<\/p>\n<p>. \u041d\u0435 \u0441\u043e\u0434\u0435\u0440\u0436\u0438\u0442 \u043f\u0430\u0440\u0430\u0444\u0438\u043d\u0430.<\/p>\n<p>. \u0411\u0435\u0437 \u043f\u0430\u0440\u0430\u0431\u0435\u043d\u043e\u0432.<\/p>","protected":false},"excerpt":{"rendered":"<p>Agarta G\u00fcn\u0259\u015f Kremi saf ya\u011flar v\u0259 t\u0259rkibind\u0259 olan t\u0259bii UV-A, UV-B filtrl\u0259ri il\u0259 d\u0259rid\u0259 bir mane\u0259 rolunu oynay\u0131r v\u0259 g\u00fcn\u0259\u015f \u015f\u00fcalar\u0131 d\u0259ri s\u0259thind\u0259n geri \u0259ks olunur. Bel\u0259likl\u0259, d\u0259rini g\u00fcn\u0259\u015fin z\u0259r\u0259rli v\u0259 da\u011f\u0131d\u0131c\u0131 t\u0259sirl\u0259rind\u0259n qoruma\u011fa k\u00f6m\u0259k edir. T\u0259rav\u0259tl\u0259ndirici xo\u015f qoxusu il\u0259 ya\u011fl\u0131l\u0131q hissi vermir. U\u015faqlar \u00fc\u00e7\u00fcn d\u0259 uy\u011fundur v\u0259 t\u0259hl\u00fck\u0259siz istifad\u0259 ed\u0259 bil\u0259rsiniz. . T\u0259biidir. . &hellip; <a href=\"https:\/\/axtarstore.com\/ru\/product\/gunes-kremi-50-spf\/\" class=\"more-link\">Continue reading <span class=\"screen-reader-text\">G\u00fcne\u015f Kremi 50+ SPF<\/span><\/a><\/p>","protected":false},"featured_media":7041,"comment_status":"open","ping_status":"closed","template":"","meta":[],"pwb-brand":[264],"product_cat":[151,127],"product_tag":[],"class_list":{"0":"post-7040","1":"product","2":"type-product","3":"status-publish","4":"has-post-thumbnail","6":"pwb-brand-agarta","7":"product_cat-sun-block-cream","8":"product_cat-face-care","9":"pa_size-100ml","12":"instock","13":"shipping-taxable","14":"purchasable","15":"product-type-simple"},"brands":[{"id":264,"name":"Agarta","slug":"agarta"}],"_links":{"self":[{"href":"https:\/\/axtarstore.com\/ru\/wp-json\/wp\/v2\/product\/7040"}],"collection":[{"href":"https:\/\/axtarstore.com\/ru\/wp-json\/wp\/v2\/product"}],"about":[{"href":"https:\/\/axtarstore.com\/ru\/wp-json\/wp\/v2\/types\/product"}],"replies":[{"embeddable":true,"href":"https:\/\/axtarstore.com\/ru\/wp-json\/wp\/v2\/comments?post=7040"}],"version-history":[{"count":1,"href":"https:\/\/axtarstore.com\/ru\/wp-json\/wp\/v2\/product\/7040\/revisions"}],"predecessor-version":[{"id":7042,"href":"https:\/\/axtarstore.com\/ru\/wp-json\/wp\/v2\/product\/7040\/revisions\/7042"}],"wp:featuredmedia":[{"embeddable":true,"href":"https:\/\/axtarstore.com\/ru\/wp-json\/wp\/v2\/media\/7041"}],"wp:attachment":[{"href":"https:\/\/axtarstore.com\/ru\/wp-json\/wp\/v2\/media?parent=7040"}],"wp:term":[{"taxonomy":"pwb-brand","embeddable":true,"href":"https:\/\/axtarstore.com\/ru\/wp-json\/wp\/v2\/pwb-brand?post=7040"},{"taxonomy":"product_cat","embeddable":true,"href":"https:\/\/axtarstore.com\/ru\/wp-json\/wp\/v2\/product_cat?post=7040"},{"taxonomy":"product_tag","embeddable":true,"href":"https:\/\/axtarstore.com\/ru\/wp-json\/wp\/v2\/product_tag?post=7040"}],"curies":[{"name":"wp","href":"https:\/\/api.w.org\/{rel}","templated":true}]}}