{"id":7037,"date":"2024-09-02T22:41:15","date_gmt":"2024-09-02T18:41:15","guid":{"rendered":"https:\/\/axtarstore.com\/?post_type=product&#038;p=7037"},"modified":"2024-09-02T22:41:15","modified_gmt":"2024-09-02T18:41:15","slug":"wokali-donkey-milk-foaming-face-wash","status":"publish","type":"product","link":"https:\/\/axtarstore.com\/ru\/product\/wokali-donkey-milk-foaming-face-wash\/","title":{"rendered":"Wokali Donkey Milk Foaming Face Wash"},"content":{"rendered":"<p>\u041f\u0435\u043d\u043a\u0430 \u0434\u043b\u044f \u0443\u043c\u044b\u0432\u0430\u043d\u0438\u044f \u043b\u0438\u0446\u0430 \u0420\u0430\u0441\u043a\u0440\u043e\u0439\u0442\u0435 \u0441\u0435\u043a\u0440\u0435\u0442 \u0441\u0438\u044f\u044e\u0449\u0435\u0439 \u0438 \u043c\u043e\u043b\u043e\u0434\u043e\u0439 \u043a\u043e\u0436\u0438 \u0441 \u043f\u0435\u043d\u043a\u043e\u0439 \u0434\u043b\u044f \u0443\u043c\u044b\u0432\u0430\u043d\u0438\u044f \u043b\u0438\u0446\u0430 Wokali Donkey Milk! \u042d\u0442\u0430 \u0440\u043e\u0441\u043a\u043e\u0448\u043d\u0430\u044f \u0444\u043e\u0440\u043c\u0443\u043b\u0430 \u043e\u0431\u044a\u0435\u043c\u043e\u043c 150 \u043c\u043b \u0441\u043e\u0447\u0435\u0442\u0430\u0435\u0442 \u0432 \u0441\u0435\u0431\u0435 \u043f\u0438\u0442\u0430\u0442\u0435\u043b\u044c\u043d\u0443\u044e \u0441\u0438\u043b\u0443 \u043e\u0441\u043b\u0438\u043d\u043e\u0433\u043e \u043c\u043e\u043b\u043e\u043a\u0430 \u0441 \u043d\u0435\u0436\u043d\u044b\u043c \u043f\u0435\u043d\u043e\u043e\u0431\u0440\u0430\u0437\u0443\u044e\u0449\u0438\u043c \u0434\u0435\u0439\u0441\u0442\u0432\u0438\u0435\u043c, \u043f\u0440\u0438\u0434\u0430\u0432\u0430\u044f \u0432\u0430\u0448\u0435\u0439 \u043a\u043e\u0436\u0435 \u043e\u0449\u0443\u0449\u0435\u043d\u0438\u0435 \u0441\u0432\u0435\u0436\u0435\u0441\u0442\u0438, \u043e\u043c\u043e\u043b\u043e\u0436\u0435\u043d\u0438\u044f \u0438 \u0443\u043b\u044c\u0442\u0440\u0430\u043c\u044f\u0433\u043a\u043e\u0441\u0442\u0438. \u041f\u043e\u043f\u0440\u043e\u0449\u0430\u0439\u0442\u0435\u0441\u044c \u0441 \u0442\u0443\u0441\u043a\u043b\u043e\u0441\u0442\u044c\u044e \u0438 \u043f\u043e\u043f\u0440\u0438\u0432\u0435\u0442\u0441\u0442\u0432\u0443\u0439\u0442\u0435 \u0441\u0438\u044f\u044e\u0449\u0443\u044e \u043a\u043e\u0436\u0443 \u043f\u0440\u0438 \u043a\u0430\u0436\u0434\u043e\u043c \u043c\u044b\u0442\u044c\u0435. \u041f\u043e\u043f\u0440\u043e\u0431\u0443\u0439\u0442\u0435 \u0441\u0435\u0433\u043e\u0434\u043d\u044f \u0438 \u043e\u0449\u0443\u0442\u0438\u0442\u0435 \u043f\u0440\u0435\u043e\u0431\u0440\u0430\u0436\u0430\u044e\u0449\u0443\u044e \u0441\u0438\u043b\u0443 \u043f\u0435\u043d\u044f\u0449\u0435\u0433\u043e\u0441\u044f \u0441\u0440\u0435\u0434\u0441\u0442\u0432\u0430 \u0434\u043b\u044f \u0443\u043c\u044b\u0432\u0430\u043d\u0438\u044f \u043b\u0438\u0446\u0430 Wokali Donkey Milk!<\/p>","protected":false},"excerpt":{"rendered":"<p>\u00dcz Yuma K\u00f6p\u00fcy\u00fc Wokali E\u015f\u015f\u0259k S\u00fcd\u00fc K\u00f6p\u00fckl\u00fc \u00dcz Yuma il\u0259 parlaq, g\u0259nc d\u0259rinin sirrini a\u00e7\u0131n! Bu d\u0259bd\u0259b\u0259li 150 ml formula e\u015f\u015f\u0259k s\u00fcd\u00fcn\u00fcn qidaland\u0131r\u0131c\u0131 g\u00fcc\u00fcn\u00fc z\u0259rif k\u00f6p\u00fckl\u0259ndirici h\u0259r\u0259k\u0259tl\u0259 birl\u0259\u015fdir\u0259r\u0259k d\u0259rinizd\u0259 t\u0259rav\u0259tli, cavanla\u015fm\u0131\u015f v\u0259 \u00e7ox yum\u015faq hiss edir. H\u0259r yuma il\u0259 sol\u011funluqla vidala\u015f\u0131n v\u0259 parlaq d\u0259riy\u0259 salam deyin. Bu g\u00fcn s\u0131nay\u0131n v\u0259 \u00dcz Yuma K\u00f6p\u00fcy\u00fc Wokali E\u015f\u015f\u0259k &hellip; <a href=\"https:\/\/axtarstore.com\/ru\/product\/wokali-donkey-milk-foaming-face-wash\/\" class=\"more-link\">Continue reading <span class=\"screen-reader-text\">Wokali Donkey Milk Foaming Face Wash<\/span><\/a><\/p>","protected":false},"featured_media":7038,"comment_status":"open","ping_status":"closed","template":"","meta":[],"pwb-brand":[263],"product_cat":[127,147],"product_tag":[],"class_list":{"0":"post-7037","1":"product","2":"type-product","3":"status-publish","4":"has-post-thumbnail","6":"pwb-brand-wokali","7":"product_cat-face-care","8":"product_cat-face-wash","9":"pa_size-150ml","12":"instock","13":"shipping-taxable","14":"purchasable","15":"product-type-simple"},"brands":[{"id":263,"name":"Wokali","slug":"wokali"}],"_links":{"self":[{"href":"https:\/\/axtarstore.com\/ru\/wp-json\/wp\/v2\/product\/7037"}],"collection":[{"href":"https:\/\/axtarstore.com\/ru\/wp-json\/wp\/v2\/product"}],"about":[{"href":"https:\/\/axtarstore.com\/ru\/wp-json\/wp\/v2\/types\/product"}],"replies":[{"embeddable":true,"href":"https:\/\/axtarstore.com\/ru\/wp-json\/wp\/v2\/comments?post=7037"}],"version-history":[{"count":1,"href":"https:\/\/axtarstore.com\/ru\/wp-json\/wp\/v2\/product\/7037\/revisions"}],"predecessor-version":[{"id":7039,"href":"https:\/\/axtarstore.com\/ru\/wp-json\/wp\/v2\/product\/7037\/revisions\/7039"}],"wp:featuredmedia":[{"embeddable":true,"href":"https:\/\/axtarstore.com\/ru\/wp-json\/wp\/v2\/media\/7038"}],"wp:attachment":[{"href":"https:\/\/axtarstore.com\/ru\/wp-json\/wp\/v2\/media?parent=7037"}],"wp:term":[{"taxonomy":"pwb-brand","embeddable":true,"href":"https:\/\/axtarstore.com\/ru\/wp-json\/wp\/v2\/pwb-brand?post=7037"},{"taxonomy":"product_cat","embeddable":true,"href":"https:\/\/axtarstore.com\/ru\/wp-json\/wp\/v2\/product_cat?post=7037"},{"taxonomy":"product_tag","embeddable":true,"href":"https:\/\/axtarstore.com\/ru\/wp-json\/wp\/v2\/product_tag?post=7037"}],"curies":[{"name":"wp","href":"https:\/\/api.w.org\/{rel}","templated":true}]}}