{"id":7016,"date":"2024-09-02T22:11:32","date_gmt":"2024-09-02T18:11:32","guid":{"rendered":"https:\/\/axtarstore.com\/?post_type=product&#038;p=7016"},"modified":"2024-09-02T22:11:32","modified_gmt":"2024-09-02T18:11:32","slug":"beard-nourishing-oil","status":"publish","type":"product","link":"https:\/\/axtarstore.com\/ru\/product\/beard-nourishing-oil\/","title":{"rendered":"Beard Nourishing Oil"},"content":{"rendered":"<p>Beard Nourishing Oil \u2014 \u044d\u0442\u043e \u0443\u043b\u044c\u0442\u0440\u0430\u0443\u0432\u043b\u0430\u0436\u043d\u044f\u044e\u0449\u0435\u0435 \u043c\u0430\u0441\u043b\u043e \u0434\u043b\u044f \u0431\u043e\u0440\u043e\u0434\u044b, \u0432 \u0441\u043e\u0441\u0442\u0430\u0432 \u043a\u043e\u0442\u043e\u0440\u043e\u0433\u043e \u0432\u0445\u043e\u0434\u0438\u0442 \u0441\u043c\u0435\u0441\u044c \u043d\u0430\u0442\u0443\u0440\u0430\u043b\u044c\u043d\u044b\u0445 \u044d\u0444\u0438\u0440\u043d\u044b\u0445 \u043c\u0430\u0441\u0435\u043b, \u043a\u043e\u0442\u043e\u0440\u044b\u0435 \u043a\u043e\u043d\u0434\u0438\u0446\u0438\u043e\u043d\u0438\u0440\u0443\u044e\u0442 \u0431\u043e\u0440\u043e\u0434\u0443 \u0438 \u043f\u0438\u0442\u0430\u044e\u0442 \u043a\u043e\u0436\u0443 \u043f\u043e\u0434 \u043d\u0435\u0439.<\/p>\n<p>\u041c\u0430\u0441\u043b\u043e \u0447\u0430\u0439\u043d\u043e\u0433\u043e \u0434\u0435\u0440\u0435\u0432\u0430 \u0443\u043c\u0435\u043d\u044c\u0448\u0430\u0435\u0442 \u0437\u0443\u0434, \u0430 \u043c\u0430\u0441\u043b\u043e \u043f\u0435\u0440\u0435\u0447\u043d\u043e\u0439 \u043c\u044f\u0442\u044b \u043f\u0440\u0438\u0434\u0430\u0435\u0442 \u0441\u0432\u0435\u0436\u0438\u0439 \u0430\u0440\u043e\u043c\u0430\u0442.<\/p>\n<p>\u2022 \u041a\u043e\u043d\u0434\u0438\u0446\u0438\u043e\u043d\u0438\u0440\u0443\u0435\u0442, \u043f\u0438\u0442\u0430\u0435\u0442 \u0438 \u0443\u0432\u043b\u0430\u0436\u043d\u044f\u0435\u0442. \u2022 \u0423\u043c\u0435\u043d\u044c\u0448\u0430\u0435\u0442 \u0437\u0443\u0434, \u0441\u043f\u0443\u0442\u044b\u0432\u0430\u043d\u0438\u0435 \u0438 \u0448\u0435\u043b\u0443\u0448\u0435\u043d\u0438\u0435 \u0431\u043e\u0440\u043e\u0434\u044b.<\/p>\n<p>\u2022 \u041e\u0441\u0432\u0435\u0436\u0430\u044e\u0449\u0438\u0439 \u0430\u0440\u043e\u043c\u0430\u0442\u0438\u0437\u0430\u0442\u043e\u0440 \u0438 \u0431\u0435\u0437 \u043f\u0430\u0440\u0430\u0431\u0435\u043d\u043e\u0432. \u041f\u043e\u043b\u0443\u0447\u0438\u0442\u0435 \u0437\u0434\u043e\u0440\u043e\u0432\u0443\u044e \u0431\u043e\u0440\u043e\u0434\u0443 \u0431\u0435\u0437 \u0437\u0443\u0434\u0430 \u0438 \u0448\u0435\u043b\u0443\u0448\u0435\u043d\u0438\u044f \u043a\u043e\u0436\u0438 \u043f\u043e\u0434 \u043d\u0435\u0439.<\/p>\n<p>\u0421\u043f\u043e\u0441\u043e\u0431 \u043f\u0440\u0438\u043c\u0435\u043d\u0435\u043d\u0438\u044f: \u0432\u043e\u0437\u044c\u043c\u0438\u0442\u0435 \u0432 \u0440\u0443\u043a\u0438 \u043f\u0430\u0440\u0443 \u043a\u0430\u043f\u0435\u043b\u044c \u043c\u0430\u0441\u043b\u0430 \u0434\u043b\u044f \u0431\u043e\u0440\u043e\u0434\u044b \u0438 \u043c\u0430\u0441\u0441\u0438\u0440\u0443\u0439\u0442\u0435 \u0435\u0433\u043e \u043c\u0430\u0441\u0441\u0438\u0440\u0443\u044e\u0449\u0438\u043c\u0438 \u0434\u0432\u0438\u0436\u0435\u043d\u0438\u044f\u043c\u0438 \u043f\u043e \u0431\u043e\u0440\u043e\u0434\u0435.<\/p>","protected":false},"excerpt":{"rendered":"<p>Saqqal Qidaland\u0131r\u0131c\u0131 Ya\u011f, saqqal\u0131 yax\u015f\u0131la\u015fd\u0131rmaq v\u0259 alt\u0131ndak\u0131 d\u0259rini qidaland\u0131rmaq \u00fc\u00e7\u00fcn t\u0259bii efir ya\u011flar\u0131n\u0131n qar\u0131\u015f\u0131\u011f\u0131 il\u0259 haz\u0131rlanm\u0131\u015f ultra n\u0259ml\u0259ndirici saqqal ya\u011f\u0131d\u0131r. \u00c7ay a\u011fac\u0131 ya\u011f\u0131 qa\u015f\u0131nman\u0131 azald\u0131r v\u0259 nan\u0259 ya\u011f\u0131 t\u0259rav\u0259tli qoxu verir. \u2022 \u015e\u0259rait verir, qidaland\u0131r\u0131r v\u0259 n\u0259ml\u0259ndirir \u2022 Saqqal qa\u015f\u0131nmas\u0131n\u0131, dola\u015f\u0131ql\u0131\u011f\u0131n\u0131 v\u0259 qab\u0131ql\u0131 d\u0259rini azald\u0131r \u2022 T\u0259rav\u0259tl\u0259ndirici \u018ftir v\u0259 Parabensiz Sa\u011flam g\u00f6r\u00fcn\u0259n saqqal \u0259ld\u0259 edin, &hellip; <a href=\"https:\/\/axtarstore.com\/ru\/product\/beard-nourishing-oil\/\" class=\"more-link\">Continue reading <span class=\"screen-reader-text\">Beard Nourishing Oil<\/span><\/a><\/p>","protected":false},"featured_media":7017,"comment_status":"open","ping_status":"closed","template":"","meta":[],"pwb-brand":[165],"product_cat":[132,224],"product_tag":[],"class_list":{"0":"post-7016","1":"product","2":"type-product","3":"status-publish","4":"has-post-thumbnail","6":"pwb-brand-hemani","7":"product_cat-kisi-baxim","8":"product_cat-saqqal-yagi","9":"pa_size-30ml","12":"instock","13":"shipping-taxable","14":"purchasable","15":"product-type-simple"},"brands":[{"id":165,"name":"Hemani","slug":"hemani"}],"_links":{"self":[{"href":"https:\/\/axtarstore.com\/ru\/wp-json\/wp\/v2\/product\/7016"}],"collection":[{"href":"https:\/\/axtarstore.com\/ru\/wp-json\/wp\/v2\/product"}],"about":[{"href":"https:\/\/axtarstore.com\/ru\/wp-json\/wp\/v2\/types\/product"}],"replies":[{"embeddable":true,"href":"https:\/\/axtarstore.com\/ru\/wp-json\/wp\/v2\/comments?post=7016"}],"version-history":[{"count":1,"href":"https:\/\/axtarstore.com\/ru\/wp-json\/wp\/v2\/product\/7016\/revisions"}],"predecessor-version":[{"id":7018,"href":"https:\/\/axtarstore.com\/ru\/wp-json\/wp\/v2\/product\/7016\/revisions\/7018"}],"wp:featuredmedia":[{"embeddable":true,"href":"https:\/\/axtarstore.com\/ru\/wp-json\/wp\/v2\/media\/7017"}],"wp:attachment":[{"href":"https:\/\/axtarstore.com\/ru\/wp-json\/wp\/v2\/media?parent=7016"}],"wp:term":[{"taxonomy":"pwb-brand","embeddable":true,"href":"https:\/\/axtarstore.com\/ru\/wp-json\/wp\/v2\/pwb-brand?post=7016"},{"taxonomy":"product_cat","embeddable":true,"href":"https:\/\/axtarstore.com\/ru\/wp-json\/wp\/v2\/product_cat?post=7016"},{"taxonomy":"product_tag","embeddable":true,"href":"https:\/\/axtarstore.com\/ru\/wp-json\/wp\/v2\/product_tag?post=7016"}],"curies":[{"name":"wp","href":"https:\/\/api.w.org\/{rel}","templated":true}]}}