{"id":7010,"date":"2024-09-02T21:59:47","date_gmt":"2024-09-02T17:59:47","guid":{"rendered":"https:\/\/axtarstore.com\/?post_type=product&#038;p=7010"},"modified":"2026-02-06T22:24:17","modified_gmt":"2026-02-06T18:24:17","slug":"anti-aging-eye-serum","status":"publish","type":"product","link":"https:\/\/axtarstore.com\/ru\/product\/anti-aging-eye-serum\/","title":{"rendered":"Anti-Aging Eye Serum"},"content":{"rendered":"<div>-\u041f\u043e\u043c\u043e\u0433\u0430\u0435\u0442 \u0432\u043e\u0441\u0441\u0442\u0430\u043d\u043e\u0432\u0438\u0442\u044c \u043a\u043e\u0436\u0443 \u0432\u043e\u043a\u0440\u0443\u0433 \u0433\u043b\u0430\u0437<\/div>\n<div><\/div>\n<div>- \u0423\u0441\u0442\u0440\u0430\u043d\u044f\u0435\u0442 \u043e\u0442\u0435\u0447\u043d\u043e\u0441\u0442\u044c \u0438 \u043c\u043e\u0440\u0449\u0438\u043d\u044b<\/div>\n<div><\/div>\n<div>-\u0423\u043b\u044c\u0442\u0440\u0430 \u0430\u043a\u0442\u0438\u0432\u043d\u043e\u0435 \u0440\u0430\u0437\u0433\u043b\u0430\u0436\u0438\u0432\u0430\u043d\u0438\u0435<\/div>\n<div><\/div>\n<div>-\u0421\u043e \u0432\u0441\u0442\u0440\u043e\u0435\u043d\u043d\u044b\u043c \u0440\u043e\u043b\u0438\u043a\u043e\u043c \u0434\u043b\u044f \u0433\u043b\u0430\u0437, \u043a\u043e\u0442\u043e\u0440\u044b\u0439 \u043f\u043e\u043c\u043e\u0433\u0430\u0435\u0442 \u043f\u0440\u0438 \u043c\u0430\u0441\u0441\u0430\u0436\u0435 \u0433\u043b\u0430\u0437.<\/div>\n<div><\/div>\n<div>- \u0421\u0434\u0435\u043b\u0430\u0439\u0442\u0435 \u0441\u0432\u043e\u0438 \u0433\u043b\u0430\u0437\u0430 \u0431\u043e\u043b\u0435\u0435 \u0436\u0438\u0432\u044b\u043c\u0438 \u0438 \u043c\u043e\u043b\u043e\u0434\u044b\u043c\u0438<\/div>","protected":false},"excerpt":{"rendered":"<p>-G\u00f6z \u0259traf\u0131ndak\u0131 d\u0259ril\u0259ri b\u0259rpa etm\u0259y\u0259 k\u00f6m\u0259k edir -\u015ei\u015fkinliyi v\u0259 q\u0131r\u0131\u015flar\u0131 aradan qald\u0131r\u0131r -Ultra Aktiv Hamarla\u015fd\u0131rma -G\u00f6z masaj\u0131na k\u00f6m\u0259k etm\u0259k \u00fc\u00e7\u00fcn qura\u015fd\u0131r\u0131lm\u0131\u015f g\u00f6z silindiri il\u0259 -G\u00f6zl\u0259rinizi daha canl\u0131 v\u0259 g\u0259nc edin<\/p>","protected":false},"featured_media":7011,"comment_status":"open","ping_status":"closed","template":"","meta":[],"pwb-brand":[252],"product_cat":[153,127],"product_tag":[],"class_list":{"0":"post-7010","1":"product","2":"type-product","3":"status-publish","4":"has-post-thumbnail","6":"pwb-brand-collagen","7":"product_cat-goz-baximi","8":"product_cat-face-care","9":"pa_size-50ml","12":"instock","13":"shipping-taxable","14":"purchasable","15":"product-type-simple"},"brands":[{"id":252,"name":"Collagen","slug":"collagen"}],"_links":{"self":[{"href":"https:\/\/axtarstore.com\/ru\/wp-json\/wp\/v2\/product\/7010"}],"collection":[{"href":"https:\/\/axtarstore.com\/ru\/wp-json\/wp\/v2\/product"}],"about":[{"href":"https:\/\/axtarstore.com\/ru\/wp-json\/wp\/v2\/types\/product"}],"replies":[{"embeddable":true,"href":"https:\/\/axtarstore.com\/ru\/wp-json\/wp\/v2\/comments?post=7010"}],"version-history":[{"count":1,"href":"https:\/\/axtarstore.com\/ru\/wp-json\/wp\/v2\/product\/7010\/revisions"}],"predecessor-version":[{"id":7012,"href":"https:\/\/axtarstore.com\/ru\/wp-json\/wp\/v2\/product\/7010\/revisions\/7012"}],"wp:featuredmedia":[{"embeddable":true,"href":"https:\/\/axtarstore.com\/ru\/wp-json\/wp\/v2\/media\/7011"}],"wp:attachment":[{"href":"https:\/\/axtarstore.com\/ru\/wp-json\/wp\/v2\/media?parent=7010"}],"wp:term":[{"taxonomy":"pwb-brand","embeddable":true,"href":"https:\/\/axtarstore.com\/ru\/wp-json\/wp\/v2\/pwb-brand?post=7010"},{"taxonomy":"product_cat","embeddable":true,"href":"https:\/\/axtarstore.com\/ru\/wp-json\/wp\/v2\/product_cat?post=7010"},{"taxonomy":"product_tag","embeddable":true,"href":"https:\/\/axtarstore.com\/ru\/wp-json\/wp\/v2\/product_tag?post=7010"}],"curies":[{"name":"wp","href":"https:\/\/api.w.org\/{rel}","templated":true}]}}