{"id":6997,"date":"2024-09-02T21:31:50","date_gmt":"2024-09-02T17:31:50","guid":{"rendered":"https:\/\/axtarstore.com\/?post_type=product&#038;p=6997"},"modified":"2024-09-02T21:31:50","modified_gmt":"2024-09-02T17:31:50","slug":"hyaluronic-acid-mask","status":"publish","type":"product","link":"https:\/\/axtarstore.com\/ru\/product\/hyaluronic-acid-mask\/","title":{"rendered":"Hyaluronic Acid Mask"},"content":{"rendered":"<p>\u0421\u0443\u043f\u0435\u0440\u0443\u0432\u043b\u0430\u0436\u043d\u044f\u044e\u0449\u0430\u044f \u043a\u0440\u0435\u043c-\u043c\u0430\u0441\u043a\u0430 \u2013 \u0443\u043d\u0438\u043a\u0430\u043b\u044c\u043d\u043e\u0435 \u0441\u0440\u0435\u0434\u0441\u0442\u0432\u043e \u0434\u043b\u044f \u0443\u0445\u043e\u0434\u0430 \u0437\u0430 \u0441\u0443\u0445\u043e\u0439 \u043a\u043e\u0436\u0435\u0439 \u0441 \u043c\u0435\u043b\u043a\u0438\u043c\u0438 \u043c\u043e\u0440\u0449\u0438\u043d\u043a\u0430\u043c\u0438.<\/p>\n<p>-\u044d\u0444\u0444\u0435\u043a\u0442\u0438\u0432\u043d\u043e \u0443\u0441\u0442\u0440\u0430\u043d\u044f\u0435\u0442 \u0441\u0443\u0445\u043e\u0441\u0442\u044c.<br \/>\n- \u043e\u0431\u0435\u0441\u043f\u0435\u0447\u0438\u0432\u0430\u0435\u0442 \u0434\u043b\u0438\u0442\u0435\u043b\u044c\u043d\u043e\u0435 \u043f\u0438\u0442\u0430\u043d\u0438\u0435, \u043a\u043e\u043c\u0444\u043e\u0440\u0442, \u0440\u043e\u0432\u043d\u044b\u0439 \u0442\u043e\u043d \u0438 \u0437\u0434\u043e\u0440\u043e\u0432\u043e\u0435 \u0441\u0438\u044f\u043d\u0438\u0435 \u043a\u043e\u0436\u0438<br \/>\n- \u043f\u043e\u0441\u043b\u0435 \u043f\u0440\u0438\u043c\u0435\u043d\u0435\u043d\u0438\u044f \u043c\u0430\u0441\u043a\u0438 \u043d\u0430 \u043a\u043e\u0436\u0435 \u043d\u0430\u0434\u043e\u043b\u0433\u043e \u0441\u043e\u0445\u0440\u0430\u043d\u044f\u0435\u0442\u0441\u044f \u0443\u0432\u043b\u0430\u0436\u043d\u044f\u044e\u0449\u0438\u0439 \u044d\u0444\u0444\u0435\u043a\u0442, \u043a\u043e\u0436\u0430 \u043d\u0430\u043f\u043e\u043b\u043d\u044f\u0435\u0442\u0441\u044f \u044d\u043d\u0435\u0440\u0433\u0438\u0435\u0439.<br \/>\n- \u041f\u0440\u0438 \u0440\u0435\u0433\u0443\u043b\u044f\u0440\u043d\u043e\u043c \u0438\u0441\u043f\u043e\u043b\u044c\u0437\u043e\u0432\u0430\u043d\u0438\u0438 \u0432\u044b\u0440\u0430\u0432\u043d\u0438\u0432\u0430\u0435\u0442 \u043c\u0438\u043a\u0440\u043e\u0440\u0435\u043b\u044c\u0435\u0444 \u0438 \u0443\u043c\u0435\u043d\u044c\u0448\u0430\u0435\u0442 \u043d\u043e\u0441\u043e\u0433\u0443\u0431\u043d\u044b\u0435 \u0441\u043a\u043b\u0430\u0434\u043a\u0438, \u043c\u0435\u043b\u043a\u0438\u0435 \u043c\u043e\u0440\u0449\u0438\u043d\u044b \u043b\u0431\u0430 \u0438 \u0441\u043a\u0443\u043b\u043e\u0432\u043e\u0439 \u043e\u0431\u043b\u0430\u0441\u0442\u0438.<\/p>","protected":false},"excerpt":{"rendered":"<p>Super n\u0259ml\u0259ndirici krem \u200b\u200bmaskas\u0131, inc\u0259 q\u0131r\u0131\u015flar\u0131 olan quru d\u0259riy\u0259 qulluq \u00fc\u00e7\u00fcn unikal bir m\u0259hsuldur. -qurulu\u011fu t\u0259sirli \u015f\u0259kild\u0259 aradan qald\u0131r\u0131r. -uzun m\u00fcdd\u0259tli qidaland\u0131r\u0131r, rahatl\u0131q, b\u0259rab\u0259r bir ton v\u0259 d\u0259riy\u0259 sa\u011flam bir par\u0131lt\u0131 verir -maska \u200b\u200bt\u0259tbiq etdikd\u0259n sonra n\u0259ml\u0259ndirici t\u0259sir d\u0259rid\u0259 uzun m\u00fcdd\u0259t qal\u0131r, d\u0259ri enerji il\u0259 dolur. -M\u00fcnt\u0259z\u0259m istifad\u0259si il\u0259 mikroreliefi b\u0259rab\u0259rl\u0259\u015fdirir v\u0259 nazolabial q\u0131r\u0131\u015flar, al\u0131n &hellip; <a href=\"https:\/\/axtarstore.com\/ru\/product\/hyaluronic-acid-mask\/\" class=\"more-link\">Continue reading <span class=\"screen-reader-text\">Hyaluronic Acid Mask<\/span><\/a><\/p>","protected":false},"featured_media":6998,"comment_status":"open","ping_status":"closed","template":"","meta":[],"pwb-brand":[248],"product_cat":[127,145],"product_tag":[],"class_list":{"0":"post-6997","1":"product","2":"type-product","3":"status-publish","4":"has-post-thumbnail","6":"pwb-brand-aravia","7":"product_cat-face-care","8":"product_cat-face-masks","9":"pa_size-50grm","12":"instock","13":"shipping-taxable","14":"purchasable","15":"product-type-variable"},"brands":[{"id":248,"name":"Aravia","slug":"aravia"}],"_links":{"self":[{"href":"https:\/\/axtarstore.com\/ru\/wp-json\/wp\/v2\/product\/6997"}],"collection":[{"href":"https:\/\/axtarstore.com\/ru\/wp-json\/wp\/v2\/product"}],"about":[{"href":"https:\/\/axtarstore.com\/ru\/wp-json\/wp\/v2\/types\/product"}],"replies":[{"embeddable":true,"href":"https:\/\/axtarstore.com\/ru\/wp-json\/wp\/v2\/comments?post=6997"}],"version-history":[{"count":1,"href":"https:\/\/axtarstore.com\/ru\/wp-json\/wp\/v2\/product\/6997\/revisions"}],"predecessor-version":[{"id":7000,"href":"https:\/\/axtarstore.com\/ru\/wp-json\/wp\/v2\/product\/6997\/revisions\/7000"}],"wp:featuredmedia":[{"embeddable":true,"href":"https:\/\/axtarstore.com\/ru\/wp-json\/wp\/v2\/media\/6998"}],"wp:attachment":[{"href":"https:\/\/axtarstore.com\/ru\/wp-json\/wp\/v2\/media?parent=6997"}],"wp:term":[{"taxonomy":"pwb-brand","embeddable":true,"href":"https:\/\/axtarstore.com\/ru\/wp-json\/wp\/v2\/pwb-brand?post=6997"},{"taxonomy":"product_cat","embeddable":true,"href":"https:\/\/axtarstore.com\/ru\/wp-json\/wp\/v2\/product_cat?post=6997"},{"taxonomy":"product_tag","embeddable":true,"href":"https:\/\/axtarstore.com\/ru\/wp-json\/wp\/v2\/product_tag?post=6997"}],"curies":[{"name":"wp","href":"https:\/\/api.w.org\/{rel}","templated":true}]}}