{"id":6991,"date":"2024-09-02T21:16:27","date_gmt":"2024-09-02T17:16:27","guid":{"rendered":"https:\/\/axtarstore.com\/?post_type=product&#038;p=6991"},"modified":"2024-09-02T21:16:50","modified_gmt":"2024-09-02T17:16:50","slug":"cream-paraffin","status":"publish","type":"product","link":"https:\/\/axtarstore.com\/ru\/product\/cream-paraffin\/","title":{"rendered":"Cream Paraffin"},"content":{"rendered":"<p>\u0423\u0432\u043b\u0430\u0436\u043d\u044f\u0439\u0442\u0435 \u0440\u0443\u043a\u0438 \u0438 \u043d\u043e\u0433\u0438, \u0443\u043a\u0440\u0435\u043f\u043b\u044f\u044f \u043d\u043e\u0433\u0442\u0438! \u0421\u043f\u0435\u0446\u0438\u0430\u043b\u044c\u043d\u044b\u0439 \u043f\u0430\u0440\u0430\u0444\u0438\u043d\u043e\u0432\u044b\u0439 \u043a\u0440\u0435\u043c Aravia \u0441 \u043c\u0430\u0441\u043b\u043e\u043c \u043a\u0430\u043a\u0430\u043e \u0438 \u0432\u0438\u0442\u0430\u043c\u0438\u043d\u043e\u043c F \u0441\u043d\u0438\u043c\u0430\u0435\u0442 \u0441\u0443\u0445\u043e\u0441\u0442\u044c \u043a\u043e\u0436\u0438 \u0438 \u043e\u0431\u0435\u0441\u043f\u0435\u0447\u0438\u0432\u0430\u0435\u0442 \u0431\u0435\u0440\u0435\u0436\u043d\u044b\u0439 \u0443\u0445\u043e\u0434 \u0432\u043e \u0432\u0440\u0435\u043c\u044f \u043f\u0430\u0440\u0430\u0444\u0438\u043d\u043e\u0442\u0435\u0440\u0430\u043f\u0438\u0438.<br \/>\n\u0421\u0440\u0435\u0434\u0441\u0442\u0432\u043e \u043f\u0440\u0435\u0434\u043d\u0430\u0437\u043d\u0430\u0447\u0435\u043d\u043e \u0434\u043b\u044f \u043f\u0440\u043e\u0446\u0435\u0434\u0443\u0440\u044b \u043f\u0430\u0440\u0430\u0444\u0438\u043d\u043e\u0442\u0435\u0440\u0430\u043f\u0438\u0438.<br \/>\n\u041e\u0431\u0435\u0441\u043f\u0435\u0447\u0438\u0432\u0430\u0435\u0442 \u0431\u0435\u0440\u0435\u0436\u043d\u044b\u0439 \u0443\u0445\u043e\u0434 \u0437\u0430 \u043a\u043e\u0436\u0435\u0439 \u0440\u0443\u043a \u0438 \u043d\u043e\u0433.<br \/>\n\u0418\u043d\u0442\u0435\u043d\u0441\u0438\u0432\u043d\u043e \u0443\u0432\u043b\u0430\u0436\u043d\u044f\u0435\u0442 \u0438 \u0441\u043c\u044f\u0433\u0447\u0430\u0435\u0442 \u043a\u043e\u0436\u0443, \u0432\u043e\u0441\u0441\u0442\u0430\u043d\u0430\u0432\u043b\u0438\u0432\u0430\u0435\u0442 \u0433\u0438\u0434\u0440\u043e\u043b\u0438\u043f\u0438\u0434\u043d\u044b\u0439 \u0431\u0430\u043b\u0430\u043d\u0441.<br \/>\n\u0412\u043e\u0441\u0441\u0442\u0430\u043d\u0430\u0432\u043b\u0438\u0432\u0430\u0435\u0442 \u0443\u043f\u0440\u0443\u0433\u043e\u0441\u0442\u044c \u0438 \u044d\u043b\u0430\u0441\u0442\u0438\u0447\u043d\u043e\u0441\u0442\u044c, \u043f\u043e\u043c\u043e\u0433\u0430\u044f \u0440\u0430\u0437\u0433\u043b\u0430\u0434\u0438\u0442\u044c \u0442\u043e\u043d\u043a\u0438\u0435 \u043b\u0438\u043d\u0438\u0438.<br \/>\n\u041c\u0430\u0441\u043b\u043e \u043a\u0430\u043a\u0430\u043e \u0438 \u043a\u043e\u043c\u043f\u043b\u0435\u043a\u0441 \u0432\u0438\u0442\u0430\u043c\u0438\u043d\u0430 F \u0431\u043e\u0440\u044e\u0442\u0441\u044f \u0441 \u0441\u0443\u0445\u043e\u0441\u0442\u044c\u044e, \u0434\u0435\u043b\u0430\u044f \u043a\u043e\u0436\u0443 \u043c\u044f\u0433\u043a\u043e\u0439, \u0433\u043b\u0430\u0434\u043a\u043e\u0439 \u0438 \u0431\u0430\u0440\u0445\u0430\u0442\u0438\u0441\u0442\u043e\u0439.<br \/>\n\u041a\u0440\u0435\u043c-\u043f\u0430\u0440\u0430\u0444\u0438\u043d \u043e\u043a\u0430\u0437\u044b\u0432\u0430\u0435\u0442 \u0443\u043a\u0440\u0435\u043f\u043b\u044f\u044e\u0449\u0435\u0435 \u0434\u0435\u0439\u0441\u0442\u0432\u0438\u0435 \u043d\u0430 \u043d\u043e\u0433\u0442\u0438, \u043f\u0440\u0435\u0434\u043e\u0442\u0432\u0440\u0430\u0449\u0430\u0435\u0442 \u043b\u043e\u043c\u043a\u043e\u0441\u0442\u044c, \u0441\u043c\u044f\u0433\u0447\u0430\u0435\u0442 \u043a\u0443\u0442\u0438\u043a\u0443\u043b\u0443.<\/p>","protected":false},"excerpt":{"rendered":"<p>D\u0131rnaqlar\u0131n\u0131z\u0131 m\u00f6hk\u0259ml\u0259ndir\u0259rk\u0259n \u0259ll\u0259rinizi v\u0259 ayaqlar\u0131n\u0131z\u0131 n\u0259ml\u0259ndirin! Kakao ya\u011f\u0131 v\u0259 F vitamini olan Aravia x\u00fcsusi parafin kremi quru d\u0259rini aradan qald\u0131r\u0131r v\u0259 parafin terapiyas\u0131 zaman\u0131 inc\u0259 qulluq g\u00f6st\u0259rir Vasit\u0259 parafin terapiyas\u0131 proseduru \u00fc\u00e7\u00fcn n\u0259z\u0259rd\u0259 tutulmu\u015fdur. \u018fll\u0259rin v\u0259 ayaqlar\u0131n d\u0259risin\u0259 z\u0259rif qulluq g\u00f6st\u0259rir. D\u0259rini intensiv n\u0259ml\u0259ndirir v\u0259 yum\u015fald\u0131r, hidrolipid balans\u0131n\u0131 b\u0259rpa edir. \u0130nc\u0259 q\u0131r\u0131\u015flar\u0131n hamarlanmas\u0131na k\u00f6m\u0259k ed\u0259n &hellip; <a href=\"https:\/\/axtarstore.com\/ru\/product\/cream-paraffin\/\" class=\"more-link\">Continue reading <span class=\"screen-reader-text\">Cream Paraffin<\/span><\/a><\/p>","protected":false},"featured_media":6992,"comment_status":"open","ping_status":"closed","template":"","meta":[],"pwb-brand":[248],"product_cat":[155,129],"product_tag":[],"class_list":{"0":"post-6991","1":"product","2":"type-product","3":"status-publish","4":"has-post-thumbnail","6":"pwb-brand-aravia","7":"product_cat-foot-care","8":"product_cat-beden-baximi","9":"pa_size-100ml","12":"instock","13":"shipping-taxable","14":"purchasable","15":"product-type-simple"},"brands":[{"id":248,"name":"Aravia","slug":"aravia"}],"_links":{"self":[{"href":"https:\/\/axtarstore.com\/ru\/wp-json\/wp\/v2\/product\/6991"}],"collection":[{"href":"https:\/\/axtarstore.com\/ru\/wp-json\/wp\/v2\/product"}],"about":[{"href":"https:\/\/axtarstore.com\/ru\/wp-json\/wp\/v2\/types\/product"}],"replies":[{"embeddable":true,"href":"https:\/\/axtarstore.com\/ru\/wp-json\/wp\/v2\/comments?post=6991"}],"version-history":[{"count":1,"href":"https:\/\/axtarstore.com\/ru\/wp-json\/wp\/v2\/product\/6991\/revisions"}],"predecessor-version":[{"id":6993,"href":"https:\/\/axtarstore.com\/ru\/wp-json\/wp\/v2\/product\/6991\/revisions\/6993"}],"wp:featuredmedia":[{"embeddable":true,"href":"https:\/\/axtarstore.com\/ru\/wp-json\/wp\/v2\/media\/6992"}],"wp:attachment":[{"href":"https:\/\/axtarstore.com\/ru\/wp-json\/wp\/v2\/media?parent=6991"}],"wp:term":[{"taxonomy":"pwb-brand","embeddable":true,"href":"https:\/\/axtarstore.com\/ru\/wp-json\/wp\/v2\/pwb-brand?post=6991"},{"taxonomy":"product_cat","embeddable":true,"href":"https:\/\/axtarstore.com\/ru\/wp-json\/wp\/v2\/product_cat?post=6991"},{"taxonomy":"product_tag","embeddable":true,"href":"https:\/\/axtarstore.com\/ru\/wp-json\/wp\/v2\/product_tag?post=6991"}],"curies":[{"name":"wp","href":"https:\/\/api.w.org\/{rel}","templated":true}]}}