{"id":6911,"date":"2024-08-28T23:27:53","date_gmt":"2024-08-28T19:27:53","guid":{"rendered":"https:\/\/axtarstore.com\/?post_type=product&#038;p=6911"},"modified":"2024-08-28T23:28:04","modified_gmt":"2024-08-28T19:28:04","slug":"arena-gold-beauty-cream-4in1","status":"publish","type":"product","link":"https:\/\/axtarstore.com\/ru\/product\/arena-gold-beauty-cream-4in1\/","title":{"rendered":"Arena gold beauty cream 4in1"},"content":{"rendered":"<p>\u0420\u0435\u0432\u043e\u043b\u044e\u0446\u0438\u043e\u043d\u043d\u044b\u0439 \u043e\u0441\u0432\u0435\u0442\u043b\u044f\u044e\u0449\u0438\u0439 \u043a\u0440\u0435\u043c \u0434\u043b\u044f \u043a\u043e\u0436\u0438 \u043e\u0442 Arena Gold \u044d\u0444\u0444\u0435\u043a\u0442\u0438\u0432\u043d\u043e \u043a\u043e\u0440\u0440\u0435\u043a\u0442\u0438\u0440\u0443\u0435\u0442 \u0442\u0430\u043a\u0438\u0435 \u0438\u0437\u043c\u0435\u043d\u0435\u043d\u0438\u044f \u0446\u0432\u0435\u0442\u0430, \u043a\u0430\u043a \u0442\u0435\u043c\u043d\u044b\u0435 \u043f\u044f\u0442\u043d\u0430, \u0432\u043e\u0437\u0440\u0430\u0441\u0442\u043d\u044b\u0435 \u043f\u044f\u0442\u043d\u0430 \u0438 \u043d\u0435\u0440\u043e\u0432\u043d\u044b\u0439 \u0442\u043e\u043d \u043a\u043e\u0436\u0438, \u043f\u0440\u0438\u0434\u0430\u0432\u0430\u044f \u0432\u0430\u043c \u0431\u0435\u0437\u0443\u043f\u0440\u0435\u0447\u043d\u043e \u0441\u0438\u044f\u044e\u0449\u0438\u0439 \u0446\u0432\u0435\u0442 \u043b\u0438\u0446\u0430.<br \/>\n\u041a\u0430\u043a \u0438\u0441\u043f\u043e\u043b\u044c\u0437\u043e\u0432\u0430\u0442\u044c:<br \/>\n\u041d\u0430\u043d\u043e\u0441\u0438\u0442\u044c \u0437\u0430 \u0434\u0432\u0430 \u0447\u0430\u0441\u0430 \u0434\u043e \u0441\u043d\u0430. \u041f\u043e\u0441\u043b\u0435 \u043e\u0447\u0438\u0449\u0435\u043d\u0438\u044f \u043b\u0438\u0446\u0430 \u0441 \u043f\u043e\u043c\u043e\u0449\u044c\u044e \u0441\u0440\u0435\u0434\u0441\u0442\u0432\u0430 \u0434\u043b\u044f \u0443\u043c\u044b\u0432\u0430\u043d\u0438\u044f Arena Gold Face Wash \u043d\u0430\u043d\u043e\u0441\u0438\u0442\u0435 \u043a\u0440\u0435\u043c \u043d\u0430 \u043b\u0438\u0446\u043e \u0438 \u0448\u0435\u044e \u043d\u0430 \u043d\u043e\u0447\u044c.<\/p>","protected":false},"excerpt":{"rendered":"<p>Arena Gold-un d\u0259ri u\u011furu \u0130\u015f\u0131qland\u0131r\u0131c\u0131 Kremi t\u00fcnd l\u0259k\u0259l\u0259r, ya\u015f l\u0259k\u0259l\u0259ri v\u0259 qeyri-b\u0259rab\u0259r d\u0259ri tonu kimi r\u0259ngsizl\u0259\u015fm\u0259ni effektiv \u015f\u0259kild\u0259 d\u00fcz\u0259ld\u0259r\u0259k siz\u0259 q\u00fcsursuz parlaq d\u0259ri verir. Nec\u0259 istifad\u0259 etm\u0259k olar: Yatmadan iki saat \u0259vv\u0259l t\u0259tbiq edin. Arena Gold Face Wash il\u0259 \u00fcz\u00fcn\u00fcz\u00fc t\u0259mizl\u0259dikd\u0259n sonra gec\u0259l\u0259r \u00fcz\u00fcn\u00fcz\u0259 v\u0259 boynunuza Krem \u00e7\u0259kin<\/p>","protected":false},"featured_media":6912,"comment_status":"open","ping_status":"closed","template":"","meta":[],"pwb-brand":[163],"product_cat":[127,142],"product_tag":[],"class_list":{"0":"post-6911","1":"product","2":"type-product","3":"status-publish","4":"has-post-thumbnail","6":"pwb-brand-arena-gold","7":"product_cat-face-care","8":"product_cat-face-creams","9":"pa_size-38grm","12":"instock","13":"shipping-taxable","14":"purchasable","15":"product-type-variable"},"brands":[{"id":163,"name":"Arena Gold","slug":"arena-gold"}],"_links":{"self":[{"href":"https:\/\/axtarstore.com\/ru\/wp-json\/wp\/v2\/product\/6911"}],"collection":[{"href":"https:\/\/axtarstore.com\/ru\/wp-json\/wp\/v2\/product"}],"about":[{"href":"https:\/\/axtarstore.com\/ru\/wp-json\/wp\/v2\/types\/product"}],"replies":[{"embeddable":true,"href":"https:\/\/axtarstore.com\/ru\/wp-json\/wp\/v2\/comments?post=6911"}],"version-history":[{"count":1,"href":"https:\/\/axtarstore.com\/ru\/wp-json\/wp\/v2\/product\/6911\/revisions"}],"predecessor-version":[{"id":6918,"href":"https:\/\/axtarstore.com\/ru\/wp-json\/wp\/v2\/product\/6911\/revisions\/6918"}],"wp:featuredmedia":[{"embeddable":true,"href":"https:\/\/axtarstore.com\/ru\/wp-json\/wp\/v2\/media\/6912"}],"wp:attachment":[{"href":"https:\/\/axtarstore.com\/ru\/wp-json\/wp\/v2\/media?parent=6911"}],"wp:term":[{"taxonomy":"pwb-brand","embeddable":true,"href":"https:\/\/axtarstore.com\/ru\/wp-json\/wp\/v2\/pwb-brand?post=6911"},{"taxonomy":"product_cat","embeddable":true,"href":"https:\/\/axtarstore.com\/ru\/wp-json\/wp\/v2\/product_cat?post=6911"},{"taxonomy":"product_tag","embeddable":true,"href":"https:\/\/axtarstore.com\/ru\/wp-json\/wp\/v2\/product_tag?post=6911"}],"curies":[{"name":"wp","href":"https:\/\/api.w.org\/{rel}","templated":true}]}}