{"id":6904,"date":"2024-08-28T21:58:38","date_gmt":"2024-08-28T17:58:38","guid":{"rendered":"https:\/\/axtarstore.com\/?post_type=product&#038;p=6904"},"modified":"2025-04-22T01:05:19","modified_gmt":"2025-04-21T21:05:19","slug":"arena-gold-herbal-beauty-cream","status":"publish","type":"product","link":"https:\/\/axtarstore.com\/ru\/product\/arena-gold-herbal-beauty-cream\/","title":{"rendered":"ArenaGold Herbal Beauty Cream &#8211; T\u0259bii G\u00f6z\u0259llik \u0130\u00e7in Avokado v\u0259 Rozmarin G\u00fcc\u00fc! \ud83c\udf3f\u2728"},"content":{"rendered":"<p>ArenaGold Herbal Beauty Cream il\u0259 d\u0259riniz\u0259 t\u0259bii bax\u0131m edin! Avokado v\u0259 rozmarin t\u0259rkibli bu x\u00fcsusi krem, d\u0259rinizin sa\u011flam v\u0259 parlaq g\u00f6r\u00fcnm\u0259sini t\u0259min edir. T\u0259rkibind\u0259ki Age Elixir il\u0259 qocalman\u0131n \u0259lam\u0259tl\u0259ri il\u0259 m\u00fcbariz\u0259 apar\u0131r v\u0259 d\u0259rinin elastikliyini art\u0131r\u0131r.<\/p>\n<p>N\u0259 \u00fc\u00e7\u00fcn se\u00e7ilm\u0259li?<br \/>\n\u2022 Avokado v\u0259 Rozmarin il\u0259 d\u0259rinizin t\u0259bii n\u0259mini b\u0259rpa edir v\u0259 qoruyur.<br \/>\n\u2022 Age Elixir t\u0259rkibi d\u0259rini cavanla\u015fd\u0131r\u0131r v\u0259 q\u0131r\u0131\u015flara qar\u015f\u0131 m\u00fcbariz\u0259 apar\u0131r.<br \/>\n\u2022 H\u0259ssas d\u0259ril\u0259r \u00fc\u00e7\u00fcn m\u00fck\u0259mm\u0259l uy\u011funla\u015fd\u0131r\u0131lm\u0131\u015fd\u0131r.<br \/>\n\u2022 D\u0259rini t\u0259mizl\u0259yir, n\u0259m verir v\u0259 par\u0131lt\u0131s\u0131n\u0131 art\u0131r\u0131r.<\/p>\n<p>\u041f\u0440\u0435\u0438\u043c\u0443\u0449\u0435\u0441\u0442\u0432\u0430:<br \/>\n\u2022 Cavan v\u0259 t\u0259rav\u0259tli d\u0259ri \u00fc\u00e7\u00fcn ideal.<br \/>\n\u2022 T\u0259bii t\u0259rkibi il\u0259 d\u0259rini n\u0259ml\u0259ndirir v\u0259 q\u0131r\u0131\u015flar\u0131 azald\u0131r.<br \/>\n\u2022 S\u00fcr\u0259tli \u0259m\u0259liyyat v\u0259 uzunm\u00fcdd\u0259tli t\u0259sir.<\/p>\n<p>\u0421\u043f\u043e\u0441\u043e\u0431 \u0438\u0441\u043f\u043e\u043b\u044c\u0437\u043e\u0432\u0430\u043d\u0438\u044f:<br \/>\n\u0412\u043e\u0437\u044c\u043c\u0438\u0442\u0435 \u0431\u043e\u043b\u044c\u0448\u043e\u0435 \u043a\u043e\u043b\u0438\u0447\u0435\u0441\u0442\u0432\u043e \u0442\u0440\u0430\u0432\u044f\u043d\u043e\u0433\u043e \u043a\u043e\u0441\u043c\u0435\u0442\u0438\u0447\u0435\u0441\u043a\u043e\u0433\u043e \u043a\u0440\u0435\u043c\u0430 Arena Gold \u043d\u0430 \u043b\u0430\u0434\u043e\u043d\u044c. \u041d\u0430\u043d\u0435\u0441\u0438\u0442\u0435 \u0435\u0433\u043e \u043d\u0430 \u043b\u0438\u0446\u043e \u0438 \u043e\u0441\u0442\u0430\u0432\u044c\u0442\u0435 \u043d\u0430 \u043d\u043e\u0447\u044c. \u0414\u043b\u044f \u0434\u043e\u0441\u0442\u0438\u0436\u0435\u043d\u0438\u044f \u043d\u0430\u0438\u043b\u0443\u0447\u0448\u0438\u0445 \u0440\u0435\u0437\u0443\u043b\u044c\u0442\u0430\u0442\u043e\u0432 \u0443\u043c\u044b\u0432\u0430\u0439\u0442\u0435\u0441\u044c \u0443\u0442\u0440\u043e\u043c. \u0411\u0435\u0440\u0435\u0447\u044c \u043e\u0442 \u043e\u0433\u043d\u044f \u0438 \u0441\u043e\u043b\u043d\u0435\u0447\u043d\u044b\u0445 \u043b\u0443\u0447\u0435\u0439. \u041f\u043e\u0441\u043b\u0435 \u043d\u0430\u043d\u0435\u0441\u0435\u043d\u0438\u044f \u043a\u0440\u0435\u043c\u0430 \u043d\u0435 \u043c\u0430\u0441\u0441\u0438\u0440\u0443\u0439\u0442\u0435 \u0438 \u043d\u0435 \u0432\u0442\u0438\u0440\u0430\u0439\u0442\u0435.<\/p>","protected":false},"excerpt":{"rendered":"<p>\u041a\u0440\u0435\u043c + \u0441\u044b\u0432\u043e\u0440\u043e\u0442\u043a\u0430 Arena Gold Herbal Beauty \u2013 \u044d\u0442\u043e \u0432\u0430\u0448\u0430 \u043f\u043e\u043b\u043d\u0430\u044f \u0441\u0438\u0441\u0442\u0435\u043c\u0430 \u043a\u0440\u0430\u0441\u043e\u0442\u044b. \u044f\u0432\u043b\u044f\u0435\u0442\u0441\u044f \u043f\u043e\u043b\u043d\u043e\u0441\u0442\u044c\u044e \u0435\u0441\u0442\u0435\u0441\u0442\u0432\u0435\u043d\u043d\u044b\u043c \u0440\u0435\u0448\u0435\u043d\u0438\u0435\u043c \u0434\u043b\u044f<br \/>\n\u2022 \u042f\u0440\u0447\u0435,<br \/>\n\u2022 \u0411\u043e\u043b\u0435\u0435 \u043f\u043b\u0430\u0432\u043d\u044b\u0439<br \/>\n\u2022 \u0420\u043e\u0432\u043d\u044b\u0439 \u0442\u043e\u043d \u043a\u043e\u0436\u0438.<br \/>\n\u2022 \u041f\u043e\u043c\u043e\u0433\u0430\u0435\u0442 \u0443\u043c\u0435\u043d\u044c\u0448\u0438\u0442\u044c \u0433\u0438\u043f\u0435\u0440\u043f\u0438\u0433\u043c\u0435\u043d\u0442\u0430\u0446\u0438\u044e,<br \/>\n\u2022 \u041f\u0440\u044b\u0449\u0438<br \/>\n\u2022 \u0422\u043e\u043d\u043a\u0438\u0435 \u043b\u0438\u043d\u0438\u0438 \u043f\u0440\u0438\u0434\u0430\u0434\u0443\u0442 \u0432\u0430\u043c \u0441\u0438\u044f\u044e\u0449\u0438\u0439 \u0432\u0438\u0434.<\/p>","protected":false},"featured_media":6905,"comment_status":"open","ping_status":"closed","template":"","meta":[],"pwb-brand":[163],"product_cat":[127,142],"product_tag":[294,293,428,319,418],"class_list":{"0":"post-6904","1":"product","2":"type-product","3":"status-publish","4":"has-post-thumbnail","6":"pwb-brand-arena-gold","7":"product_cat-face-care","8":"product_cat-face-creams","9":"product_tag-face","10":"product_tag-facecare","11":"product_tag-uz-kremi","12":"product_tag-uz-lklri","13":"product_tag-uzbaximi","14":"pa_size-20grm","17":"instock","18":"shipping-taxable","19":"purchasable","20":"product-type-simple"},"brands":[{"id":163,"name":"Arena Gold","slug":"arena-gold"}],"_links":{"self":[{"href":"https:\/\/axtarstore.com\/ru\/wp-json\/wp\/v2\/product\/6904"}],"collection":[{"href":"https:\/\/axtarstore.com\/ru\/wp-json\/wp\/v2\/product"}],"about":[{"href":"https:\/\/axtarstore.com\/ru\/wp-json\/wp\/v2\/types\/product"}],"replies":[{"embeddable":true,"href":"https:\/\/axtarstore.com\/ru\/wp-json\/wp\/v2\/comments?post=6904"}],"version-history":[{"count":3,"href":"https:\/\/axtarstore.com\/ru\/wp-json\/wp\/v2\/product\/6904\/revisions"}],"predecessor-version":[{"id":9812,"href":"https:\/\/axtarstore.com\/ru\/wp-json\/wp\/v2\/product\/6904\/revisions\/9812"}],"wp:featuredmedia":[{"embeddable":true,"href":"https:\/\/axtarstore.com\/ru\/wp-json\/wp\/v2\/media\/6905"}],"wp:attachment":[{"href":"https:\/\/axtarstore.com\/ru\/wp-json\/wp\/v2\/media?parent=6904"}],"wp:term":[{"taxonomy":"pwb-brand","embeddable":true,"href":"https:\/\/axtarstore.com\/ru\/wp-json\/wp\/v2\/pwb-brand?post=6904"},{"taxonomy":"product_cat","embeddable":true,"href":"https:\/\/axtarstore.com\/ru\/wp-json\/wp\/v2\/product_cat?post=6904"},{"taxonomy":"product_tag","embeddable":true,"href":"https:\/\/axtarstore.com\/ru\/wp-json\/wp\/v2\/product_tag?post=6904"}],"curies":[{"name":"wp","href":"https:\/\/api.w.org\/{rel}","templated":true}]}}