{"id":6898,"date":"2024-08-28T21:48:13","date_gmt":"2024-08-28T17:48:13","guid":{"rendered":"https:\/\/axtarstore.com\/?post_type=product&#038;p=6898"},"modified":"2025-04-21T00:15:29","modified_gmt":"2025-04-20T20:15:29","slug":"xmark-anti-mark-cream","status":"publish","type":"product","link":"https:\/\/axtarstore.com\/ru\/product\/xmark-anti-mark-cream\/","title":{"rendered":"ArenaGold Xmark Anti-Mark Cream \u2013 T\u0259bii v\u0259 Effektiv Q\u0131r\u0131\u015f v\u0259 L\u0259k\u0259 Aradan Qald\u0131rma"},"content":{"rendered":"<p>\u0411\u0435\u0437 \u043f\u044f\u0442\u0435\u043d, \u0431\u0435\u0437 \u043f\u044f\u0442\u0435\u043d \u0438 \u043a\u0440\u0430\u0441\u0438\u0432\u0430\u044f \u043a\u043e\u0436\u0430 \u043c\u043e\u0436\u0435\u0442 \u0441\u0442\u0430\u0442\u044c \u0432\u0430\u0448\u0435\u0439. \u041a\u0440\u0435\u043c Arena Gold Xmark Anti-Mark \u043f\u043e\u043c\u043e\u0433\u0430\u0435\u0442 \u0443\u043c\u0435\u043d\u044c\u0448\u0438\u0442\u044c \u043f\u043e\u044f\u0432\u043b\u0435\u043d\u0438\u0435 \u0433\u043b\u0443\u0431\u043e\u043a\u0438\u0445 \u0448\u0440\u0430\u043c\u043e\u0432, \u043f\u043e\u043a\u0440\u0430\u0441\u043d\u0435\u043d\u0438\u0439 \u0438 \u0442\u0435\u043c\u043d\u044b\u0445 \u043f\u044f\u0442\u0435\u043d, \u043a\u043e\u0442\u043e\u0440\u044b\u0435 \u043e\u0441\u0442\u0430\u044e\u0442\u0441\u044f \u043d\u0430 \u043a\u043e\u0436\u0435 \u0435\u0449\u0435 \u0434\u043e\u043b\u0433\u043e\u0435 \u0432\u0440\u0435\u043c\u044f \u043f\u043e\u0441\u043b\u0435 \u0437\u0430\u0436\u0438\u0432\u043b\u0435\u043d\u0438\u044f \u043f\u0440\u044b\u0449\u0435\u0439. \u041c\u043e\u0449\u043d\u0430\u044f \u0441\u043c\u0435\u0441\u044c \u043f\u043e\u043b\u0438\u0432\u0438\u0442\u0430\u043c\u0438\u043d\u043e\u0432 \u0438 \u0442\u0430\u0431\u0430\u043a\u0430 \u0441\u043f\u043e\u0441\u043e\u0431\u0441\u0442\u0432\u0443\u0435\u0442 \u0437\u0434\u043e\u0440\u043e\u0432\u043e\u043c\u0443 \u043e\u0431\u043d\u043e\u0432\u043b\u0435\u043d\u0438\u044e \u043a\u043e\u0436\u0438, \u0443\u0441\u0442\u0440\u0430\u043d\u044f\u0435\u0442 \u0448\u0440\u0430\u043c\u044b, \u043e\u0441\u0432\u0435\u0442\u043b\u044f\u0435\u0442 \u043a\u043e\u0436\u0443 \u0438 \u0434\u0435\u043b\u0430\u0435\u0442 \u0435\u0435 \u0431\u0435\u0437\u0443\u043f\u0440\u0435\u0447\u043d\u043e \u043a\u0440\u0430\u0441\u0438\u0432\u043e\u0439.<br \/>\n\u041a\u0430\u043a \u0438\u0441\u043f\u043e\u043b\u044c\u0437\u043e\u0432\u0430\u0442\u044c:<br \/>\n\u041e\u0447\u0438\u0441\u0442\u0438\u0442\u0435 \u043a\u043e\u0436\u0443 \u0432\u0430\u0442\u043a\u043e\u0439, \u0441\u043c\u043e\u0447\u0435\u043d\u043d\u043e\u0439 \u0432 \u0442\u0435\u043f\u043b\u043e\u0439 \u0432\u043e\u0434\u0435. \u041f\u043e\u0442\u0440\u0438\u0442\u0435 \u043a\u043e\u0436\u0443 \u0438 \u0432\u044b\u0441\u0443\u0448\u0438\u0442\u0435. \u041d\u0430\u043d\u0435\u0441\u0438\u0442\u0435 \u043a\u0440\u0435\u043c Arena Gold Xmark Anti-Mark Cream \u0438 \u043e\u0441\u0442\u0430\u0432\u044c\u0442\u0435 \u043d\u0430 \u043d\u043e\u0447\u044c. \u0414\u043b\u044f \u0434\u043e\u0441\u0442\u0438\u0436\u0435\u043d\u0438\u044f \u043d\u0430\u0438\u043b\u0443\u0447\u0448\u0438\u0445 \u0440\u0435\u0437\u0443\u043b\u044c\u0442\u0430\u0442\u043e\u0432 \u0443\u043c\u044b\u0432\u0430\u0439\u0442\u0435\u0441\u044c \u0443\u0442\u0440\u043e\u043c.<\/p>","protected":false},"excerpt":{"rendered":"<p>\u041c\u043e\u0449\u043d\u0430\u044f \u0441\u043c\u0435\u0441\u044c \u043f\u043e\u043b\u0438\u0432\u0438\u0442\u0430\u043c\u0438\u043d\u043e\u0432 \u0438 \u0447\u0430\u044f \u0441\u043f\u043e\u0441\u043e\u0431\u0441\u0442\u0432\u0443\u0435\u0442 \u0437\u0434\u043e\u0440\u043e\u0432\u043e\u043c\u0443 \u043e\u0431\u043d\u043e\u0432\u043b\u0435\u043d\u0438\u044e \u043a\u043e\u0436\u0438, \u0443\u0441\u0442\u0440\u0430\u043d\u044f\u0435\u0442 \u0448\u0440\u0430\u043c\u044b, \u043e\u0441\u0432\u0435\u0442\u043b\u044f\u0435\u0442 \u043a\u043e\u0436\u0443 \u0438 \u0434\u0435\u043b\u0430\u0435\u0442 \u0435\u0435 \u0431\u0435\u0437\u0443\u043f\u0440\u0435\u0447\u043d\u043e \u043a\u0440\u0430\u0441\u0438\u0432\u043e\u0439.<\/p>","protected":false},"featured_media":6899,"comment_status":"open","ping_status":"closed","template":"","meta":[],"pwb-brand":[163],"product_cat":[127,142],"product_tag":[],"class_list":{"0":"post-6898","1":"product","2":"type-product","3":"status-publish","4":"has-post-thumbnail","6":"pwb-brand-arena-gold","7":"product_cat-face-care","8":"product_cat-face-creams","9":"pa_size-15grm","10":"pa_size-38grm","13":"instock","14":"shipping-taxable","15":"purchasable","16":"product-type-variable"},"brands":[{"id":163,"name":"Arena Gold","slug":"arena-gold"}],"_links":{"self":[{"href":"https:\/\/axtarstore.com\/ru\/wp-json\/wp\/v2\/product\/6898"}],"collection":[{"href":"https:\/\/axtarstore.com\/ru\/wp-json\/wp\/v2\/product"}],"about":[{"href":"https:\/\/axtarstore.com\/ru\/wp-json\/wp\/v2\/types\/product"}],"replies":[{"embeddable":true,"href":"https:\/\/axtarstore.com\/ru\/wp-json\/wp\/v2\/comments?post=6898"}],"version-history":[{"count":3,"href":"https:\/\/axtarstore.com\/ru\/wp-json\/wp\/v2\/product\/6898\/revisions"}],"predecessor-version":[{"id":9697,"href":"https:\/\/axtarstore.com\/ru\/wp-json\/wp\/v2\/product\/6898\/revisions\/9697"}],"wp:featuredmedia":[{"embeddable":true,"href":"https:\/\/axtarstore.com\/ru\/wp-json\/wp\/v2\/media\/6899"}],"wp:attachment":[{"href":"https:\/\/axtarstore.com\/ru\/wp-json\/wp\/v2\/media?parent=6898"}],"wp:term":[{"taxonomy":"pwb-brand","embeddable":true,"href":"https:\/\/axtarstore.com\/ru\/wp-json\/wp\/v2\/pwb-brand?post=6898"},{"taxonomy":"product_cat","embeddable":true,"href":"https:\/\/axtarstore.com\/ru\/wp-json\/wp\/v2\/product_cat?post=6898"},{"taxonomy":"product_tag","embeddable":true,"href":"https:\/\/axtarstore.com\/ru\/wp-json\/wp\/v2\/product_tag?post=6898"}],"curies":[{"name":"wp","href":"https:\/\/api.w.org\/{rel}","templated":true}]}}