{"id":6884,"date":"2024-08-28T21:22:26","date_gmt":"2024-08-28T17:22:26","guid":{"rendered":"https:\/\/axtarstore.com\/?post_type=product&#038;p=6884"},"modified":"2025-04-21T00:00:15","modified_gmt":"2025-04-20T20:00:15","slug":"dr-laila-beauty-cream","status":"publish","type":"product","link":"https:\/\/axtarstore.com\/ru\/product\/dr-laila-beauty-cream\/","title":{"rendered":"Dr. Laila Beauty Brightening Cream \u2013 G\u00f6z\u0259llik v\u0259 Par\u0131lt\u0131 \u00dc\u00e7\u00fcn Tam Qulluq Paketi"},"content":{"rendered":"<p>Dr. Laila Beauty Brightening Cream, d\u0259rinizin par\u0131lt\u0131s\u0131n\u0131 art\u0131rmaq v\u0259 q\u0131r\u0131\u015flar\u0131 azaltmaq \u00fc\u00e7\u00fcn n\u0259z\u0259rd\u0259 tutulmu\u015f m\u00fck\u0259mm\u0259l bir \u00e7oxfunksiyal\u0131 kremdir. Bu krem, d\u0259rini d\u0259rin \u015f\u0259kild\u0259 t\u0259mizl\u0259yir, n\u0259ml\u0259ndirir v\u0259 elastiklik verir, h\u0259m\u00e7inin SPF 25 il\u0259 g\u00fcn\u0259\u015fin z\u0259r\u0259rli \u015f\u00fcalar\u0131ndan qoruyur. Kolajen, arbutin v\u0259 koik tur\u015fusu t\u0259rkibli bu m\u0259hsul, d\u0259rinizin t\u0259bii g\u00f6z\u0259lliyini ortaya \u00e7\u0131xar\u0131r v\u0259 daha parlaq, g\u0259nc bir g\u00f6r\u00fcn\u00fc\u015f t\u0259min edir.<\/p>\n<p>X\u00fcsusiyy\u0259tl\u0259r:<br \/>\n\u2022 Q\u0131r\u0131\u015flar\u0131 azald\u0131r v\u0259 d\u0259rinin g\u0259nc g\u00f6r\u00fcnm\u0259sini t\u0259min edir<br \/>\n\u2022 D\u0259rinin t\u0259bii par\u0131lt\u0131s\u0131n\u0131 art\u0131r\u0131r v\u0259 r\u0259ng tonunu b\u0259rab\u0259rl\u0259\u015fdirir<br \/>\n\u2022 SPF 25 il\u0259 g\u00fcn\u0259\u015fd\u0259n qoruma t\u0259min edir<br \/>\n\u2022 Kolajen v\u0259 Arbutin Beauty Soap il\u0259 d\u0259st\u0259kl\u0259nmi\u015f<br \/>\n\u2022 D\u0259rini d\u0259rin n\u0259ml\u0259ndirir v\u0259 elastikliyini art\u0131r\u0131r<\/p>\n<p>Yaln\u0131z bir ne\u00e7\u0259 g\u00fcnd\u0259 g\u00f6z\u0259 g\u00f6r\u00fcn\u0259n n\u0259tic\u0259l\u0259r! Dr. Laila Beauty Brightening Cream il\u0259 d\u0259rinizin par\u0131lt\u0131s\u0131n\u0131 v\u0259 g\u0259nc g\u00f6r\u00fcn\u00fc\u015f\u00fcn\u00fc b\u0259rpa edin. \u0130ndi \u0259ld\u0259 edin v\u0259 \u00f6z g\u00f6z\u0259lliyinizi k\u0259\u015ff edin!<\/p>","protected":false},"excerpt":{"rendered":"<p><span style=\"font-weight: 400;\">\u041a\u0440\u0435\u043c Laila \u043e\u0442\u0431\u0435\u043b\u0438\u0432\u0430\u044e\u0449\u0438\u0439, \u043f\u044f\u0442\u043d\u0430, \u043c\u043e\u0440\u0449\u0438\u043d\u044b<\/span><\/p>","protected":false},"featured_media":6886,"comment_status":"open","ping_status":"closed","template":"","meta":[],"pwb-brand":[162],"product_cat":[127,142],"product_tag":[319,418],"class_list":{"0":"post-6884","1":"product","2":"type-product","3":"status-publish","4":"has-post-thumbnail","6":"pwb-brand-dr-laila","7":"product_cat-face-care","8":"product_cat-face-creams","9":"product_tag-uz-lklri","10":"product_tag-uzbaximi","11":"pa_size-35grm","14":"instock","15":"shipping-taxable","16":"purchasable","17":"product-type-simple"},"brands":[{"id":162,"name":"Dr Laila","slug":"dr-laila"}],"_links":{"self":[{"href":"https:\/\/axtarstore.com\/ru\/wp-json\/wp\/v2\/product\/6884"}],"collection":[{"href":"https:\/\/axtarstore.com\/ru\/wp-json\/wp\/v2\/product"}],"about":[{"href":"https:\/\/axtarstore.com\/ru\/wp-json\/wp\/v2\/types\/product"}],"replies":[{"embeddable":true,"href":"https:\/\/axtarstore.com\/ru\/wp-json\/wp\/v2\/comments?post=6884"}],"version-history":[{"count":3,"href":"https:\/\/axtarstore.com\/ru\/wp-json\/wp\/v2\/product\/6884\/revisions"}],"predecessor-version":[{"id":9689,"href":"https:\/\/axtarstore.com\/ru\/wp-json\/wp\/v2\/product\/6884\/revisions\/9689"}],"wp:featuredmedia":[{"embeddable":true,"href":"https:\/\/axtarstore.com\/ru\/wp-json\/wp\/v2\/media\/6886"}],"wp:attachment":[{"href":"https:\/\/axtarstore.com\/ru\/wp-json\/wp\/v2\/media?parent=6884"}],"wp:term":[{"taxonomy":"pwb-brand","embeddable":true,"href":"https:\/\/axtarstore.com\/ru\/wp-json\/wp\/v2\/pwb-brand?post=6884"},{"taxonomy":"product_cat","embeddable":true,"href":"https:\/\/axtarstore.com\/ru\/wp-json\/wp\/v2\/product_cat?post=6884"},{"taxonomy":"product_tag","embeddable":true,"href":"https:\/\/axtarstore.com\/ru\/wp-json\/wp\/v2\/product_tag?post=6884"}],"curies":[{"name":"wp","href":"https:\/\/api.w.org\/{rel}","templated":true}]}}