{"id":6860,"date":"2024-08-24T15:21:32","date_gmt":"2024-08-24T11:21:32","guid":{"rendered":"https:\/\/axtarstore.com\/?post_type=product&#038;p=6860"},"modified":"2025-04-22T00:16:37","modified_gmt":"2025-04-21T20:16:37","slug":"arena-gold-b%c9%99d%c9%99n-kremi","status":"publish","type":"product","link":"https:\/\/axtarstore.com\/ru\/product\/arena-gold-b%c9%99d%c9%99n-kremi\/","title":{"rendered":"Arenagold Body Lightening Cream il\u0259 D\u0259rinizin G\u00f6z\u0259lliyini Yarad\u0131n!"},"content":{"rendered":"<p>Daha parlaq v\u0259 t\u0259rav\u0259tli d\u0259ri \u00fc\u00e7\u00fcn Arenagold Body Lightening Cream-i s\u0131naqdan ke\u00e7irin! Bu krem, \u0259lav\u0259 qara n\u00f6qt\u0259l\u0259r, qoltuq alt\u0131, ayaq v\u0259 biki sah\u0259l\u0259rind\u0259ki qaralman\u0131 aradan qald\u0131raraq d\u0259rinizin tonunu a\u00e7\u0131r. Multi-vitaminl\u0259r, incil\u0259r v\u0259 zeytun il\u0259 z\u0259nginl\u0259\u015fdirilmi\u015f bu krem, b\u00fct\u00fcn d\u0259ri tipl\u0259rin\u0259 uy\u011fundur v\u0259 d\u0259riniz\u0259 m\u00fck\u0259mm\u0259l qulluq edir.<\/p>\n<p>Niy\u0259 Arenagold?<br \/>\n\u2022 \u00c7oxfunksiyal\u0131 Krem: B\u00fct\u00fcn b\u0259d\u0259n sah\u0259l\u0259rind\u0259ki qaralmalar\u0131 aradan qald\u0131rmaq \u00fc\u00e7\u00fcn ideald\u0131r.<br \/>\n\u2022 100% T\u0259hl\u00fck\u0259siz: D\u0259rininizi t\u0259bii \u015f\u0259kild\u0259 a\u011fard\u0131r v\u0259 n\u0259ml\u0259ndirir.<br \/>\n\u2022 T\u0259bii T\u0259rkib: Zeytun, inci v\u0259 vitaminl\u0259r il\u0259 d\u0259rini qoruyur.<br \/>\n\u2022 B\u00fct\u00fcn D\u0259ri Tipl\u0259ri \u00dc\u00e7\u00fcn Uy\u011fundur: H\u0259r k\u0259sin istifad\u0259 ed\u0259 bil\u0259c\u0259yi t\u0259bii v\u0259 etibarl\u0131 bir h\u0259ll.<\/p>\n<p>\u0130ndi Sifari\u015f Edin v\u0259 d\u0259rinizin t\u0259bii par\u0131lt\u0131s\u0131n\u0131 geri qazan\u0131n! Arenagold Body Lightening Cream il\u0259 parlaq, yum\u015faq v\u0259 g\u0259nc g\u00f6r\u00fcn\u0259n d\u0259riy\u0259 sahib olun!<\/p>","protected":false},"excerpt":{"rendered":"<p>Daha parlaq v\u0259 t\u0259rav\u0259tli d\u0259ri \u00fc\u00e7\u00fcn Arenagold Body Lightening Cream-i s\u0131naqdan ke\u00e7irin! Bu krem, \u0259lav\u0259 qara n\u00f6qt\u0259l\u0259r, qoltuq alt\u0131, ayaq v\u0259 biki sah\u0259l\u0259rind\u0259ki qaralman\u0131 aradan qald\u0131raraq d\u0259rinizin tonunu a\u00e7\u0131r. Multi-vitaminl\u0259r, incil\u0259r v\u0259 zeytun il\u0259 z\u0259nginl\u0259\u015fdirilmi\u015f bu krem, b\u00fct\u00fcn d\u0259ri tipl\u0259rin\u0259 uy\u011fundur v\u0259 d\u0259riniz\u0259 m\u00fck\u0259mm\u0259l qulluq edir. Niy\u0259 Arenagold? \u2022 \u00c7oxfunksiyal\u0131 Krem: B\u00fct\u00fcn b\u0259d\u0259n sah\u0259l\u0259rind\u0259ki qaralmalar\u0131 &hellip; <a href=\"https:\/\/axtarstore.com\/ru\/product\/arena-gold-b%c9%99d%c9%99n-kremi\/\" class=\"more-link\">Continue reading <span class=\"screen-reader-text\">Arenagold Body Lightening Cream il\u0259 D\u0259rinizin G\u00f6z\u0259lliyini Yarad\u0131n!<\/span><\/a><\/p>","protected":false},"featured_media":6863,"comment_status":"open","ping_status":"closed","template":"","meta":[],"pwb-brand":[163],"product_cat":[291,129],"product_tag":[300],"class_list":{"0":"post-6860","1":"product","2":"type-product","3":"status-publish","4":"has-post-thumbnail","6":"pwb-brand-arena-gold","7":"product_cat-bdn-agardici","8":"product_cat-beden-baximi","9":"product_tag-bodycare","10":"pa_size-30grm","13":"instock","14":"shipping-taxable","15":"purchasable","16":"product-type-simple"},"brands":[{"id":163,"name":"Arena Gold","slug":"arena-gold"}],"_links":{"self":[{"href":"https:\/\/axtarstore.com\/ru\/wp-json\/wp\/v2\/product\/6860"}],"collection":[{"href":"https:\/\/axtarstore.com\/ru\/wp-json\/wp\/v2\/product"}],"about":[{"href":"https:\/\/axtarstore.com\/ru\/wp-json\/wp\/v2\/types\/product"}],"replies":[{"embeddable":true,"href":"https:\/\/axtarstore.com\/ru\/wp-json\/wp\/v2\/comments?post=6860"}],"version-history":[{"count":3,"href":"https:\/\/axtarstore.com\/ru\/wp-json\/wp\/v2\/product\/6860\/revisions"}],"predecessor-version":[{"id":9786,"href":"https:\/\/axtarstore.com\/ru\/wp-json\/wp\/v2\/product\/6860\/revisions\/9786"}],"wp:featuredmedia":[{"embeddable":true,"href":"https:\/\/axtarstore.com\/ru\/wp-json\/wp\/v2\/media\/6863"}],"wp:attachment":[{"href":"https:\/\/axtarstore.com\/ru\/wp-json\/wp\/v2\/media?parent=6860"}],"wp:term":[{"taxonomy":"pwb-brand","embeddable":true,"href":"https:\/\/axtarstore.com\/ru\/wp-json\/wp\/v2\/pwb-brand?post=6860"},{"taxonomy":"product_cat","embeddable":true,"href":"https:\/\/axtarstore.com\/ru\/wp-json\/wp\/v2\/product_cat?post=6860"},{"taxonomy":"product_tag","embeddable":true,"href":"https:\/\/axtarstore.com\/ru\/wp-json\/wp\/v2\/product_tag?post=6860"}],"curies":[{"name":"wp","href":"https:\/\/api.w.org\/{rel}","templated":true}]}}