{"id":10743,"date":"2025-11-29T00:19:13","date_gmt":"2025-11-28T20:19:13","guid":{"rendered":"https:\/\/axtarstore.com\/?post_type=product&#038;p=10743"},"modified":"2025-11-29T00:22:35","modified_gmt":"2025-11-28T20:22:35","slug":"arena-gold-cay-agaci-yagi","status":"publish","type":"product","link":"https:\/\/axtarstore.com\/ru\/product\/arena-gold-cay-agaci-yagi\/","title":{"rendered":"Arena Gold \u00c7ay A\u011fac\u0131 Ya\u011f\u0131 \u2013 S\u0131zanaq v\u0259 Qara N\u00f6qt\u0259 Qar\u015f\u0131t\u0131 Ya\u011f"},"content":{"rendered":"<p>Arena Gold \u00c7ay A\u011fac\u0131 Ya\u011f\u0131 d\u0259rid\u0259 yaranan s\u0131zanaqlar\u0131, qara n\u00f6qt\u0259l\u0259ri v\u0259 q\u0131zart\u0131lar\u0131 azaldan g\u00fccl\u00fc antibakterial v\u0259 antiinflamator t\u0259sir\u0259 malik t\u0259bii ya\u011fd\u0131r. D\u0259rid\u0259ki ya\u011f balans\u0131n\u0131 n\u0259zar\u0259td\u0259 saxlay\u0131r, m\u0259sam\u0259l\u0259ri t\u0259mizl\u0259yir v\u0259 iltihab\u0131 q\u0131sa zamanda sakitl\u0259\u015fdirir.<\/p>\n<p>Daimi istifad\u0259 zaman\u0131 s\u0131zanaq izl\u0259rini y\u00fcng\u00fcll\u0259\u015fdirm\u0259y\u0259, d\u0259ri teksturas\u0131n\u0131 hamarlama\u011fa v\u0259 daha t\u0259miz, sa\u011flam g\u00f6r\u00fcn\u00fc\u015f yaratma\u011fa k\u00f6m\u0259k edir. \u00dcz \u00fc\u00e7\u00fcn oldu\u011fu kimi, sa\u00e7 d\u0259risi v\u0259 b\u0259d\u0259n \u00fc\u00e7\u00fcn d\u0259 istifad\u0259 oluna bil\u0259r.<\/p>\n<p>T\u0259bii t\u0259rkibi say\u0259sind\u0259 h\u0259ssas d\u0259ri \u00fc\u00e7\u00fcn d\u0259 uy\u011fundur v\u0259 d\u0259rini qurutmadan t\u0259sir g\u00f6st\u0259rir.<\/p>\n<p>Arena Gold \u00c7ay A\u011fac\u0131 Ya\u011f\u0131 s\u0131zanaqlar\u0131 v\u0259 qara n\u00f6qt\u0259l\u0259ri tez bir zamanda azaldan, d\u0259rini sakitl\u0259\u015fdir\u0259n v\u0259 antibakterial t\u0259sir g\u00f6st\u0259r\u0259n t\u0259bii ya\u011fd\u0131r. Ya\u011flanman\u0131 balansla\u015fd\u0131r\u0131r, m\u0259sam\u0259l\u0259ri t\u0259mizl\u0259yir v\u0259 d\u0259rini yenil\u0259yir.<\/p>\n<p>&nbsp;<\/p>\n<p>&nbsp;<\/p>\n<p>&nbsp;<\/p>","protected":false},"excerpt":{"rendered":"<p>Arena Gold \u00c7ay A\u011fac\u0131 Ya\u011f\u0131 d\u0259rid\u0259 yaranan s\u0131zanaqlar\u0131, qara n\u00f6qt\u0259l\u0259ri v\u0259 q\u0131zart\u0131lar\u0131 azaldan g\u00fccl\u00fc antibakterial v\u0259 antiinflamator t\u0259sir\u0259 malik t\u0259bii ya\u011fd\u0131r. D\u0259rid\u0259ki ya\u011f balans\u0131n\u0131 n\u0259zar\u0259td\u0259 saxlay\u0131r, m\u0259sam\u0259l\u0259ri t\u0259mizl\u0259yir v\u0259 iltihab\u0131 q\u0131sa zamanda sakitl\u0259\u015fdirir. Daimi istifad\u0259 zaman\u0131 s\u0131zanaq izl\u0259rini y\u00fcng\u00fcll\u0259\u015fdirm\u0259y\u0259, d\u0259ri teksturas\u0131n\u0131 hamarlama\u011fa v\u0259 daha t\u0259miz, sa\u011flam g\u00f6r\u00fcn\u00fc\u015f yaratma\u011fa k\u00f6m\u0259k edir. \u00dcz \u00fc\u00e7\u00fcn oldu\u011fu kimi, sa\u00e7 &hellip; <a href=\"https:\/\/axtarstore.com\/ru\/product\/arena-gold-cay-agaci-yagi\/\" class=\"more-link\">Continue reading <span class=\"screen-reader-text\">Arena Gold \u00c7ay A\u011fac\u0131 Ya\u011f\u0131 \u2013 S\u0131zanaq v\u0259 Qara N\u00f6qt\u0259 Qar\u015f\u0131t\u0131 Ya\u011f<\/span><\/a><\/p>","protected":false},"featured_media":10744,"comment_status":"open","ping_status":"closed","template":"","meta":[],"pwb-brand":[163],"product_cat":[127,427,144],"product_tag":[299,294,293,437,431,319,418,297],"class_list":{"0":"post-10743","1":"product","2":"type-product","3":"status-publish","4":"has-post-thumbnail","6":"pwb-brand-arena-gold","7":"product_cat-face-care","8":"product_cat-tbii-yaglar","9":"product_cat-face-vitamins","10":"product_tag-acnetreatment","11":"product_tag-face","12":"product_tag-facecare","13":"product_tag-natural-oils","14":"product_tag-tbii-yaglar","15":"product_tag-uz-lklri","16":"product_tag-uzbaximi","17":"product_tag-whitening","18":"pa_size-30ml","21":"instock","22":"sale","23":"shipping-taxable","24":"purchasable","25":"product-type-simple"},"brands":[{"id":163,"name":"Arena Gold","slug":"arena-gold"}],"_links":{"self":[{"href":"https:\/\/axtarstore.com\/ru\/wp-json\/wp\/v2\/product\/10743"}],"collection":[{"href":"https:\/\/axtarstore.com\/ru\/wp-json\/wp\/v2\/product"}],"about":[{"href":"https:\/\/axtarstore.com\/ru\/wp-json\/wp\/v2\/types\/product"}],"replies":[{"embeddable":true,"href":"https:\/\/axtarstore.com\/ru\/wp-json\/wp\/v2\/comments?post=10743"}],"version-history":[{"count":2,"href":"https:\/\/axtarstore.com\/ru\/wp-json\/wp\/v2\/product\/10743\/revisions"}],"predecessor-version":[{"id":10957,"href":"https:\/\/axtarstore.com\/ru\/wp-json\/wp\/v2\/product\/10743\/revisions\/10957"}],"wp:featuredmedia":[{"embeddable":true,"href":"https:\/\/axtarstore.com\/ru\/wp-json\/wp\/v2\/media\/10744"}],"wp:attachment":[{"href":"https:\/\/axtarstore.com\/ru\/wp-json\/wp\/v2\/media?parent=10743"}],"wp:term":[{"taxonomy":"pwb-brand","embeddable":true,"href":"https:\/\/axtarstore.com\/ru\/wp-json\/wp\/v2\/pwb-brand?post=10743"},{"taxonomy":"product_cat","embeddable":true,"href":"https:\/\/axtarstore.com\/ru\/wp-json\/wp\/v2\/product_cat?post=10743"},{"taxonomy":"product_tag","embeddable":true,"href":"https:\/\/axtarstore.com\/ru\/wp-json\/wp\/v2\/product_tag?post=10743"}],"curies":[{"name":"wp","href":"https:\/\/api.w.org\/{rel}","templated":true}]}}