{"id":10719,"date":"2025-11-27T23:49:11","date_gmt":"2025-11-27T19:49:11","guid":{"rendered":"https:\/\/axtarstore.com\/?post_type=product&#038;p=10719"},"modified":"2025-11-29T01:52:07","modified_gmt":"2025-11-28T21:52:07","slug":"adore-shea-butter-petroleum-jelly","status":"publish","type":"product","link":"https:\/\/axtarstore.com\/ru\/product\/adore-shea-butter-petroleum-jelly\/","title":{"rendered":"Adore Shea Butter Premium Petroleum Jelly \u2013 Quru v\u0259 \u00c7atlam\u0131\u015f D\u0259ri \u00dc\u00e7\u00fcn"},"content":{"rendered":"<p>Adore Shea Butter Premium Petroleum Jelly d\u0259rini d\u0259rin \u015f\u0259kild\u0259 n\u0259ml\u0259ndir\u0259n, qurulu\u011fu azaltma\u011fa k\u00f6m\u0259k ed\u0259n v\u0259 \u00e7atlam\u0131\u015f nahiy\u0259l\u0259ri b\u0259rpa ed\u0259n g\u00fccl\u00fc qoruyucu balzamd\u0131r. Shea ya\u011f\u0131 il\u0259 z\u0259ngin t\u0259rkibi d\u0259rinin elastikliyini art\u0131r\u0131r, s\u0259rt v\u0259 quru b\u00f6lg\u0259l\u0259ri yum\u015fald\u0131r, q\u0131c\u0131qlanman\u0131 azald\u0131r v\u0259 uzunm\u00fcdd\u0259tli n\u0259ml\u0259ndirm\u0259 t\u0259min edir.<\/p>\n<p>M\u00fct\u0259madi istifad\u0259 zaman\u0131 d\u0259ri daha hamar, yum\u015faq v\u0259 sa\u011flam g\u00f6r\u00fcn\u00fcr. Balansl\u0131, ya\u011flanmayan qurulu\u015fu say\u0259sind\u0259 u\u015faqlar, b\u00f6y\u00fckl\u0259r v\u0259 h\u0259ssas d\u0259ril\u0259r \u00fc\u00e7\u00fcn d\u0259 uy\u011fundur.<\/p>","protected":false},"excerpt":{"rendered":"<p>Shea ya\u011f\u0131 il\u0259 z\u0259ngin Adore Shea Butter Petroleum Jelly d\u0259rini intensiv n\u0259ml\u0259ndirir, qurulu\u011fu v\u0259 \u00e7atlaman\u0131 aradan qald\u0131rma\u011fa k\u00f6m\u0259k edir.<br \/>\nQuru, s\u0259rt v\u0259 h\u0259ssas d\u0259ril\u0259r \u00fc\u00e7\u00fcn ideal qoruyucu balzamd\u0131r.<br \/>\nD\u0259rinin elastikliyini art\u0131r\u0131r, yum\u015faql\u0131q v\u0259 hamar g\u00f6r\u00fcn\u00fc\u015f b\u0259x\u015f edir.<\/p>","protected":false},"featured_media":10721,"comment_status":"open","ping_status":"closed","template":"","meta":[],"pwb-brand":[446],"product_cat":[129,159,399,384,144],"product_tag":[300,294,333,293,423,332,418],"class_list":{"0":"post-10719","1":"product","2":"type-product","3":"status-publish","4":"has-post-thumbnail","6":"pwb-brand-adore","7":"product_cat-beden-baximi","8":"product_cat-body-massage","9":"product_cat-bdn-nmlndiricisi","10":"product_cat-uz-nmlndirici-krem","11":"product_cat-face-vitamins","12":"product_tag-bodycare","13":"product_tag-face","14":"product_tag-face-moisturiser","15":"product_tag-facecare","16":"product_tag-skincareroutine","17":"product_tag-uz-nmlndiricisi","18":"product_tag-uzbaximi","19":"pa_size-70gr","22":"instock","23":"sale","24":"shipping-taxable","25":"purchasable","26":"product-type-simple"},"brands":[{"id":446,"name":"Adore","slug":"adore"}],"_links":{"self":[{"href":"https:\/\/axtarstore.com\/ru\/wp-json\/wp\/v2\/product\/10719"}],"collection":[{"href":"https:\/\/axtarstore.com\/ru\/wp-json\/wp\/v2\/product"}],"about":[{"href":"https:\/\/axtarstore.com\/ru\/wp-json\/wp\/v2\/types\/product"}],"replies":[{"embeddable":true,"href":"https:\/\/axtarstore.com\/ru\/wp-json\/wp\/v2\/comments?post=10719"}],"version-history":[{"count":6,"href":"https:\/\/axtarstore.com\/ru\/wp-json\/wp\/v2\/product\/10719\/revisions"}],"predecessor-version":[{"id":10751,"href":"https:\/\/axtarstore.com\/ru\/wp-json\/wp\/v2\/product\/10719\/revisions\/10751"}],"wp:featuredmedia":[{"embeddable":true,"href":"https:\/\/axtarstore.com\/ru\/wp-json\/wp\/v2\/media\/10721"}],"wp:attachment":[{"href":"https:\/\/axtarstore.com\/ru\/wp-json\/wp\/v2\/media?parent=10719"}],"wp:term":[{"taxonomy":"pwb-brand","embeddable":true,"href":"https:\/\/axtarstore.com\/ru\/wp-json\/wp\/v2\/pwb-brand?post=10719"},{"taxonomy":"product_cat","embeddable":true,"href":"https:\/\/axtarstore.com\/ru\/wp-json\/wp\/v2\/product_cat?post=10719"},{"taxonomy":"product_tag","embeddable":true,"href":"https:\/\/axtarstore.com\/ru\/wp-json\/wp\/v2\/product_tag?post=10719"}],"curies":[{"name":"wp","href":"https:\/\/api.w.org\/{rel}","templated":true}]}}