{"id":10715,"date":"2025-11-27T23:26:50","date_gmt":"2025-11-27T19:26:50","guid":{"rendered":"https:\/\/axtarstore.com\/?post_type=product&#038;p=10715"},"modified":"2025-11-29T02:08:40","modified_gmt":"2025-11-28T22:08:40","slug":"arena-gold-x-fairness-serum-for-men","status":"publish","type":"product","link":"https:\/\/axtarstore.com\/ru\/product\/arena-gold-x-fairness-serum-for-men\/","title":{"rendered":"Arena Gold X Fairness Serum for Men \u2013 D\u0259ri Parlad\u0131c\u0131 Ki\u015fi Serumu"},"content":{"rendered":"<p>Arena Gold X Fairness Serum ki\u015fil\u0259rin d\u0259risi \u00fc\u00e7\u00fcn x\u00fcsusi olaraq haz\u0131rlanm\u0131\u015f parlad\u0131c\u0131 v\u0259 b\u0259rpaedici formulad\u0131r. Serum d\u0259rid\u0259ki qaralma, l\u0259k\u0259, r\u0259ng b\u0259rab\u0259rsizliyi v\u0259 yor\u011fun g\u00f6r\u00fcn\u00fc\u015f\u00fc h\u0259d\u0259fl\u0259yir, daha ayd\u0131n v\u0259 t\u0259miz d\u0259ri tonu yarad\u0131r.<\/p>\n<p>T\u0259rkibind\u0259 olan Vitamin C h\u00fcceyr\u0259l\u0259ri canland\u0131r\u0131r v\u0259 d\u0259rinin parlaql\u0131\u011f\u0131n\u0131 art\u0131r\u0131r. Jojoba ya\u011f\u0131 d\u0259rini yum\u015fald\u0131r, quru v\u0259 s\u0259rt hissi aradan qald\u0131r\u0131r. Hyaluronic Acid is\u0259 uzunm\u00fcdd\u0259tli n\u0259ml\u0259ndirm\u0259 t\u0259min ed\u0259r\u0259k d\u0259rinin daha g\u0259nc g\u00f6r\u00fcnm\u0259sin\u0259 k\u00f6m\u0259k edir.<\/p>\n<p>Serum tez hopur, ya\u011fl\u0131l\u0131q yaratm\u0131r v\u0259 g\u00fcnd\u0259lik istifad\u0259y\u0259 uy\u011fundur. Davaml\u0131 istifad\u0259 zaman\u0131 d\u0259ri daha parlaq, yum\u015faq v\u0259 sa\u011flam g\u00f6r\u00fcn\u00fcr. H\u0259m g\u00fcnd\u00fcz, h\u0259m d\u0259 gec\u0259 istifad\u0259 edil\u0259 bil\u0259r.<\/p>\n<p>\u2b50 Faydalar\u0131 <\/p>\n<p>D\u0259ri tonunu b\u0259rab\u0259rl\u0259\u015fdirir v\u0259 qaralman\u0131 azald\u0131r<\/p>\n<p>L\u0259k\u0259l\u0259rin g\u00f6r\u00fcn\u00fc\u015f\u00fcn\u00fc z\u0259ifl\u0259dir<\/p>\n<p>Vitamin C il\u0259 d\u0259rini parlad\u0131r v\u0259 canland\u0131r\u0131r<\/p>\n<p>Hyaluronic Acid il\u0259 d\u0259rin n\u0259ml\u0259ndirm\u0259 t\u0259min edir<\/p>\n<p>Jojoba ya\u011f\u0131 il\u0259 d\u0259rini yum\u015fald\u0131r v\u0259 elastikliyini art\u0131r\u0131r<\/p>\n<p>Arena Gold Men Serum d\u0259rinin tonunu b\u0259rab\u0259rl\u0259\u015fdir\u0259n v\u0259 ki\u015fil\u0259r \u00fc\u00e7\u00fcn g\u00fccl\u00fc parlad\u0131c\u0131 t\u0259sir g\u00f6st\u0259r\u0259n bir formulad\u0131r.<\/p>\n<p>Ya\u011fl\u0131 hiss yaratmadan tez hopur<\/p>\n<p>Ki\u015fil\u0259r \u00fc\u00e7\u00fcn x\u00fcsusi formul<\/p>\n<p>T\u0259miz v\u0259 quru d\u0259riy\u0259 az miqdarda serum \u00e7\u0259kin. Tam hopana q\u0259d\u0259r y\u00fcng\u00fcl masaj edin. G\u00fcnd\u0259 2 d\u0259f\u0259 \u2013 s\u0259h\u0259r v\u0259 ax\u015fam istifad\u0259 olunmas\u0131 t\u00f6vsiy\u0259 edilir. G\u00fcn \u0259rzind\u0259 g\u00fcn\u0259\u015f\u0259 \u00e7\u0131x\u0131rs\u0131n\u0131zsa, \u00fcz\u0259rin\u0259 SPF krem \u00e7\u0259km\u0259k m\u0259sl\u0259h\u0259tdir.<\/p>","protected":false},"excerpt":{"rendered":"<p>Arena Gold X Fairness Serum ki\u015fil\u0259r \u00fc\u00e7\u00fcn haz\u0131rlanm\u0131\u015f parlad\u0131c\u0131 v\u0259 t\u0259rav\u0259tl\u0259ndirici serumdur. D\u0259ri tonunu b\u0259rab\u0259rl\u0259\u015fdirir, l\u0259k\u0259l\u0259ri v\u0259 qaralman\u0131 azald\u0131r, daha ayd\u0131n v\u0259 t\u0259miz g\u00f6r\u00fcn\u00fc\u015f yarad\u0131r. T\u0259rkibind\u0259ki Vitamin C, Jojoba Ya\u011f\u0131 v\u0259 Hyaluronic Acid d\u0259rini n\u0259ml\u0259ndirir v\u0259 canland\u0131r\u0131r. G\u00fcnd\u0259lik bax\u0131m \u00fc\u00e7\u00fcn ideal se\u00e7imdir.<\/p>","protected":false},"featured_media":10716,"comment_status":"open","ping_status":"closed","template":"","meta":[],"pwb-brand":[163],"product_cat":[127,143,144],"product_tag":[353,293,423,418,297],"class_list":{"0":"post-10715","1":"product","2":"type-product","3":"status-publish","4":"has-post-thumbnail","6":"pwb-brand-arena-gold","7":"product_cat-face-care","8":"product_cat-face-serum","9":"product_cat-face-vitamins","10":"product_tag-face-serum","11":"product_tag-facecare","12":"product_tag-skincareroutine","13":"product_tag-uzbaximi","14":"product_tag-whitening","15":"pa_size-5ml","18":"instock","19":"sale","20":"shipping-taxable","21":"purchasable","22":"product-type-simple"},"brands":[{"id":163,"name":"Arena Gold","slug":"arena-gold"}],"_links":{"self":[{"href":"https:\/\/axtarstore.com\/ru\/wp-json\/wp\/v2\/product\/10715"}],"collection":[{"href":"https:\/\/axtarstore.com\/ru\/wp-json\/wp\/v2\/product"}],"about":[{"href":"https:\/\/axtarstore.com\/ru\/wp-json\/wp\/v2\/types\/product"}],"replies":[{"embeddable":true,"href":"https:\/\/axtarstore.com\/ru\/wp-json\/wp\/v2\/comments?post=10715"}],"version-history":[{"count":4,"href":"https:\/\/axtarstore.com\/ru\/wp-json\/wp\/v2\/product\/10715\/revisions"}],"predecessor-version":[{"id":10753,"href":"https:\/\/axtarstore.com\/ru\/wp-json\/wp\/v2\/product\/10715\/revisions\/10753"}],"wp:featuredmedia":[{"embeddable":true,"href":"https:\/\/axtarstore.com\/ru\/wp-json\/wp\/v2\/media\/10716"}],"wp:attachment":[{"href":"https:\/\/axtarstore.com\/ru\/wp-json\/wp\/v2\/media?parent=10715"}],"wp:term":[{"taxonomy":"pwb-brand","embeddable":true,"href":"https:\/\/axtarstore.com\/ru\/wp-json\/wp\/v2\/pwb-brand?post=10715"},{"taxonomy":"product_cat","embeddable":true,"href":"https:\/\/axtarstore.com\/ru\/wp-json\/wp\/v2\/product_cat?post=10715"},{"taxonomy":"product_tag","embeddable":true,"href":"https:\/\/axtarstore.com\/ru\/wp-json\/wp\/v2\/product_tag?post=10715"}],"curies":[{"name":"wp","href":"https:\/\/api.w.org\/{rel}","templated":true}]}}