{"id":10693,"date":"2025-11-27T22:51:34","date_gmt":"2025-11-27T18:51:34","guid":{"rendered":"https:\/\/axtarstore.com\/?post_type=product&#038;p=10693"},"modified":"2025-11-29T02:18:37","modified_gmt":"2025-11-28T22:18:37","slug":"product-sac-dahan-al-hannzel-krem","status":"publish","type":"product","link":"https:\/\/axtarstore.com\/ru\/product\/product-sac-dahan-al-hannzel-krem\/","title":{"rendered":"DAHAN AL HANNZEL NATURAL &#038; HERBAL CREAM (50ml)"},"content":{"rendered":"<p>SAC Dahan Al Hannzel Krem n\u0259dir?<\/p>\n<p>SAC Dahan Al Hannzel Krem \u0259z\u0259l\u0259, bel v\u0259 oynaq a\u011fr\u0131lar\u0131n\u0131 azaltmaq \u00fc\u00e7\u00fcn haz\u0131rlanm\u0131\u015f t\u0259bii masaj vasit\u0259sidir. Qan d\u00f6vran\u0131n\u0131 aktivl\u0259\u015fdir\u0259r\u0259k b\u0259d\u0259nin rahatlamas\u0131na v\u0259 g\u0259rginliyin azalmas\u0131na k\u00f6m\u0259k edir.<\/p>\n<p>T\u0259rkib v\u0259 t\u0259sir<\/p>\n<p>Bu krem bitki m\u0259n\u015f\u0259li komponentl\u0259rl\u0259 z\u0259ngindir v\u0259 b\u0259d\u0259nin d\u0259rin qatlar\u0131na n\u00fcfuz ed\u0259r\u0259k effekt g\u00f6st\u0259rir:<\/p>\n<p>G\u0259rginliyi azald\u0131r<\/p>\n<p>\u018fz\u0259l\u0259l\u0259ri yum\u015fald\u0131r v\u0259 rahatlad\u0131r<\/p>\n<p>Qan d\u00f6vran\u0131n\u0131 s\u00fcr\u0259tl\u0259ndirir<\/p>\n<p>A\u011fr\u0131n\u0131 v\u0259 \u015fi\u015fkinliyi azald\u0131r<\/p>\n<p>Faydalar\u0131<\/p>\n<p>\u2b50 \u018fz\u0259l\u0259 v\u0259 bel a\u011fr\u0131lar\u0131n\u0131 y\u00fcng\u00fcll\u0259\u015fdirir<br \/>\n\u2b50 Oynaq a\u011fr\u0131lar\u0131n\u0131 sakitl\u0259\u015fdirir<br \/>\n\u2b50 Yor\u011funlu\u011fu v\u0259 g\u0259rginliyi aradan qald\u0131r\u0131r<br \/>\n\u2b50 Qan d\u00f6vran\u0131n\u0131 yax\u015f\u0131la\u015fd\u0131raraq rahatl\u0131q yarad\u0131r<br \/>\n\u2b50 Fiziki i\u015f v\u0259 idman sonras\u0131 istifad\u0259 \u00fc\u00e7\u00fcn uy\u011fundur<\/p>\n<p>\u0130stifad\u0259 qaydas\u0131<\/p>\n<p>T\u0259miz d\u0259riy\u0259 az miqdarda krem \u00e7\u0259kin. Dair\u0259vi h\u0259r\u0259k\u0259tl\u0259rl\u0259 masaj ed\u0259r\u0259k sovrulmas\u0131n\u0131 g\u00f6zl\u0259yin. G\u00fcnd\u0259 2\u20133 d\u0259f\u0259 istifad\u0259 etm\u0259k t\u00f6vsiy\u0259 olunur.<\/p>","protected":false},"excerpt":{"rendered":"<p>SAC Dahan Al Hannzel Krem \u0259z\u0259l\u0259, bel v\u0259 oynaq a\u011fr\u0131lar\u0131n\u0131 azaltma\u011fa k\u00f6m\u0259k ed\u0259n t\u0259bii bitki m\u0259n\u015f\u0259li masaj kremidir. Yor\u011funlu\u011fu aradan qald\u0131r\u0131r, qan d\u00f6vran\u0131n\u0131 yax\u015f\u0131la\u015fd\u0131r\u0131r v\u0259 b\u0259d\u0259ni rahatlad\u0131r. G\u00fcnd\u0259lik istifad\u0259 \u00fc\u00e7\u00fcn uy\u011fundur.<\/p>","protected":false},"featured_media":10694,"comment_status":"open","ping_status":"closed","template":"","meta":[],"pwb-brand":[180],"product_cat":[430,129],"product_tag":[457,300],"class_list":{"0":"post-10693","1":"product","2":"type-product","3":"status-publish","4":"has-post-thumbnail","6":"pwb-brand-sac-s-amden","7":"product_cat-bdn-agri-ksici-mhsullar","8":"product_cat-beden-baximi","9":"product_tag-agri-ksici-mhsullar","10":"product_tag-bodycare","11":"pa_size-100grm","14":"instock","15":"sale","16":"shipping-taxable","17":"purchasable","18":"product-type-simple"},"brands":[{"id":180,"name":"Sac S-Amden","slug":"sac-s-amden"}],"_links":{"self":[{"href":"https:\/\/axtarstore.com\/ru\/wp-json\/wp\/v2\/product\/10693"}],"collection":[{"href":"https:\/\/axtarstore.com\/ru\/wp-json\/wp\/v2\/product"}],"about":[{"href":"https:\/\/axtarstore.com\/ru\/wp-json\/wp\/v2\/types\/product"}],"replies":[{"embeddable":true,"href":"https:\/\/axtarstore.com\/ru\/wp-json\/wp\/v2\/comments?post=10693"}],"version-history":[{"count":4,"href":"https:\/\/axtarstore.com\/ru\/wp-json\/wp\/v2\/product\/10693\/revisions"}],"predecessor-version":[{"id":10757,"href":"https:\/\/axtarstore.com\/ru\/wp-json\/wp\/v2\/product\/10693\/revisions\/10757"}],"wp:featuredmedia":[{"embeddable":true,"href":"https:\/\/axtarstore.com\/ru\/wp-json\/wp\/v2\/media\/10694"}],"wp:attachment":[{"href":"https:\/\/axtarstore.com\/ru\/wp-json\/wp\/v2\/media?parent=10693"}],"wp:term":[{"taxonomy":"pwb-brand","embeddable":true,"href":"https:\/\/axtarstore.com\/ru\/wp-json\/wp\/v2\/pwb-brand?post=10693"},{"taxonomy":"product_cat","embeddable":true,"href":"https:\/\/axtarstore.com\/ru\/wp-json\/wp\/v2\/product_cat?post=10693"},{"taxonomy":"product_tag","embeddable":true,"href":"https:\/\/axtarstore.com\/ru\/wp-json\/wp\/v2\/product_tag?post=10693"}],"curies":[{"name":"wp","href":"https:\/\/api.w.org\/{rel}","templated":true}]}}