{"id":10690,"date":"2025-11-27T22:41:38","date_gmt":"2025-11-27T18:41:38","guid":{"rendered":"https:\/\/axtarstore.com\/?post_type=product&#038;p=10690"},"modified":"2025-11-29T02:22:26","modified_gmt":"2025-11-28T22:22:26","slug":"product-sac-kajal-goz-qelemi-surma","status":"publish","type":"product","link":"https:\/\/axtarstore.com\/ru\/product\/product-sac-kajal-goz-qelemi-surma\/","title":{"rendered":"SAC\u00ae S\u00dcRM\u018f"},"content":{"rendered":"<p>SAC Kajal n\u0259dir?<\/p>\n<p>SAC Kajal g\u00f6zl\u0259ri daha ifad\u0259li, k\u0259skin v\u0259 cazib\u0259dar g\u00f6st\u0259rm\u0259k \u00fc\u00e7\u00fcn haz\u0131rlanm\u0131\u015f t\u0259bii t\u0259rkibli surmad\u0131r. Y\u00fcng\u00fcl teksturas\u0131 g\u00f6z qapa\u011f\u0131na asanl\u0131qla \u00e7\u0259kilir v\u0259 uzunm\u00fcdd\u0259tli qara effekt yarad\u0131r.<\/p>\n<p>T\u0259rkib v\u0259 t\u0259sir<\/p>\n<p>T\u0259bii komponentl\u0259rl\u0259 z\u0259ngin olan formul g\u00f6z \u0259traf\u0131n\u0131 q\u0131c\u0131qland\u0131rm\u0131r, rahatl\u0131qla s\u00fcrt\u00fcl\u00fcr v\u0259 g\u00fcn \u0259rzind\u0259 yay\u0131lmadan qal\u0131r.<\/p>\n<p>\u00dcst\u00fcnl\u00fckl\u0259ri<\/p>\n<p>\u2b50 G\u00f6zl\u0259ri daha d\u0259rin v\u0259 k\u0259skin g\u00f6st\u0259rir<br \/>\n\u2b50 Q\u0131c\u0131qland\u0131rmayan t\u0259bii formul<br \/>\n\u2b50 Uzunm\u00fcdd\u0259tli qara effekt<br \/>\n\u2b50 Asan \u00e7\u0259kil\u0259n krem vari tekstura<br \/>\n\u2b50 G\u00fcnd\u0259lik istifad\u0259 \u00fc\u00e7\u00fcn uy\u011fundur<\/p>\n<p>\u0130stifad\u0259 qaydas\u0131<\/p>\n<p>T\u0259miz g\u00f6z qapa\u011f\u0131na ehtiyac duyulan qal\u0131nl\u0131qda \u00e7\u0259kin. G\u00fcnd\u0259lik makiyaj v\u0259 ya x\u00fcsusi g\u00f6r\u00fcn\u00fc\u015f \u00fc\u00e7\u00fcn ideald\u0131r.<\/p>","protected":false},"excerpt":{"rendered":"<p>SAC Kajal g\u00f6zl\u0259ri daha d\u0259rin v\u0259 cazib\u0259dar g\u00f6st\u0259r\u0259n t\u0259bii surmad\u0131r. Q\u0131c\u0131qland\u0131rmayan formul g\u00f6z \u0259traf\u0131n\u0131 qoruyur, qal\u0131c\u0131 qara effekt yarad\u0131r v\u0259 g\u00fcnd\u0259lik istifad\u0259 \u00fc\u00e7\u00fcn ideald\u0131r.<\/p>","protected":false},"featured_media":10691,"comment_status":"open","ping_status":"closed","template":"","meta":[],"pwb-brand":[180],"product_cat":[153],"product_tag":[342],"class_list":{"0":"post-10690","1":"product","2":"type-product","3":"status-publish","4":"has-post-thumbnail","6":"pwb-brand-sac-s-amden","7":"product_cat-goz-baximi","8":"product_tag-eye-care","11":"instock","12":"sale","13":"shipping-taxable","14":"purchasable","15":"product-type-simple"},"brands":[{"id":180,"name":"Sac S-Amden","slug":"sac-s-amden"}],"_links":{"self":[{"href":"https:\/\/axtarstore.com\/ru\/wp-json\/wp\/v2\/product\/10690"}],"collection":[{"href":"https:\/\/axtarstore.com\/ru\/wp-json\/wp\/v2\/product"}],"about":[{"href":"https:\/\/axtarstore.com\/ru\/wp-json\/wp\/v2\/types\/product"}],"replies":[{"embeddable":true,"href":"https:\/\/axtarstore.com\/ru\/wp-json\/wp\/v2\/comments?post=10690"}],"version-history":[{"count":5,"href":"https:\/\/axtarstore.com\/ru\/wp-json\/wp\/v2\/product\/10690\/revisions"}],"predecessor-version":[{"id":10759,"href":"https:\/\/axtarstore.com\/ru\/wp-json\/wp\/v2\/product\/10690\/revisions\/10759"}],"wp:featuredmedia":[{"embeddable":true,"href":"https:\/\/axtarstore.com\/ru\/wp-json\/wp\/v2\/media\/10691"}],"wp:attachment":[{"href":"https:\/\/axtarstore.com\/ru\/wp-json\/wp\/v2\/media?parent=10690"}],"wp:term":[{"taxonomy":"pwb-brand","embeddable":true,"href":"https:\/\/axtarstore.com\/ru\/wp-json\/wp\/v2\/pwb-brand?post=10690"},{"taxonomy":"product_cat","embeddable":true,"href":"https:\/\/axtarstore.com\/ru\/wp-json\/wp\/v2\/product_cat?post=10690"},{"taxonomy":"product_tag","embeddable":true,"href":"https:\/\/axtarstore.com\/ru\/wp-json\/wp\/v2\/product_tag?post=10690"}],"curies":[{"name":"wp","href":"https:\/\/api.w.org\/{rel}","templated":true}]}}