{"id":10686,"date":"2025-11-27T22:34:18","date_gmt":"2025-11-27T18:34:18","guid":{"rendered":"https:\/\/axtarstore.com\/?post_type=product&#038;p=10686"},"modified":"2025-11-29T02:41:16","modified_gmt":"2025-11-28T22:41:16","slug":"arena-gold-ud-hindi-yagi-30ml","status":"publish","type":"product","link":"https:\/\/axtarstore.com\/ru\/product\/arena-gold-ud-hindi-yagi-30ml\/","title":{"rendered":"Arena Gold Ud Hindi Ya\u011f\u0131 \u2013 Costus Root Oil 30ml"},"content":{"rendered":"<p>Arena Gold Ud Hindi Ya\u011f\u0131, costus k\u00f6k\u00fcnd\u0259n \u0259ld\u0259 edil\u0259n 100% t\u0259bii v\u0259 g\u00fccl\u00fc bitki ekstrakt\u0131d\u0131r. Ud hindi ya\u011f\u0131 \u0259srl\u0259r boyu d\u0259ri probleml\u0259rini azaltmaq, iltihab\u0131 sakitl\u0259\u015fdirm\u0259k, sa\u00e7 t\u00f6k\u00fclm\u0259sini azaltmaq v\u0259 immuniteti g\u00fccl\u0259ndirm\u0259k \u00fc\u00e7\u00fcn istifad\u0259 olunub.<\/p>\n<p>Ya\u011f d\u0259rinin d\u0259rin qatlar\u0131na n\u00fcfuz ed\u0259r\u0259k l\u0259k\u0259l\u0259ri y\u00fcng\u00fcll\u0259\u015fdirir, piqmentasiyan\u0131 azald\u0131r v\u0259 d\u0259rini daha sa\u011flam g\u00f6st\u0259rir. Sa\u00e7 dibl\u0259rin\u0259 t\u0259tbiq edildikd\u0259 qidaland\u0131r\u0131r, z\u0259if tell\u0259ri m\u00f6hk\u0259ml\u0259ndirir v\u0259 sa\u00e7 k\u00f6kl\u0259rini b\u0259rpa edir.<\/p>\n<p>Faydalar\u0131:<\/p>\n<p>L\u0259k\u0259 v\u0259 piqmentasiyan\u0131 azald\u0131r<\/p>\n<p>Q\u0131zart\u0131 v\u0259 iltihab\u0131 sakitl\u0259\u015fdirir<\/p>\n<p>Sa\u00e7 dibl\u0259rini g\u00fccl\u0259ndirir<\/p>\n<p>Sa\u00e7 t\u00f6k\u00fclm\u0259sini azald\u0131r<\/p>\n<p>D\u0259rini yum\u015fald\u0131r v\u0259 parlaqla\u015fd\u0131r\u0131r<\/p>\n<p>100% t\u0259bii costus (ud hindi) ekstrakt\u0131<\/p>\n<p>Z\u0259if immuniteti g\u00fccl\u0259ndirir (xarici istifad\u0259d\u0259)<\/p>\n<p>\u0421\u043f\u043e\u0441\u043e\u0431 \u0438\u0441\u043f\u043e\u043b\u044c\u0437\u043e\u0432\u0430\u043d\u0438\u044f:<\/p>\n<p>D\u0259ri v\u0259 ya sa\u00e7 dibl\u0259rin\u0259 az miqdarda \u00e7\u0259kin, y\u00fcng\u00fcl masaj edin. G\u00fcnd\u0259lik istifad\u0259 \u00fc\u00e7\u00fcn uy\u011fundur.<\/p>","protected":false},"excerpt":{"rendered":"<p>Arena Gold Ud Hindi Ya\u011f\u0131 30ml, d\u0259ri l\u0259k\u0259l\u0259rini azaldan, q\u0131zart\u0131n\u0131 sakitl\u0259\u015fdir\u0259n v\u0259 sa\u00e7 dibl\u0259rini g\u00fccl\u0259ndir\u0259n 100% t\u0259bii costus (ud hindi) ya\u011f\u0131ndan haz\u0131rlan\u0131b. Antioksidant t\u0259siri il\u0259 d\u0259rini yenil\u0259yir v\u0259 b\u0259rpa edir.<\/p>","protected":false},"featured_media":10688,"comment_status":"open","ping_status":"closed","template":"","meta":[],"pwb-brand":[163],"product_cat":[129,126,138,135,427,127],"product_tag":[300,293,437,423,431,418],"class_list":{"0":"post-10686","1":"product","2":"type-product","3":"status-publish","4":"has-post-thumbnail","6":"pwb-brand-arena-gold","7":"product_cat-beden-baximi","8":"product_cat-haircare","9":"product_cat-vitamins","10":"product_cat-oil","11":"product_cat-tbii-yaglar","12":"product_cat-face-care","13":"product_tag-bodycare","14":"product_tag-facecare","15":"product_tag-natural-oils","16":"product_tag-skincareroutine","17":"product_tag-tbii-yaglar","18":"product_tag-uzbaximi","19":"pa_size-30ml","22":"instock","23":"sale","24":"shipping-taxable","25":"purchasable","26":"product-type-simple"},"brands":[{"id":163,"name":"Arena Gold","slug":"arena-gold"}],"_links":{"self":[{"href":"https:\/\/axtarstore.com\/ru\/wp-json\/wp\/v2\/product\/10686"}],"collection":[{"href":"https:\/\/axtarstore.com\/ru\/wp-json\/wp\/v2\/product"}],"about":[{"href":"https:\/\/axtarstore.com\/ru\/wp-json\/wp\/v2\/types\/product"}],"replies":[{"embeddable":true,"href":"https:\/\/axtarstore.com\/ru\/wp-json\/wp\/v2\/comments?post=10686"}],"version-history":[{"count":6,"href":"https:\/\/axtarstore.com\/ru\/wp-json\/wp\/v2\/product\/10686\/revisions"}],"predecessor-version":[{"id":10767,"href":"https:\/\/axtarstore.com\/ru\/wp-json\/wp\/v2\/product\/10686\/revisions\/10767"}],"wp:featuredmedia":[{"embeddable":true,"href":"https:\/\/axtarstore.com\/ru\/wp-json\/wp\/v2\/media\/10688"}],"wp:attachment":[{"href":"https:\/\/axtarstore.com\/ru\/wp-json\/wp\/v2\/media?parent=10686"}],"wp:term":[{"taxonomy":"pwb-brand","embeddable":true,"href":"https:\/\/axtarstore.com\/ru\/wp-json\/wp\/v2\/pwb-brand?post=10686"},{"taxonomy":"product_cat","embeddable":true,"href":"https:\/\/axtarstore.com\/ru\/wp-json\/wp\/v2\/product_cat?post=10686"},{"taxonomy":"product_tag","embeddable":true,"href":"https:\/\/axtarstore.com\/ru\/wp-json\/wp\/v2\/product_tag?post=10686"}],"curies":[{"name":"wp","href":"https:\/\/api.w.org\/{rel}","templated":true}]}}