{"id":10683,"date":"2025-11-27T22:29:02","date_gmt":"2025-11-27T18:29:02","guid":{"rendered":"https:\/\/axtarstore.com\/?post_type=product&#038;p=10683"},"modified":"2025-11-29T02:37:20","modified_gmt":"2025-11-28T22:37:20","slug":"mark30-neem-face-wash-sizanaq-uz-geli","status":"publish","type":"product","link":"https:\/\/axtarstore.com\/ru\/product\/mark30-neem-face-wash-sizanaq-uz-geli\/","title":{"rendered":"Mark30 Neem Acne Clear Face Wash \u2013 S\u0131zanaq \u018fleyhin\u0259 \u00dcz Yuma Geli (100ml)"},"content":{"rendered":"<p>Mark30 Neem Acne Clear Face Wash d\u0259rini s\u0131zanaq, ya\u011flanma v\u0259 qara n\u00f6qt\u0259l\u0259rd\u0259n qorumaq \u00fc\u00e7\u00fcn haz\u0131rlanm\u0131\u015f bitki t\u0259rkibli \u00fcz yuma gelidir. Neem ekstrakt\u0131 antibakterial t\u0259siri il\u0259 d\u0259rinin d\u0259rin qatlar\u0131na n\u00fcfuz edir, \u00e7irkl\u0259ri, art\u0131q ya\u011f\u0131 v\u0259 m\u0259sam\u0259l\u0259rd\u0259 y\u0131\u011f\u0131lan qal\u0131qlar\u0131 tam \u015f\u0259kild\u0259 t\u0259mizl\u0259yir.<\/p>\n<p>Gel d\u0259rid\u0259ki iltihab\u0131 sakitl\u0259\u015fdirir, q\u0131zart\u0131n\u0131 azald\u0131r v\u0259 davaml\u0131 istifad\u0259 zaman\u0131 s\u0131zanaqlar\u0131n yaranmas\u0131n\u0131n qar\u015f\u0131s\u0131n\u0131 al\u0131r. T\u0259miz v\u0259 yum\u015faq t\u0259rkibi say\u0259sind\u0259 b\u00fct\u00fcn d\u0259ri tipl\u0259rin\u0259 uy\u011fundur, g\u00fcnd\u0259lik istifad\u0259 \u00fc\u00e7\u00fcn ideald\u0131r.<\/p>\n<p>Faydalar\u0131:<\/p>\n<p>S\u0131zanaqlar\u0131 azald\u0131r v\u0259 yenid\u0259n yaranmas\u0131n\u0131n qar\u015f\u0131s\u0131n\u0131 al\u0131r<\/p>\n<p>D\u0259rini d\u0259rin t\u0259mizl\u0259yir v\u0259 m\u0259sam\u0259l\u0259ri a\u00e7\u0131r<\/p>\n<p>Ya\u011f balans\u0131n\u0131 t\u0259nziml\u0259yir<\/p>\n<p>Qara n\u00f6qt\u0259l\u0259ri v\u0259 \u00e7irkl\u0259ri aradan qald\u0131r\u0131r<\/p>\n<p>Neem ekstrakt\u0131 il\u0259 d\u0259rini sakitl\u0259\u015fdirir<\/p>\n<p>B\u00fct\u00fcn d\u0259ri tipl\u0259rin\u0259 uy\u011fundur<\/p>\n<p>\u041f\u0440\u0430\u0432\u0438\u043b\u0430 \u0438\u0441\u043f\u043e\u043b\u044c\u0437\u043e\u0432\u0430\u043d\u0438\u044f:<\/p>\n<p>N\u0259m \u00fcz\u00fc y\u00fcng\u00fcl masajla yuyun, bol su il\u0259 durulay\u0131n. G\u00fcnd\u0259 1\u20132 d\u0259f\u0259 istifad\u0259 edil\u0259 bil\u0259r.<\/p>","protected":false},"excerpt":{"rendered":"<p>Mark30 Neem Face Wash d\u0259rini d\u0259rin \u015f\u0259kild\u0259 t\u0259mizl\u0259yir, s\u0131zanaqlar\u0131 v\u0259 qara n\u00f6qt\u0259l\u0259ri azald\u0131r, ya\u011flanman\u0131 balansla\u015fd\u0131r\u0131r. Neem ekstrakt\u0131 d\u0259rini sakitl\u0259\u015fdir\u0259r\u0259k daha t\u0259rt\u0259miz g\u00f6r\u00fcn\u00fc\u015f yarad\u0131r.<\/p>","protected":false},"featured_media":10684,"comment_status":"open","ping_status":"closed","template":"","meta":[],"pwb-brand":[434],"product_cat":[149,127,147],"product_tag":[299,323,293,423,324,418],"class_list":{"0":"post-10683","1":"product","2":"type-product","3":"status-publish","4":"has-post-thumbnail","6":"pwb-brand-mark-30","7":"product_cat-makeup-remover","8":"product_cat-face-care","9":"product_cat-face-wash","10":"product_tag-acnetreatment","11":"product_tag-face-wash","12":"product_tag-facecare","13":"product_tag-skincareroutine","14":"product_tag-uz-yuma-gell","15":"product_tag-uzbaximi","16":"pa_size-100ml","19":"instock","20":"sale","21":"shipping-taxable","22":"purchasable","23":"product-type-simple"},"brands":[{"id":434,"name":"mark 30","slug":"mark-30"}],"_links":{"self":[{"href":"https:\/\/axtarstore.com\/ru\/wp-json\/wp\/v2\/product\/10683"}],"collection":[{"href":"https:\/\/axtarstore.com\/ru\/wp-json\/wp\/v2\/product"}],"about":[{"href":"https:\/\/axtarstore.com\/ru\/wp-json\/wp\/v2\/types\/product"}],"replies":[{"embeddable":true,"href":"https:\/\/axtarstore.com\/ru\/wp-json\/wp\/v2\/comments?post=10683"}],"version-history":[{"count":5,"href":"https:\/\/axtarstore.com\/ru\/wp-json\/wp\/v2\/product\/10683\/revisions"}],"predecessor-version":[{"id":10766,"href":"https:\/\/axtarstore.com\/ru\/wp-json\/wp\/v2\/product\/10683\/revisions\/10766"}],"wp:featuredmedia":[{"embeddable":true,"href":"https:\/\/axtarstore.com\/ru\/wp-json\/wp\/v2\/media\/10684"}],"wp:attachment":[{"href":"https:\/\/axtarstore.com\/ru\/wp-json\/wp\/v2\/media?parent=10683"}],"wp:term":[{"taxonomy":"pwb-brand","embeddable":true,"href":"https:\/\/axtarstore.com\/ru\/wp-json\/wp\/v2\/pwb-brand?post=10683"},{"taxonomy":"product_cat","embeddable":true,"href":"https:\/\/axtarstore.com\/ru\/wp-json\/wp\/v2\/product_cat?post=10683"},{"taxonomy":"product_tag","embeddable":true,"href":"https:\/\/axtarstore.com\/ru\/wp-json\/wp\/v2\/product_tag?post=10683"}],"curies":[{"name":"wp","href":"https:\/\/api.w.org\/{rel}","templated":true}]}}