{"id":10678,"date":"2025-11-27T22:24:54","date_gmt":"2025-11-27T18:24:54","guid":{"rendered":"https:\/\/axtarstore.com\/?post_type=product&#038;p=10678"},"modified":"2025-11-29T02:34:19","modified_gmt":"2025-11-28T22:34:19","slug":"dexe-black-mask-qara-nokte-maskasi","status":"publish","type":"product","link":"https:\/\/axtarstore.com\/ru\/product\/dexe-black-mask-qara-nokte-maskasi\/","title":{"rendered":"Dexe Black Mask \u2013 D\u0259rin T\u0259mizl\u0259yici Qara N\u00f6qt\u0259 Maskas\u0131 (120g)"},"content":{"rendered":"<p>Dexe Black Mask d\u0259rini d\u0259rinl\u0259m\u0259sin\u0259 t\u0259mizl\u0259y\u0259n v\u0259 qara n\u00f6qt\u0259l\u0259ri \u00e7\u0131xarma\u011fa k\u00f6m\u0259k ed\u0259n g\u00fccl\u00fc \u201cpeel-off\u201d maskad\u0131r. Aktiv formul m\u0259sam\u0259l\u0259r\u0259 dolmu\u015f ya\u011f v\u0259 kiri \u00e7\u0259kib \u00e7\u0131xar\u0131r, d\u0259rini daha parlaq v\u0259 hamar edir.<\/p>\n<p>Faydalar\u0131:<\/p>\n<p>Qara n\u00f6qt\u0259l\u0259ri effektiv \u015f\u0259kild\u0259 t\u0259mizl\u0259yir<\/p>\n<p>Ya\u011f balans\u0131n\u0131 t\u0259nziml\u0259yir<\/p>\n<p>M\u0259sam\u0259l\u0259ri s\u0131xla\u015fd\u0131r\u0131r<\/p>\n<p>D\u0259rini hamar v\u0259 t\u0259rt\u0259miz g\u00f6st\u0259rir<\/p>\n<p>D\u0259rid\u0259 t\u0259rav\u0259t v\u0259 parlaql\u0131q yarad\u0131r<\/p>\n<p>\u0421\u043f\u043e\u0441\u043e\u0431 \u0438\u0441\u043f\u043e\u043b\u044c\u0437\u043e\u0432\u0430\u043d\u0438\u044f:<br \/>\nT\u0259miz v\u0259 quru \u00fcz\u0259 nazik qat \u00e7\u0259kin. 15\u201320 d\u0259qiq\u0259 qurumas\u0131n\u0131 g\u00f6zl\u0259yin, sonra yava\u015fca soyub \u00e7\u0131xar\u0131n.<\/p>","protected":false},"excerpt":{"rendered":"<p>Dexe Black Mask d\u0259rin t\u0259mizl\u0259yici formuluyla qara n\u00f6qt\u0259l\u0259ri, art\u0131q ya\u011f\u0131 v\u0259 m\u0259sam\u0259 \u00e7irkl\u0259rini aradan qald\u0131r\u0131r. D\u0259rini hamarla\u015fd\u0131r\u0131r v\u0259 t\u0259rav\u0259tli g\u00f6r\u00fcn\u00fc\u015f verir.<\/p>","protected":false},"featured_media":10679,"comment_status":"open","ping_status":"closed","template":"","meta":[],"pwb-brand":[171],"product_cat":[127,145],"product_tag":[294,343,293,418,297],"class_list":{"0":"post-10678","1":"product","2":"type-product","3":"status-publish","4":"has-post-thumbnail","6":"pwb-brand-dexe","7":"product_cat-face-care","8":"product_cat-face-masks","9":"product_tag-face","10":"product_tag-face-mask","11":"product_tag-facecare","12":"product_tag-uzbaximi","13":"product_tag-whitening","14":"pa_size-120ml","17":"instock","18":"sale","19":"shipping-taxable","20":"purchasable","21":"product-type-simple"},"brands":[{"id":171,"name":"Dexe","slug":"dexe"}],"_links":{"self":[{"href":"https:\/\/axtarstore.com\/ru\/wp-json\/wp\/v2\/product\/10678"}],"collection":[{"href":"https:\/\/axtarstore.com\/ru\/wp-json\/wp\/v2\/product"}],"about":[{"href":"https:\/\/axtarstore.com\/ru\/wp-json\/wp\/v2\/types\/product"}],"replies":[{"embeddable":true,"href":"https:\/\/axtarstore.com\/ru\/wp-json\/wp\/v2\/comments?post=10678"}],"version-history":[{"count":3,"href":"https:\/\/axtarstore.com\/ru\/wp-json\/wp\/v2\/product\/10678\/revisions"}],"predecessor-version":[{"id":10765,"href":"https:\/\/axtarstore.com\/ru\/wp-json\/wp\/v2\/product\/10678\/revisions\/10765"}],"wp:featuredmedia":[{"embeddable":true,"href":"https:\/\/axtarstore.com\/ru\/wp-json\/wp\/v2\/media\/10679"}],"wp:attachment":[{"href":"https:\/\/axtarstore.com\/ru\/wp-json\/wp\/v2\/media?parent=10678"}],"wp:term":[{"taxonomy":"pwb-brand","embeddable":true,"href":"https:\/\/axtarstore.com\/ru\/wp-json\/wp\/v2\/pwb-brand?post=10678"},{"taxonomy":"product_cat","embeddable":true,"href":"https:\/\/axtarstore.com\/ru\/wp-json\/wp\/v2\/product_cat?post=10678"},{"taxonomy":"product_tag","embeddable":true,"href":"https:\/\/axtarstore.com\/ru\/wp-json\/wp\/v2\/product_tag?post=10678"}],"curies":[{"name":"wp","href":"https:\/\/api.w.org\/{rel}","templated":true}]}}