{"id":10673,"date":"2025-11-27T22:14:55","date_gmt":"2025-11-27T18:14:55","guid":{"rendered":"https:\/\/axtarstore.com\/?post_type=product&#038;p=10673"},"modified":"2025-11-29T02:44:02","modified_gmt":"2025-11-28T22:44:02","slug":"mark30-essek-sudu-sabunu","status":"publish","type":"product","link":"https:\/\/axtarstore.com\/ru\/product\/mark30-essek-sudu-sabunu\/","title":{"rendered":"Mark30 Donkey Milk Sabun \u2013 E\u015f\u015f\u0259k S\u00fcd\u00fc G\u00f6z\u0259llik Sabunu"},"content":{"rendered":"<p>Mark30 Donkey Milk Beauty Soap, orqanik e\u015f\u015f\u0259k s\u00fcd\u00fc il\u0259 z\u0259nginl\u0259\u015fdirilmi\u015f d\u0259rin b\u0259rpaedici g\u00f6z\u0259llik sabunudur. E\u015f\u015f\u0259k s\u00fcd\u00fcn\u00fcn y\u00fcks\u0259k protein, vitamin v\u0259 mineral t\u0259rkibi d\u0259rini qidaland\u0131r\u0131r, quru sah\u0259l\u0259ri yum\u015fald\u0131r v\u0259 d\u0259ri tonunu t\u0259dric\u0259n a\u00e7\u0131r.<\/p>\n<p>Sabun d\u0259rinin elastikliyini art\u0131r\u0131r, yor\u011fun g\u00f6r\u00fcn\u00fc\u015f\u00fc azald\u0131r v\u0259 d\u0259rini daha yum\u015faq, daha canl\u0131 g\u00f6st\u0259rir. H\u0259ssas, quru v\u0259 problemli d\u0259ri \u00fc\u00e7\u00fcn uy\u011fundur.<\/p>\n<p>Faydalar\u0131:<\/p>\n<p>D\u0259ri tonunu a\u00e7\u0131r v\u0259 parlaqla\u015fd\u0131r\u0131r<\/p>\n<p>Quru v\u0259 kobud d\u0259rini yum\u015fald\u0131r<\/p>\n<p>Elastikliyi art\u0131r\u0131r<\/p>\n<p>D\u0259rini sakitl\u0259\u015fdirir v\u0259 qidaland\u0131r\u0131r<\/p>\n<p>Antioksidant t\u0259sir<\/p>\n<p>H\u0259ssas d\u0259ri \u00fc\u00e7\u00fcn uy\u011fundur<\/p>\n<p>T\u0259bii e\u015f\u015f\u0259k s\u00fcd\u00fc il\u0259 haz\u0131rlan\u0131b<\/p>\n<p>\u0421\u043f\u043e\u0441\u043e\u0431 \u0438\u0441\u043f\u043e\u043b\u044c\u0437\u043e\u0432\u0430\u043d\u0438\u044f:<\/p>\n<p>N\u0259m d\u0259riy\u0259 y\u00fcng\u00fcl masajla t\u0259tbiq edin, 1\u20132 d\u0259qiq\u0259 g\u00f6zl\u0259yin, sonra durulay\u0131n. G\u00fcnd\u0259lik istifad\u0259 \u00fc\u00e7\u00fcn uy\u011fundur.<\/p>","protected":false},"excerpt":{"rendered":"<p>Mark30 E\u015f\u015f\u0259k S\u00fcd\u00fc Sabunu d\u0259rini yum\u015faldan, tonunu b\u0259rab\u0259rl\u0259\u015fdir\u0259n v\u0259 elastikliyi art\u0131ran t\u0259bii donuz s\u00fcd\u00fc t\u0259rkibli g\u00f6z\u0259llik sabunudur. D\u0259rin t\u0259mizl\u0259m\u0259 v\u0259 parlaq g\u00f6r\u00fcn\u00fc\u015f \u00fc\u00e7\u00fcn ideald\u0131r.<\/p>","protected":false},"featured_media":10675,"comment_status":"open","ping_status":"closed","template":"","meta":[],"pwb-brand":[434],"product_cat":[127,148],"product_tag":[294,293,334,423,335,418,297],"class_list":{"0":"post-10673","1":"product","2":"type-product","3":"status-publish","4":"has-post-thumbnail","6":"pwb-brand-mark-30","7":"product_cat-face-care","8":"product_cat-face-soaps","9":"product_tag-face","10":"product_tag-facecare","11":"product_tag-natural-soap","12":"product_tag-skincareroutine","13":"product_tag-tbii-sabun","14":"product_tag-uzbaximi","15":"product_tag-whitening","16":"pa_size-100grm","19":"instock","20":"sale","21":"shipping-taxable","22":"purchasable","23":"product-type-simple"},"brands":[{"id":434,"name":"mark 30","slug":"mark-30"}],"_links":{"self":[{"href":"https:\/\/axtarstore.com\/ru\/wp-json\/wp\/v2\/product\/10673"}],"collection":[{"href":"https:\/\/axtarstore.com\/ru\/wp-json\/wp\/v2\/product"}],"about":[{"href":"https:\/\/axtarstore.com\/ru\/wp-json\/wp\/v2\/types\/product"}],"replies":[{"embeddable":true,"href":"https:\/\/axtarstore.com\/ru\/wp-json\/wp\/v2\/comments?post=10673"}],"version-history":[{"count":4,"href":"https:\/\/axtarstore.com\/ru\/wp-json\/wp\/v2\/product\/10673\/revisions"}],"predecessor-version":[{"id":10769,"href":"https:\/\/axtarstore.com\/ru\/wp-json\/wp\/v2\/product\/10673\/revisions\/10769"}],"wp:featuredmedia":[{"embeddable":true,"href":"https:\/\/axtarstore.com\/ru\/wp-json\/wp\/v2\/media\/10675"}],"wp:attachment":[{"href":"https:\/\/axtarstore.com\/ru\/wp-json\/wp\/v2\/media?parent=10673"}],"wp:term":[{"taxonomy":"pwb-brand","embeddable":true,"href":"https:\/\/axtarstore.com\/ru\/wp-json\/wp\/v2\/pwb-brand?post=10673"},{"taxonomy":"product_cat","embeddable":true,"href":"https:\/\/axtarstore.com\/ru\/wp-json\/wp\/v2\/product_cat?post=10673"},{"taxonomy":"product_tag","embeddable":true,"href":"https:\/\/axtarstore.com\/ru\/wp-json\/wp\/v2\/product_tag?post=10673"}],"curies":[{"name":"wp","href":"https:\/\/api.w.org\/{rel}","templated":true}]}}