{"id":10665,"date":"2025-11-27T22:03:50","date_gmt":"2025-11-27T18:03:50","guid":{"rendered":"https:\/\/axtarstore.com\/?post_type=product&#038;p=10665"},"modified":"2025-12-02T20:28:00","modified_gmt":"2025-12-02T16:28:00","slug":"dr-laila-guzellik-beyazlatici-sabun","status":"publish","type":"product","link":"https:\/\/axtarstore.com\/ru\/product\/dr-laila-guzellik-beyazlatici-sabun\/","title":{"rendered":"DR Laila G\u00fczellik Beyazlat\u0131c\u0131 Sabun"},"content":{"rendered":"<p>DR Laila G\u00fczellik Beyazlat\u0131c\u0131 Sabun d\u0259rinin tonunu a\u00e7an, l\u0259k\u0259l\u0259ri azaldan v\u0259 parlaq g\u00f6r\u00fcn\u00fc\u015f ver\u0259n premium a\u011fald\u0131c\u0131 sabundur. Kojik asit t\u0259rkibi d\u0259rini yum\u015fald\u0131r, r\u0259ng b\u0259rab\u0259rsizliyini azald\u0131r v\u0259 t\u0259rav\u0259tli g\u00f6r\u00fcn\u00fc\u015f qazand\u0131r\u0131r.<\/p>\n<p>SPF25 qorumas\u0131 say\u0259sind\u0259 g\u00fcn \u0259rzind\u0259 d\u0259rini z\u0259r\u0259rli g\u00fcn\u0259\u015f \u015f\u00fcalar\u0131ndan m\u00fcdafi\u0259 edir. M\u00fct\u0259madi istifad\u0259 zaman\u0131 yor\u011fun v\u0259 mat d\u0259rini canland\u0131r\u0131r, daha hamar v\u0259 sa\u011flam g\u00f6r\u00fcn\u00fc\u015f yarad\u0131r.<\/p>\n<p>\u2b50 Faydalar\u0131<\/p>\n<p>D\u0259ri tonunu a\u00e7\u0131r v\u0259 l\u0259k\u0259l\u0259ri azald\u0131r<\/p>\n<p>Kojik asitl\u0259 d\u0259rini yum\u015fald\u0131r<\/p>\n<p>SPF25 il\u0259 g\u00fcn \u0259rzind\u0259 qoruma<\/p>\n<p>Parlaq v\u0259 b\u0259rab\u0259r ton<\/p>\n<p>Matl\u0131\u011f\u0131 aradan qald\u0131r\u0131r v\u0259 t\u0259rav\u0259t verir<\/p>\n<p>\ud83d\udca7 \u0130stifad\u0259 qaydas\u0131<\/p>\n<p>G\u00fcnd\u0259 2 d\u0259f\u0259 \u2014 s\u0259h\u0259r v\u0259 ax\u015fam \u2014 k\u00f6p\u00fcrd\u00fcb \u00fcz\u0259 \u00e7\u0259kin v\u0259 yuyun.<\/p>","protected":false},"excerpt":{"rendered":"<p>DR Laila G\u00fczellik Beyazlat\u0131c\u0131 Sabun d\u0259rini a\u011fard\u0131r, l\u0259k\u0259l\u0259ri azald\u0131r v\u0259 SPF25 il\u0259 qoruyur. Kojik asit t\u0259rkibi d\u0259rini yum\u015fald\u0131r v\u0259 parlaq g\u00f6r\u00fcn\u00fc\u015f verir.<\/p>","protected":false},"featured_media":10666,"comment_status":"open","ping_status":"closed","template":"","meta":[],"pwb-brand":[162],"product_cat":[291,129,127,148],"product_tag":[294,323,293,334,335,319,418,297],"class_list":{"0":"post-10665","1":"product","2":"type-product","3":"status-publish","4":"has-post-thumbnail","6":"pwb-brand-dr-laila","7":"product_cat-bdn-agardici","8":"product_cat-beden-baximi","9":"product_cat-face-care","10":"product_cat-face-soaps","11":"product_tag-face","12":"product_tag-face-wash","13":"product_tag-facecare","14":"product_tag-natural-soap","15":"product_tag-tbii-sabun","16":"product_tag-uz-lklri","17":"product_tag-uzbaximi","18":"product_tag-whitening","19":"pa_size-120grm","22":"instock","23":"sale","24":"shipping-taxable","25":"purchasable","26":"product-type-simple"},"brands":[{"id":162,"name":"Dr Laila","slug":"dr-laila"}],"_links":{"self":[{"href":"https:\/\/axtarstore.com\/ru\/wp-json\/wp\/v2\/product\/10665"}],"collection":[{"href":"https:\/\/axtarstore.com\/ru\/wp-json\/wp\/v2\/product"}],"about":[{"href":"https:\/\/axtarstore.com\/ru\/wp-json\/wp\/v2\/types\/product"}],"replies":[{"embeddable":true,"href":"https:\/\/axtarstore.com\/ru\/wp-json\/wp\/v2\/comments?post=10665"}],"version-history":[{"count":4,"href":"https:\/\/axtarstore.com\/ru\/wp-json\/wp\/v2\/product\/10665\/revisions"}],"predecessor-version":[{"id":10774,"href":"https:\/\/axtarstore.com\/ru\/wp-json\/wp\/v2\/product\/10665\/revisions\/10774"}],"wp:featuredmedia":[{"embeddable":true,"href":"https:\/\/axtarstore.com\/ru\/wp-json\/wp\/v2\/media\/10666"}],"wp:attachment":[{"href":"https:\/\/axtarstore.com\/ru\/wp-json\/wp\/v2\/media?parent=10665"}],"wp:term":[{"taxonomy":"pwb-brand","embeddable":true,"href":"https:\/\/axtarstore.com\/ru\/wp-json\/wp\/v2\/pwb-brand?post=10665"},{"taxonomy":"product_cat","embeddable":true,"href":"https:\/\/axtarstore.com\/ru\/wp-json\/wp\/v2\/product_cat?post=10665"},{"taxonomy":"product_tag","embeddable":true,"href":"https:\/\/axtarstore.com\/ru\/wp-json\/wp\/v2\/product_tag?post=10665"}],"curies":[{"name":"wp","href":"https:\/\/api.w.org\/{rel}","templated":true}]}}