{"id":10662,"date":"2025-11-27T21:50:21","date_gmt":"2025-11-27T17:50:21","guid":{"rendered":"https:\/\/axtarstore.com\/?post_type=product&#038;p=10662"},"modified":"2025-12-02T20:35:54","modified_gmt":"2025-12-02T16:35:54","slug":"mark-30-black-seed-soap","status":"publish","type":"product","link":"https:\/\/axtarstore.com\/ru\/product\/mark-30-black-seed-soap\/","title":{"rendered":"Mark 30 Black Seed Soap \u2013 Qara \u00c7\u00f6r\u0259kotu Sabunu"},"content":{"rendered":"<p>Mark 30 Black Seed Soap qara \u00e7\u00f6r\u0259kotu ya\u011f\u0131 il\u0259 z\u0259ngin t\u0259rkibi say\u0259sind\u0259 d\u0259rini d\u0259rin \u015f\u0259kild\u0259 t\u0259mizl\u0259yir v\u0259 yenil\u0259yir. Sabun d\u0259riy\u0259 z\u0259rif t\u0259sir g\u00f6st\u0259r\u0259r\u0259k qara n\u00f6qt\u0259l\u0259ri, g\u00fcn\u0259\u015f l\u0259k\u0259l\u0259rini v\u0259 zamanla yaranan r\u0259ng b\u0259rab\u0259rsizliyini azald\u0131r.<\/p>\n<p>Qara \u00e7\u00f6r\u0259kotu ekstrakt\u0131 antibakterial v\u0259 antioksidant x\u00fcsusiyy\u0259tl\u0259ri il\u0259 d\u0259rinin daha sa\u011flam v\u0259 parlaq g\u00f6r\u00fcnm\u0259sin\u0259 k\u00f6m\u0259k edir. Davaml\u0131 istifad\u0259 zaman\u0131 d\u0259rid\u0259ki q\u0131r\u0131\u015flar\u0131n g\u00f6r\u00fcn\u00fc\u015f\u00fcn\u00fc yum\u015fald\u0131r, d\u0259rini daha elastik v\u0259 canl\u0131 edir.<\/p>\n<p>\u0130stifad\u0259si b\u00fct\u00fcn d\u0259ri tipl\u0259ri \u00fc\u00e7\u00fcn uy\u011fundur v\u0259 g\u00fcnd\u0259lik t\u0259mizl\u0259m\u0259 \u00fc\u00e7\u00fcn ideal se\u00e7imdir.<\/p>\n<p>Faydalar\u0131:<\/p>\n<p>Qara n\u00f6qt\u0259l\u0259ri v\u0259 l\u0259k\u0259l\u0259ri azald\u0131r<\/p>\n<p>Q\u0131r\u0131\u015flar\u0131n g\u00f6r\u00fcn\u00fc\u015f\u00fcn\u00fc yum\u015fald\u0131r<\/p>\n<p>D\u0259rini ya\u011fdan v\u0259 \u00e7irkl\u0259rd\u0259n d\u0259rin t\u0259mizl\u0259yir<\/p>\n<p>Qara \u00e7\u00f6r\u0259kotu ya\u011f\u0131 il\u0259 d\u0259rini yenil\u0259yir<\/p>\n<p>D\u0259ri tonunu b\u0259rab\u0259rl\u0259\u015fdirir<\/p>\n<p>B\u00fct\u00fcn d\u0259ri tipl\u0259rin\u0259 uy\u011fundur<\/p>\n<p>\u0421\u043f\u043e\u0441\u043e\u0431 \u0438\u0441\u043f\u043e\u043b\u044c\u0437\u043e\u0432\u0430\u043d\u0438\u044f:<\/p>\n<p>Sabunu n\u0259ml\u0259ndirib k\u00f6p\u00fckl\u0259ndirin v\u0259 \u00fcz\u0259\/yum\u015faq masaj edin. 30\u201340 saniy\u0259 sonra il\u0131q su il\u0259 yuyun. G\u00fcnd\u0259 1\u20132 d\u0259f\u0259 istifad\u0259 oluna bil\u0259r.<\/p>","protected":false},"excerpt":{"rendered":"<p>Mark 30 Black Seed Soap d\u0259rini d\u0259rin t\u0259mizl\u0259y\u0259n, qara n\u00f6qt\u0259l\u0259ri, l\u0259k\u0259l\u0259ri v\u0259 q\u0131r\u0131\u015f izl\u0259rini azaldan qara \u00e7\u00f6r\u0259kotu \u0259sasl\u0131 sabundur. D\u0259rini yum\u015fald\u0131r, hamar v\u0259 parlaq g\u00f6r\u00fcn\u00fc\u015f yarad\u0131r.<\/p>","protected":false},"featured_media":10704,"comment_status":"open","ping_status":"closed","template":"","meta":[],"pwb-brand":[434],"product_cat":[127,148],"product_tag":[299,323,293,334,335,418],"class_list":{"0":"post-10662","1":"product","2":"type-product","3":"status-publish","4":"has-post-thumbnail","6":"pwb-brand-mark-30","7":"product_cat-face-care","8":"product_cat-face-soaps","9":"product_tag-acnetreatment","10":"product_tag-face-wash","11":"product_tag-facecare","12":"product_tag-natural-soap","13":"product_tag-tbii-sabun","14":"product_tag-uzbaximi","15":"pa_size-120grm","18":"instock","19":"sale","20":"shipping-taxable","21":"purchasable","22":"product-type-simple"},"brands":[{"id":434,"name":"mark 30","slug":"mark-30"}],"_links":{"self":[{"href":"https:\/\/axtarstore.com\/ru\/wp-json\/wp\/v2\/product\/10662"}],"collection":[{"href":"https:\/\/axtarstore.com\/ru\/wp-json\/wp\/v2\/product"}],"about":[{"href":"https:\/\/axtarstore.com\/ru\/wp-json\/wp\/v2\/types\/product"}],"replies":[{"embeddable":true,"href":"https:\/\/axtarstore.com\/ru\/wp-json\/wp\/v2\/comments?post=10662"}],"version-history":[{"count":4,"href":"https:\/\/axtarstore.com\/ru\/wp-json\/wp\/v2\/product\/10662\/revisions"}],"predecessor-version":[{"id":10776,"href":"https:\/\/axtarstore.com\/ru\/wp-json\/wp\/v2\/product\/10662\/revisions\/10776"}],"wp:featuredmedia":[{"embeddable":true,"href":"https:\/\/axtarstore.com\/ru\/wp-json\/wp\/v2\/media\/10704"}],"wp:attachment":[{"href":"https:\/\/axtarstore.com\/ru\/wp-json\/wp\/v2\/media?parent=10662"}],"wp:term":[{"taxonomy":"pwb-brand","embeddable":true,"href":"https:\/\/axtarstore.com\/ru\/wp-json\/wp\/v2\/pwb-brand?post=10662"},{"taxonomy":"product_cat","embeddable":true,"href":"https:\/\/axtarstore.com\/ru\/wp-json\/wp\/v2\/product_cat?post=10662"},{"taxonomy":"product_tag","embeddable":true,"href":"https:\/\/axtarstore.com\/ru\/wp-json\/wp\/v2\/product_tag?post=10662"}],"curies":[{"name":"wp","href":"https:\/\/api.w.org\/{rel}","templated":true}]}}