{"id":10657,"date":"2025-11-27T21:42:22","date_gmt":"2025-11-27T17:42:22","guid":{"rendered":"https:\/\/axtarstore.com\/?post_type=product&#038;p=10657"},"modified":"2025-12-02T20:42:09","modified_gmt":"2025-12-02T16:42:09","slug":"ketan-toxumu-yagi-30ml","status":"publish","type":"product","link":"https:\/\/axtarstore.com\/ru\/product\/ketan-toxumu-yagi-30ml\/","title":{"rendered":"\u0130lham Linseed Natural Oil (K\u0259tan Toxumu Ya\u011f\u0131)"},"content":{"rendered":"<p>\u0130lham Linseed Natural Oil \u2013 30ml t\u0259bii k\u0259tan toxumu ya\u011f\u0131, h\u0259m d\u0259riy\u0259, h\u0259m d\u0259 sa\u00e7lara \u00e7ox y\u00f6nl\u00fc qulluq t\u0259qdim edir. Omega-3 ya\u011f tur\u015fular\u0131 il\u0259 z\u0259ngin formulu d\u0259rinin qurulu\u011funu aradan qald\u0131r\u0131r, yum\u015faql\u0131q v\u0259 elastiklik qazand\u0131r\u0131r.<\/p>\n<p>Faydalar\u0131:<\/p>\n<p>D\u0259rini qidaland\u0131r\u0131r v\u0259 d\u0259rin n\u0259ml\u0259ndirir<\/p>\n<p>Quru v\u0259 \u00e7atlam\u0131\u015f b\u00f6lg\u0259l\u0259ri b\u0259rpa edir<\/p>\n<p>Sa\u00e7lar\u0131n uzanmas\u0131n\u0131 d\u0259st\u0259kl\u0259yir v\u0259 t\u00f6k\u00fclm\u0259ni azald\u0131r<\/p>\n<p>Sa\u00e7lara parlaql\u0131q v\u0259 yum\u015faql\u0131q verir<\/p>\n<p>Antioksidant t\u0259siri il\u0259 d\u0259rinin qorunmas\u0131na k\u00f6m\u0259k edir<\/p>\n<p>\u0421\u043f\u043e\u0441\u043e\u0431 \u0438\u0441\u043f\u043e\u043b\u044c\u0437\u043e\u0432\u0430\u043d\u0438\u044f:<br \/>\nAz miqdar\u0131 d\u0259riniz\u0259 v\u0259 ya sa\u00e7 dibl\u0259rin\u0259 masaj ed\u0259r\u0259k \u00e7\u0259kin. G\u00fcnd\u0259lik istifad\u0259y\u0259 uy\u011fundur.<\/p>","protected":false},"excerpt":{"rendered":"<p>\u0130lham Linseed Natural Oil 100% t\u0259bii k\u0259tan toxumu ya\u011f\u0131ndan haz\u0131rlanm\u0131\u015fd\u0131r. D\u0259rini yum\u015fald\u0131r, qidaland\u0131r\u0131r, quru v\u0259 \u00e7atlam\u0131\u015f b\u00f6lg\u0259l\u0259ri b\u0259rpa edir. Sa\u00e7lara parlaql\u0131q v\u0259 elastiklik verir. \u00dcz, b\u0259d\u0259n v\u0259 sa\u00e7 \u00fc\u00e7\u00fcn uy\u011fundur.<\/p>","protected":false},"featured_media":10707,"comment_status":"open","ping_status":"closed","template":"","meta":[],"pwb-brand":[181],"product_cat":[129,159,399,450,126,138,135,427,127,144],"product_tag":[306,300,308,417,421,423,431],"class_list":{"0":"post-10657","1":"product","2":"type-product","3":"status-publish","4":"has-post-thumbnail","6":"pwb-brand-ilham","7":"product_cat-beden-baximi","8":"product_cat-body-massage","9":"product_cat-bdn-nmlndiricisi","10":"product_cat-hamil-qadinlar-ucun-mhsullar","11":"product_cat-haircare","12":"product_cat-vitamins","13":"product_cat-oil","14":"product_cat-tbii-yaglar","15":"product_cat-face-care","16":"product_cat-face-vitamins","17":"product_tag-antihairloss","18":"product_tag-bodycare","19":"product_tag-haircare","20":"product_tag-sacbaximi","21":"product_tag-sacqullugu","22":"product_tag-skincareroutine","23":"product_tag-tbii-yaglar","24":"pa_size-30ml","27":"instock","28":"sale","29":"shipping-taxable","30":"purchasable","31":"product-type-simple"},"brands":[{"id":181,"name":"\u0130lham","slug":"ilham"}],"_links":{"self":[{"href":"https:\/\/axtarstore.com\/ru\/wp-json\/wp\/v2\/product\/10657"}],"collection":[{"href":"https:\/\/axtarstore.com\/ru\/wp-json\/wp\/v2\/product"}],"about":[{"href":"https:\/\/axtarstore.com\/ru\/wp-json\/wp\/v2\/types\/product"}],"replies":[{"embeddable":true,"href":"https:\/\/axtarstore.com\/ru\/wp-json\/wp\/v2\/comments?post=10657"}],"version-history":[{"count":4,"href":"https:\/\/axtarstore.com\/ru\/wp-json\/wp\/v2\/product\/10657\/revisions"}],"predecessor-version":[{"id":10777,"href":"https:\/\/axtarstore.com\/ru\/wp-json\/wp\/v2\/product\/10657\/revisions\/10777"}],"wp:featuredmedia":[{"embeddable":true,"href":"https:\/\/axtarstore.com\/ru\/wp-json\/wp\/v2\/media\/10707"}],"wp:attachment":[{"href":"https:\/\/axtarstore.com\/ru\/wp-json\/wp\/v2\/media?parent=10657"}],"wp:term":[{"taxonomy":"pwb-brand","embeddable":true,"href":"https:\/\/axtarstore.com\/ru\/wp-json\/wp\/v2\/pwb-brand?post=10657"},{"taxonomy":"product_cat","embeddable":true,"href":"https:\/\/axtarstore.com\/ru\/wp-json\/wp\/v2\/product_cat?post=10657"},{"taxonomy":"product_tag","embeddable":true,"href":"https:\/\/axtarstore.com\/ru\/wp-json\/wp\/v2\/product_tag?post=10657"}],"curies":[{"name":"wp","href":"https:\/\/api.w.org\/{rel}","templated":true}]}}