{"id":10575,"date":"2025-07-03T23:55:04","date_gmt":"2025-07-03T19:55:04","guid":{"rendered":"https:\/\/axtarstore.com\/?post_type=product&#038;p=10575"},"modified":"2025-12-02T21:03:47","modified_gmt":"2025-12-02T17:03:47","slug":"besame-anestezi-kremi","status":"publish","type":"product","link":"https:\/\/axtarstore.com\/ru\/product\/besame-anestezi-kremi\/","title":{"rendered":"Besame Anestezi Kremi \u2013 Topikal Keyl\u0259\u015fdirici Krem 10ml"},"content":{"rendered":"<p>Besame Anestezi Kremi, estetik v\u0259 kosmetik prosedurlardan \u0259vv\u0259l d\u0259rini rahatla\u015fd\u0131rmaq v\u0259 a\u011fr\u0131n\u0131 azaltmaq \u00fc\u00e7\u00fcn haz\u0131rlanm\u0131\u015f y\u00fcks\u0259k t\u0259sirli topikal keyl\u0259\u015fdirici kremdir. Tez hopan formulas\u0131 d\u0259rini q\u0131sa m\u00fcdd\u0259td\u0259 keyl\u0259\u015fdir\u0259r\u0259k \u0259m\u0259liyyat zaman\u0131 komfort t\u0259min edir.<\/p>\n<p>Faydalar\u0131:<\/p>\n<p>D\u0259rini tez bir zamanda keyl\u0259\u015fdirir<\/p>\n<p>A\u011fr\u0131 v\u0259 yanman\u0131 azald\u0131r<\/p>\n<p>Lazer epilyasiya \u00fc\u00e7\u00fcn ideal t\u0259sir<\/p>\n<p>Microblading v\u0259 qa\u015f prosedurlar\u0131nda istifad\u0259 edilir<\/p>\n<p>Q\u0131c\u0131qlanma yaratmayan formul<\/p>\n<p>Pe\u015f\u0259kar m\u0259rk\u0259zl\u0259r t\u0259r\u0259find\u0259n t\u00f6vsiy\u0259 olunur<\/p>\n<p>\u0421\u043f\u043e\u0441\u043e\u0431 \u0438\u0441\u043f\u043e\u043b\u044c\u0437\u043e\u0432\u0430\u043d\u0438\u044f:<br \/>\nProsedurdan 15\u201320 d\u0259qiq\u0259 \u0259vv\u0259l t\u0259miz d\u0259riy\u0259 \u00e7\u0259kilir, nazik \u00f6rt\u00fc il\u0259 ba\u011flan\u0131b t\u0259sir etm\u0259si g\u00f6zl\u0259nilir.<\/p>","protected":false},"excerpt":{"rendered":"<p>Besame Anestezi Kremi prosedurlardan \u0259vv\u0259l d\u0259rini s\u00fcr\u0259tl\u0259 keyl\u0259\u015fdir\u0259r\u0259k a\u011fr\u0131n\u0131 minimuma endirir. Lazer epilyasiya, microblading v\u0259 dig\u0259r estetik \u0259m\u0259liyyatlar \u00fc\u00e7\u00fcn uy\u011fundur.<\/p>","protected":false},"featured_media":10576,"comment_status":"open","ping_status":"closed","template":"","meta":[],"pwb-brand":[],"product_cat":[129,130,127],"product_tag":[300,293],"class_list":{"0":"post-10575","1":"product","2":"type-product","3":"status-publish","4":"has-post-thumbnail","6":"product_cat-beden-baximi","7":"product_cat-salonbaxim","8":"product_cat-face-care","9":"product_tag-bodycare","10":"product_tag-facecare","11":"pa_size-10grm","14":"instock","15":"sale","16":"shipping-taxable","17":"purchasable","18":"product-type-simple"},"brands":[],"_links":{"self":[{"href":"https:\/\/axtarstore.com\/ru\/wp-json\/wp\/v2\/product\/10575"}],"collection":[{"href":"https:\/\/axtarstore.com\/ru\/wp-json\/wp\/v2\/product"}],"about":[{"href":"https:\/\/axtarstore.com\/ru\/wp-json\/wp\/v2\/types\/product"}],"replies":[{"embeddable":true,"href":"https:\/\/axtarstore.com\/ru\/wp-json\/wp\/v2\/comments?post=10575"}],"version-history":[{"count":4,"href":"https:\/\/axtarstore.com\/ru\/wp-json\/wp\/v2\/product\/10575\/revisions"}],"predecessor-version":[{"id":10783,"href":"https:\/\/axtarstore.com\/ru\/wp-json\/wp\/v2\/product\/10575\/revisions\/10783"}],"wp:featuredmedia":[{"embeddable":true,"href":"https:\/\/axtarstore.com\/ru\/wp-json\/wp\/v2\/media\/10576"}],"wp:attachment":[{"href":"https:\/\/axtarstore.com\/ru\/wp-json\/wp\/v2\/media?parent=10575"}],"wp:term":[{"taxonomy":"pwb-brand","embeddable":true,"href":"https:\/\/axtarstore.com\/ru\/wp-json\/wp\/v2\/pwb-brand?post=10575"},{"taxonomy":"product_cat","embeddable":true,"href":"https:\/\/axtarstore.com\/ru\/wp-json\/wp\/v2\/product_cat?post=10575"},{"taxonomy":"product_tag","embeddable":true,"href":"https:\/\/axtarstore.com\/ru\/wp-json\/wp\/v2\/product_tag?post=10575"}],"curies":[{"name":"wp","href":"https:\/\/api.w.org\/{rel}","templated":true}]}}