{"id":10567,"date":"2025-07-03T23:35:33","date_gmt":"2025-07-03T19:35:33","guid":{"rendered":"https:\/\/axtarstore.com\/?post_type=product&#038;p=10567"},"modified":"2025-12-02T21:27:01","modified_gmt":"2025-12-02T17:27:01","slug":"adore-baby-vazelin-premium-100g","status":"publish","type":"product","link":"https:\/\/axtarstore.com\/ru\/product\/adore-baby-vazelin-premium-100g\/","title":{"rendered":"Adore Baby Premium Petroleum Jelly"},"content":{"rendered":"<p>Adore Baby Premium Vazelin k\u00f6rp\u0259l\u0259rin h\u0259ssas d\u0259risi \u00fc\u00e7\u00fcn x\u00fcsusi haz\u0131rlanm\u0131\u015f yum\u015fald\u0131c\u0131 v\u0259 qoruyucu bir formulad\u0131r. D\u0259rid\u0259ki qurulu\u011fu, q\u0131zart\u0131n\u0131 v\u0259 narahatl\u0131\u011f\u0131 azald\u0131r, d\u0259rinin baryerini g\u00fccl\u0259ndirir. T\u0259rkibi y\u00fcng\u00fcl, t\u0259hl\u00fck\u0259siz v\u0259 hipoallergen oldu\u011fundan g\u00fcnd\u0259lik istifad\u0259 \u00fc\u00e7\u00fcn m\u00fck\u0259mm\u0259ldir.<br \/>\nPopulyar istifad\u0259l\u0259r: dodaq qurulu\u011fu, \u00fcz v\u0259 b\u0259d\u0259n \u00fc\u00e7\u00fcn qoruma, be\u015fik k\u0259p\u0259yi v\u0259 u\u015faq t\u0259ra\u015f\u0131ndan sonra rahatlama.<\/p>","protected":false},"excerpt":{"rendered":"<p>Adore Baby Vazelin k\u00f6rp\u0259 d\u0259risini d\u0259rhal yum\u015fald\u0131r, q\u0131zart\u0131n\u0131 azald\u0131r v\u0259 g\u00fcn boyu qoruyur. H\u0259ssas d\u0259ri \u00fc\u00e7\u00fcn x\u00fcsusi haz\u0131rlanm\u0131\u015f premium formul.<\/p>","protected":false},"featured_media":10571,"comment_status":"open","ping_status":"closed","template":"","meta":[],"pwb-brand":[446],"product_cat":[129,399,408,127,144],"product_tag":[333,293,418],"class_list":{"0":"post-10567","1":"product","2":"type-product","3":"status-publish","4":"has-post-thumbnail","6":"pwb-brand-adore","7":"product_cat-beden-baximi","8":"product_cat-bdn-nmlndiricisi","9":"product_cat-dodaq-baximi","10":"product_cat-face-care","11":"product_cat-face-vitamins","12":"product_tag-face-moisturiser","13":"product_tag-facecare","14":"product_tag-uzbaximi","17":"instock","18":"sale","19":"shipping-taxable","20":"purchasable","21":"product-type-simple"},"brands":[{"id":446,"name":"Adore","slug":"adore"}],"_links":{"self":[{"href":"https:\/\/axtarstore.com\/ru\/wp-json\/wp\/v2\/product\/10567"}],"collection":[{"href":"https:\/\/axtarstore.com\/ru\/wp-json\/wp\/v2\/product"}],"about":[{"href":"https:\/\/axtarstore.com\/ru\/wp-json\/wp\/v2\/types\/product"}],"replies":[{"embeddable":true,"href":"https:\/\/axtarstore.com\/ru\/wp-json\/wp\/v2\/comments?post=10567"}],"version-history":[{"count":3,"href":"https:\/\/axtarstore.com\/ru\/wp-json\/wp\/v2\/product\/10567\/revisions"}],"predecessor-version":[{"id":10787,"href":"https:\/\/axtarstore.com\/ru\/wp-json\/wp\/v2\/product\/10567\/revisions\/10787"}],"wp:featuredmedia":[{"embeddable":true,"href":"https:\/\/axtarstore.com\/ru\/wp-json\/wp\/v2\/media\/10571"}],"wp:attachment":[{"href":"https:\/\/axtarstore.com\/ru\/wp-json\/wp\/v2\/media?parent=10567"}],"wp:term":[{"taxonomy":"pwb-brand","embeddable":true,"href":"https:\/\/axtarstore.com\/ru\/wp-json\/wp\/v2\/pwb-brand?post=10567"},{"taxonomy":"product_cat","embeddable":true,"href":"https:\/\/axtarstore.com\/ru\/wp-json\/wp\/v2\/product_cat?post=10567"},{"taxonomy":"product_tag","embeddable":true,"href":"https:\/\/axtarstore.com\/ru\/wp-json\/wp\/v2\/product_tag?post=10567"}],"curies":[{"name":"wp","href":"https:\/\/api.w.org\/{rel}","templated":true}]}}