{"id":10561,"date":"2025-07-03T23:23:36","date_gmt":"2025-07-03T19:23:36","guid":{"rendered":"https:\/\/axtarstore.com\/?post_type=product&#038;p=10561"},"modified":"2025-12-02T21:40:12","modified_gmt":"2025-12-02T17:40:12","slug":"ilham-salt-oil-duz-yagi-30ml","status":"publish","type":"product","link":"https:\/\/axtarstore.com\/ru\/product\/ilham-salt-oil-duz-yagi-30ml\/","title":{"rendered":"Ilham Duz T\u0259bii Ya\u011f\u0131 \u2013 D\u0259riniz \u00fc\u00e7\u00fcn T\u0259mizlik v\u0259 T\u0259rav\u0259t!"},"content":{"rendered":"<p>Ilham Salt Oil \u2013 Duz Ya\u011f\u0131 30ml<\/p>\n<p>Ilham Natural Salt Oil, d\u0259rinin d\u0259rin t\u0259mizl\u0259nm\u0259sin\u0259 v\u0259 h\u00fcceyr\u0259l\u0259rin yenil\u0259nm\u0259sin\u0259 k\u00f6m\u0259k ed\u0259n g\u00fccl\u00fc mineral t\u0259rkibli t\u0259bii ya\u011fd\u0131r. Duz ekstrakt\u0131 d\u0259rid\u0259ki \u00f6l\u00fc h\u00fcceyr\u0259l\u0259ri yum\u015fald\u0131r, m\u0259sam\u0259l\u0259ri a\u00e7\u0131r v\u0259 ya\u011f balans\u0131n\u0131 t\u0259nziml\u0259yir. D\u0259riy\u0259 daha hamar, parlaq v\u0259 t\u0259miz g\u00f6r\u00fcn\u00fc\u015f b\u0259x\u015f edir.<\/p>\n<p>T\u0259rkibind\u0259ki minerallar say\u0259sind\u0259 duz ya\u011f\u0131 sa\u00e7 dibl\u0259rini g\u00fccl\u0259ndirir, k\u0259p\u0259yi azald\u0131r v\u0259 sa\u00e7\u0131n daha sa\u011flam b\u00f6y\u00fcm\u0259sin\u0259 \u015f\u0259rait yarad\u0131r. Masaj \u00fc\u00e7\u00fcn d\u0259 ideal se\u00e7imdir \u2013 qan d\u00f6vran\u0131n\u0131 aktivl\u0259\u015fdirir, b\u0259d\u0259n yor\u011funlu\u011funu azald\u0131r v\u0259 d\u0259rini canland\u0131r\u0131r.<\/p>\n<p>\ud83d\udc8e Faydalar\u0131<\/p>\n<p>\u2714 \u00d6l\u00fc h\u00fcceyr\u0259l\u0259ri t\u0259mizl\u0259yir<br \/>\n\u2714 S\u0131zanaq v\u0259 l\u0259k\u0259l\u0259rin azalmas\u0131na k\u00f6m\u0259k edir<br \/>\n\u2714 D\u0259ri tonunu b\u0259rab\u0259rl\u0259\u015fdirir<br \/>\n\u2714 Sa\u00e7 dibl\u0259rini m\u00f6hk\u0259ml\u0259ndirir<br \/>\n\u2714 K\u0259p\u0259k v\u0259 qa\u015f\u0131nt\u0131n\u0131 azald\u0131r<br \/>\n\u2714 Mineral d\u0259st\u0259yi il\u0259 d\u0259rini yenil\u0259yir<br \/>\n\u2714 Masaj \u00fc\u00e7\u00fcn m\u00fck\u0259mm\u0259ldir<\/p>\n<p>\ud83e\uddf4 \u0130stifad\u0259 Qaydas\u0131<\/p>\n<p>\u2022 D\u0259riy\u0259 nazik qatla \u00e7\u0259kin, 20\u201330 d\u0259qiq\u0259 saxlay\u0131n.<br \/>\n\u2022 Sa\u00e7 \u00fc\u00e7\u00fcn: sa\u00e7 dibl\u0259rin\u0259 masaj edin, 1 saat saxlay\u0131b yuyun.<br \/>\n\u2022 H\u0259ft\u0259d\u0259 2\u20133 d\u0259f\u0259 istifad\u0259 t\u00f6vsiy\u0259 olunur.<\/p>","protected":false},"excerpt":{"rendered":"<p>Ilham Salt Natural Oil \u2013 d\u0259rini t\u0259mizl\u0259y\u0259n, yenil\u0259y\u0259n v\u0259 sa\u00e7lar\u0131 g\u00fccl\u0259ndir\u0259n t\u0259bii duz ya\u011f\u0131d\u0131r. Qurulu\u011fu aradan qald\u0131r\u0131r, s\u0131zanaqlar\u0131 azald\u0131r v\u0259 b\u0259d\u0259ni rahatlad\u0131r.<\/p>","protected":false},"featured_media":10562,"comment_status":"open","ping_status":"closed","template":"","meta":[],"pwb-brand":[181],"product_cat":[129,126,427,127,144],"product_tag":[300,293,437,423,431,418],"class_list":{"0":"post-10561","1":"product","2":"type-product","3":"status-publish","4":"has-post-thumbnail","6":"pwb-brand-ilham","7":"product_cat-beden-baximi","8":"product_cat-haircare","9":"product_cat-tbii-yaglar","10":"product_cat-face-care","11":"product_cat-face-vitamins","12":"product_tag-bodycare","13":"product_tag-facecare","14":"product_tag-natural-oils","15":"product_tag-skincareroutine","16":"product_tag-tbii-yaglar","17":"product_tag-uzbaximi","18":"pa_size-30ml","21":"instock","22":"sale","23":"shipping-taxable","24":"purchasable","25":"product-type-simple"},"brands":[{"id":181,"name":"\u0130lham","slug":"ilham"}],"_links":{"self":[{"href":"https:\/\/axtarstore.com\/ru\/wp-json\/wp\/v2\/product\/10561"}],"collection":[{"href":"https:\/\/axtarstore.com\/ru\/wp-json\/wp\/v2\/product"}],"about":[{"href":"https:\/\/axtarstore.com\/ru\/wp-json\/wp\/v2\/types\/product"}],"replies":[{"embeddable":true,"href":"https:\/\/axtarstore.com\/ru\/wp-json\/wp\/v2\/comments?post=10561"}],"version-history":[{"count":3,"href":"https:\/\/axtarstore.com\/ru\/wp-json\/wp\/v2\/product\/10561\/revisions"}],"predecessor-version":[{"id":10791,"href":"https:\/\/axtarstore.com\/ru\/wp-json\/wp\/v2\/product\/10561\/revisions\/10791"}],"wp:featuredmedia":[{"embeddable":true,"href":"https:\/\/axtarstore.com\/ru\/wp-json\/wp\/v2\/media\/10562"}],"wp:attachment":[{"href":"https:\/\/axtarstore.com\/ru\/wp-json\/wp\/v2\/media?parent=10561"}],"wp:term":[{"taxonomy":"pwb-brand","embeddable":true,"href":"https:\/\/axtarstore.com\/ru\/wp-json\/wp\/v2\/pwb-brand?post=10561"},{"taxonomy":"product_cat","embeddable":true,"href":"https:\/\/axtarstore.com\/ru\/wp-json\/wp\/v2\/product_cat?post=10561"},{"taxonomy":"product_tag","embeddable":true,"href":"https:\/\/axtarstore.com\/ru\/wp-json\/wp\/v2\/product_tag?post=10561"}],"curies":[{"name":"wp","href":"https:\/\/api.w.org\/{rel}","templated":true}]}}