{"id":10552,"date":"2025-07-03T23:03:52","date_gmt":"2025-07-03T19:03:52","guid":{"rendered":"https:\/\/axtarstore.com\/?post_type=product&#038;p=10552"},"modified":"2025-12-02T21:49:23","modified_gmt":"2025-12-02T17:49:23","slug":"disaar-sac-tokulmesine-qarshi-yag-30ml","status":"publish","type":"product","link":"https:\/\/axtarstore.com\/ru\/product\/disaar-sac-tokulmesine-qarshi-yag-30ml\/","title":{"rendered":"Disaar Sa\u00e7 T\u00f6k\u00fclm\u0259sin\u0259 Qar\u015f\u0131 Ya\u011f \u2013 Anti Hair Loss Serum"},"content":{"rendered":"<p>Disaar Hair Essential Oil \u2013 Sa\u00e7 t\u00f6k\u00fclm\u0259sin\u0259 qar\u015f\u0131 g\u00fccl\u00fc b\u0259rpaedici serum<\/p>\n<p>Sa\u00e7 t\u00f6k\u00fclm\u0259si, seyr\u0259k sa\u00e7lar, do\u011fu\u015fdan sonra t\u00f6k\u00fclm\u0259, hormonal v\u0259 m\u00f6vs\u00fcmi t\u00f6k\u00fclm\u0259l\u0259r \u00fc\u00e7\u00fcn x\u00fcsusi haz\u0131rlanm\u0131\u015f bitki m\u0259n\u015f\u0259li ya\u011fd\u0131r. T\u0259rkibind\u0259ki z\u0259nc\u0259fil ekstrakt\u0131, Arbotivae bitki molekullar\u0131 v\u0259 qidaland\u0131r\u0131c\u0131 ya\u011flar sa\u00e7 k\u00f6kl\u0259rin\u0259 d\u0259rin n\u00fcfuz edir, follikullar\u0131 oyad\u0131r v\u0259 sa\u00e7lar\u0131n yenid\u0259n \u00e7\u0131xmas\u0131n\u0131 aktivl\u0259\u015fdirir.<\/p>\n<p>\u2b50 \u018fsas \u00fcst\u00fcnl\u00fckl\u0259r<\/p>\n<p>Sa\u00e7 t\u00f6k\u00fclm\u0259sini 3\u20134 h\u0259ft\u0259d\u0259 n\u0259z\u0259r\u0259\u00e7arpacaq d\u0259r\u0259c\u0259d\u0259 azald\u0131r<\/p>\n<p>Sa\u00e7 k\u00f6kl\u0259rini m\u00f6hk\u0259ml\u0259ndirir v\u0259 sa\u00e7lar\u0131 qal\u0131nla\u015fd\u0131r\u0131r<\/p>\n<p>Yeni sa\u00e7lar\u0131n \u00e7\u0131x\u0131\u015f\u0131n\u0131 s\u00fcr\u0259tl\u0259ndirir<\/p>\n<p>Sa\u00e7 d\u0259risini canland\u0131r\u0131r v\u0259 ya\u011f balans\u0131n\u0131 t\u0259nziml\u0259yir<\/p>\n<p>Ki\u015fil\u0259r v\u0259 qad\u0131nlar \u00fc\u00e7\u00fcn uy\u011fundur<\/p>\n<p>Alopecia, stress, do\u011fu\u015fdan sonra t\u00f6k\u00fclm\u0259 v\u0259 z\u0259d\u0259l\u0259nmi\u015f sa\u00e7 k\u00f6kl\u0259rin\u0259 qar\u015f\u0131 effektivdir<\/p>\n<p>\u2b50 \u0130stifad\u0259 qaydas\u0131<\/p>\n<p>Sa\u00e7 dibin\u0259 3\u20135 damc\u0131 \u00e7\u0259kin.<\/p>\n<p>Masaj ed\u0259r\u0259k tam hopdurun.<\/p>\n<p>H\u0259ft\u0259d\u0259 3\u20135 d\u0259f\u0259 istifad\u0259 edin.<\/p>\n<p>Daha yax\u015f\u0131 n\u0259tic\u0259 \u00fc\u00e7\u00fcn 2 ay davaml\u0131 istifad\u0259 t\u00f6vsiy\u0259 olunur.<\/p>\n<p>\ud83d\udcaf Kiml\u0259r \u00fc\u00e7\u00fcn uy\u011fundur?<\/p>\n<p>S\u00fcr\u0259tl\u0259 sa\u00e7 t\u00f6k\u00fclm\u0259si ya\u015fayanlar<\/p>\n<p>Sa\u00e7lar\u0131 seyr\u0259kl\u0259\u015f\u0259n ki\u015fil\u0259r v\u0259 qad\u0131nlar<\/p>\n<p>Do\u011fu\u015f sonras\u0131 sa\u00e7 t\u00f6k\u00fclm\u0259si olan qad\u0131nlar<\/p>\n<p>Z\u0259d\u0259l\u0259nmi\u015f sa\u00e7 k\u00f6kl\u0259ri olanlar<\/p>\n<p>Alopecia ba\u015flan\u011f\u0131c\u0131 olan \u015f\u0259xsl\u0259r<\/p>","protected":false},"excerpt":{"rendered":"<p>Disaar Sa\u00e7 T\u00f6k\u00fclm\u0259sin\u0259 Qar\u015f\u0131 Ya\u011f sa\u00e7 k\u00f6kl\u0259rini qidaland\u0131r\u0131r, t\u00f6k\u00fclm\u0259ni azald\u0131r v\u0259 yeni sa\u00e7lar\u0131n \u00e7\u0131xmas\u0131na k\u00f6m\u0259k edir. Z\u0259nc\u0259fil v\u0259 bitki ekstraktlar\u0131 il\u0259 s\u00fcr\u0259tli t\u0259sir g\u00f6st\u0259rir.<\/p>","protected":false},"featured_media":10554,"comment_status":"open","ping_status":"closed","template":"","meta":[],"pwb-brand":[172],"product_cat":[126,138,135],"product_tag":[306,308,301,425,307,417,421],"class_list":{"0":"post-10552","1":"product","2":"type-product","3":"status-publish","4":"has-post-thumbnail","6":"pwb-brand-disar","7":"product_cat-haircare","8":"product_cat-vitamins","9":"product_cat-oil","10":"product_tag-antihairloss","11":"product_tag-haircare","12":"product_tag-hairfallsolution","13":"product_tag-healthyhair","14":"product_tag-longstronghair","15":"product_tag-sacbaximi","16":"product_tag-sacqullugu","17":"pa_size-30ml","20":"instock","21":"sale","22":"shipping-taxable","23":"purchasable","24":"product-type-simple"},"brands":[{"id":172,"name":"Disar","slug":"disar"}],"_links":{"self":[{"href":"https:\/\/axtarstore.com\/ru\/wp-json\/wp\/v2\/product\/10552"}],"collection":[{"href":"https:\/\/axtarstore.com\/ru\/wp-json\/wp\/v2\/product"}],"about":[{"href":"https:\/\/axtarstore.com\/ru\/wp-json\/wp\/v2\/types\/product"}],"replies":[{"embeddable":true,"href":"https:\/\/axtarstore.com\/ru\/wp-json\/wp\/v2\/comments?post=10552"}],"version-history":[{"count":3,"href":"https:\/\/axtarstore.com\/ru\/wp-json\/wp\/v2\/product\/10552\/revisions"}],"predecessor-version":[{"id":10795,"href":"https:\/\/axtarstore.com\/ru\/wp-json\/wp\/v2\/product\/10552\/revisions\/10795"}],"wp:featuredmedia":[{"embeddable":true,"href":"https:\/\/axtarstore.com\/ru\/wp-json\/wp\/v2\/media\/10554"}],"wp:attachment":[{"href":"https:\/\/axtarstore.com\/ru\/wp-json\/wp\/v2\/media?parent=10552"}],"wp:term":[{"taxonomy":"pwb-brand","embeddable":true,"href":"https:\/\/axtarstore.com\/ru\/wp-json\/wp\/v2\/pwb-brand?post=10552"},{"taxonomy":"product_cat","embeddable":true,"href":"https:\/\/axtarstore.com\/ru\/wp-json\/wp\/v2\/product_cat?post=10552"},{"taxonomy":"product_tag","embeddable":true,"href":"https:\/\/axtarstore.com\/ru\/wp-json\/wp\/v2\/product_tag?post=10552"}],"curies":[{"name":"wp","href":"https:\/\/api.w.org\/{rel}","templated":true}]}}