{"id":10541,"date":"2025-07-03T22:37:47","date_gmt":"2025-07-03T18:37:47","guid":{"rendered":"https:\/\/axtarstore.com\/?post_type=product&#038;p=10541"},"modified":"2025-12-02T22:27:48","modified_gmt":"2025-12-02T18:27:48","slug":"ilham-henna-natural-oil-tebii-xina-yagi","status":"publish","type":"product","link":"https:\/\/axtarstore.com\/ru\/product\/ilham-henna-natural-oil-tebii-xina-yagi\/","title":{"rendered":"Ilham Henna Natural Oil 30ml \u2013 T\u0259bii X\u0131na Ya\u011f\u0131"},"content":{"rendered":"<p>Ilham Henna Natural Oil, q\u0259dim x\u0131na bitkisinin t\u0259miz ekstrakt\u0131ndan haz\u0131rlanm\u0131\u015f y\u00fcks\u0259k keyfiyy\u0259tli v\u0259 tam t\u0259bii sa\u00e7 bax\u0131m m\u0259hsuludur. Sa\u00e7 k\u00f6kl\u0259rini qidaland\u0131raraq t\u00f6k\u00fclm\u0259ni azald\u0131r, sa\u00e7lar\u0131n daha sa\u011flam v\u0259 tez uzanmas\u0131na k\u00f6m\u0259k edir. X\u0131na bitkisinin g\u00fccl\u00fc antibakterial t\u0259siri ba\u015f d\u0259risini sakitl\u0259\u015fdirir, qa\u015f\u0131nman\u0131 v\u0259 k\u0259p\u0259yi azald\u0131r.<\/p>\n<p>Daimi istifad\u0259 sa\u00e7lara y\u00fcks\u0259k parlaql\u0131q, yum\u015faql\u0131q v\u0259 m\u00f6hk\u0259mlik qazand\u0131r\u0131r. Kimy\u0259vi qatq\u0131s\u0131z formul say\u0259sind\u0259 b\u00fct\u00fcn sa\u00e7 tipl\u0259ri \u00fc\u00e7\u00fcn uy\u011fundur.<\/p>\n<p>\u2714 Faydalar\u0131<\/p>\n<p>Sa\u00e7 t\u00f6k\u00fclm\u0259sini azald\u0131r v\u0259 k\u00f6kl\u0259ri g\u00fccl\u0259ndirir<\/p>\n<p>Sa\u00e7\u0131n daha tez uzanmas\u0131n\u0131 d\u0259st\u0259kl\u0259yir<\/p>\n<p>K\u0259p\u0259yi v\u0259 qa\u015f\u0131nman\u0131 aradan qald\u0131r\u0131r<\/p>\n<p>Sa\u00e7lar\u0131 qidaland\u0131r\u0131r v\u0259 canland\u0131r\u0131r<\/p>\n<p>Sa\u00e7lara par\u0131lt\u0131 v\u0259 dol\u011funluq \u0259lav\u0259 edir<\/p>\n<p>T\u0259bii antibakterial t\u0259sir g\u00f6st\u0259rir<\/p>\n<p>Sa\u00e7\u0131 yum\u015fald\u0131r v\u0259 daha asan daranmas\u0131n\u0131 t\u0259min edir<\/p>\n<p>Boya g\u00f6rm\u00fc\u015f v\u0259 z\u0259d\u0259l\u0259nmi\u015f sa\u00e7lar \u00fc\u00e7\u00fcn m\u00fck\u0259mm\u0259l b\u0259rpaedici t\u0259sir<\/p>\n<p>\u2714 \u0130stifad\u0259 Qaydas\u0131<\/p>\n<p>Ya\u011f\u0131 sa\u00e7 dibl\u0259rin\u0259 v\u0259 uclar\u0131na masaj ed\u0259r\u0259k t\u0259tbiq edin.<\/p>\n<p>Minimum 30\u201345 d\u0259qiq\u0259 saxlay\u0131n (gec\u0259 saxlamaq daha g\u00fccl\u00fc effekt verir).<\/p>\n<p>\u0130l\u0131q su v\u0259 \u015fampunla yuyun.<\/p>\n<p>H\u0259ft\u0259d\u0259 2\u20133 d\u0259f\u0259 istifad\u0259 t\u00f6vsiy\u0259 olunur.<\/p>","protected":false},"excerpt":{"rendered":"<p>Ilham Henna Natural Oil \u2013 sa\u00e7 t\u00f6k\u00fclm\u0259sini azaltmaq, sa\u00e7 dibl\u0259rini g\u00fccl\u0259ndirm\u0259k v\u0259 sa\u00e7lar\u0131n daha sa\u011flam uzanmas\u0131n\u0131 t\u0259min etm\u0259k \u00fc\u00e7\u00fcn haz\u0131rlanan 100% t\u0259bii x\u0131na ya\u011f\u0131d\u0131r.<\/p>","protected":false},"featured_media":10542,"comment_status":"open","ping_status":"closed","template":"","meta":[],"pwb-brand":[181],"product_cat":[126,135,427],"product_tag":[293,308,301,425,423],"class_list":{"0":"post-10541","1":"product","2":"type-product","3":"status-publish","4":"has-post-thumbnail","6":"pwb-brand-ilham","7":"product_cat-haircare","8":"product_cat-oil","9":"product_cat-tbii-yaglar","10":"product_tag-facecare","11":"product_tag-haircare","12":"product_tag-hairfallsolution","13":"product_tag-healthyhair","14":"product_tag-skincareroutine","15":"pa_size-30ml","18":"instock","19":"sale","20":"shipping-taxable","21":"purchasable","22":"product-type-simple"},"brands":[{"id":181,"name":"\u0130lham","slug":"ilham"}],"_links":{"self":[{"href":"https:\/\/axtarstore.com\/ru\/wp-json\/wp\/v2\/product\/10541"}],"collection":[{"href":"https:\/\/axtarstore.com\/ru\/wp-json\/wp\/v2\/product"}],"about":[{"href":"https:\/\/axtarstore.com\/ru\/wp-json\/wp\/v2\/types\/product"}],"replies":[{"embeddable":true,"href":"https:\/\/axtarstore.com\/ru\/wp-json\/wp\/v2\/comments?post=10541"}],"version-history":[{"count":3,"href":"https:\/\/axtarstore.com\/ru\/wp-json\/wp\/v2\/product\/10541\/revisions"}],"predecessor-version":[{"id":10801,"href":"https:\/\/axtarstore.com\/ru\/wp-json\/wp\/v2\/product\/10541\/revisions\/10801"}],"wp:featuredmedia":[{"embeddable":true,"href":"https:\/\/axtarstore.com\/ru\/wp-json\/wp\/v2\/media\/10542"}],"wp:attachment":[{"href":"https:\/\/axtarstore.com\/ru\/wp-json\/wp\/v2\/media?parent=10541"}],"wp:term":[{"taxonomy":"pwb-brand","embeddable":true,"href":"https:\/\/axtarstore.com\/ru\/wp-json\/wp\/v2\/pwb-brand?post=10541"},{"taxonomy":"product_cat","embeddable":true,"href":"https:\/\/axtarstore.com\/ru\/wp-json\/wp\/v2\/product_cat?post=10541"},{"taxonomy":"product_tag","embeddable":true,"href":"https:\/\/axtarstore.com\/ru\/wp-json\/wp\/v2\/product_tag?post=10541"}],"curies":[{"name":"wp","href":"https:\/\/api.w.org\/{rel}","templated":true}]}}