{"id":10524,"date":"2025-06-22T00:00:14","date_gmt":"2025-06-21T20:00:14","guid":{"rendered":"https:\/\/axtarstore.com\/?post_type=product&#038;p=10524"},"modified":"2025-12-02T22:36:33","modified_gmt":"2025-12-02T18:36:33","slug":"mark30-vitamin-c-serum-leke-qarsiti-30ml","status":"publish","type":"product","link":"https:\/\/axtarstore.com\/ru\/product\/mark30-vitamin-c-serum-leke-qarsiti-30ml\/","title":{"rendered":"Mark 30 Vitamin C Serum \u2013 Parlaq D\u0259ri v\u0259 L\u0259k\u0259 Qar\u015f\u0131t\u0131 Serum (30 ml)"},"content":{"rendered":"<p>Mark 30 Vitamin C Serum, d\u0259rid\u0259ki qaralmalar\u0131, piqment l\u0259k\u0259l\u0259rini v\u0259 g\u00fcn\u0259\u015f izl\u0259rini azaltmaq \u00fc\u00e7\u00fcn haz\u0131rlanm\u0131\u015f y\u00fcks\u0259k t\u0259sirli C vitamini konsentrasiyas\u0131d\u0131r. Antioksidant g\u00fcc\u00fc say\u0259sind\u0259 d\u0259rini parlaqla\u015fd\u0131r\u0131r, iltihab\u0131 azald\u0131r v\u0259 h\u00fcceyr\u0259 yenil\u0259nm\u0259sini s\u00fcr\u0259tl\u0259ndirir.<\/p>\n<p>Serum, d\u0259ri baryerini g\u00fccl\u0259ndir\u0259r\u0259k q\u0131r\u0131\u015flar\u0131n g\u00f6r\u00fcn\u00fcm\u00fcn\u00fc azald\u0131r v\u0259 d\u0259rini daha hamar, g\u0259nc v\u0259 canl\u0131 g\u00f6st\u0259rir. Davaml\u0131 istifad\u0259d\u0259 d\u0259ri tonu b\u0259rab\u0259rl\u0259\u015fir, matl\u0131q itir v\u0259 d\u0259rid\u0259 t\u0259bii parlaql\u0131q yaran\u0131r.<\/p>\n<p>\u2714 Faydalar\u0131<\/p>\n<p>D\u0259ri r\u0259ngini b\u0259rab\u0259rl\u0259\u015fdirir<\/p>\n<p>Piqment v\u0259 g\u00fcn\u0259\u015f l\u0259k\u0259l\u0259rini a\u00e7\u0131r<\/p>\n<p>D\u0259rini daha parlaq v\u0259 dol\u011fun g\u00f6st\u0259rir<\/p>\n<p>Kollagen istehsal\u0131n\u0131 art\u0131r\u0131r<\/p>\n<p>X\u0131rda q\u0131r\u0131\u015flar\u0131n g\u00f6r\u00fcn\u00fcm\u00fcn\u00fc azald\u0131r<\/p>\n<p>S\u0131zanaq izl\u0259rini yum\u015fald\u0131r<\/p>\n<p>B\u00fct\u00fcn d\u0259ri tipl\u0259ri \u00fc\u00e7\u00fcn uy\u011fundur<\/p>\n<p>Hipoallergen v\u0259 g\u00fcnd\u0259lik istifad\u0259y\u0259 uy\u011fun<\/p>\n<p>\u2714 \u0130stifad\u0259 Qaydas\u0131<\/p>\n<p>T\u0259miz v\u0259 quru d\u0259rinin \u00fcz\u0259rin\u0259 2\u20133 damc\u0131 serum \u00e7\u0259kin.<\/p>\n<p>Y\u00fcng\u00fcl masajla hopdurun.<\/p>\n<p>G\u00fcnd\u00fcz istifad\u0259 edirsinizs\u0259, m\u00fctl\u0259q g\u00fcn\u0259\u015f kremi il\u0259 tamamlay\u0131n.<\/p>\n<p>G\u00fcnd\u0259 1\u20132 d\u0259f\u0259 istifad\u0259 oluna bil\u0259r.<\/p>","protected":false},"excerpt":{"rendered":"<p>Mark 30 Vitamin C Serum \u2013 d\u0259ri tonunu b\u0259rab\u0259rl\u0259\u015fdir\u0259n, l\u0259k\u0259l\u0259ri a\u00e7an, d\u0259rini parlaq v\u0259 sa\u011flam g\u00f6st\u0259r\u0259n g\u00fccl\u00fc 30ml C vitamini serumu. B\u00fct\u00fcn d\u0259ri tipl\u0259rin\u0259 uy\u011fundur.<\/p>","protected":false},"featured_media":10525,"comment_status":"open","ping_status":"closed","template":"","meta":[],"pwb-brand":[434],"product_cat":[127,143,144],"product_tag":[353,293,418,325],"class_list":{"0":"post-10524","1":"product","2":"type-product","3":"status-publish","4":"has-post-thumbnail","6":"pwb-brand-mark-30","7":"product_cat-face-care","8":"product_cat-face-serum","9":"product_cat-face-vitamins","10":"product_tag-face-serum","11":"product_tag-facecare","12":"product_tag-uzbaximi","13":"product_tag-vitamin-c","14":"pa_size-30ml","17":"instock","18":"sale","19":"shipping-taxable","20":"purchasable","21":"product-type-simple"},"brands":[{"id":434,"name":"mark 30","slug":"mark-30"}],"_links":{"self":[{"href":"https:\/\/axtarstore.com\/ru\/wp-json\/wp\/v2\/product\/10524"}],"collection":[{"href":"https:\/\/axtarstore.com\/ru\/wp-json\/wp\/v2\/product"}],"about":[{"href":"https:\/\/axtarstore.com\/ru\/wp-json\/wp\/v2\/types\/product"}],"replies":[{"embeddable":true,"href":"https:\/\/axtarstore.com\/ru\/wp-json\/wp\/v2\/comments?post=10524"}],"version-history":[{"count":3,"href":"https:\/\/axtarstore.com\/ru\/wp-json\/wp\/v2\/product\/10524\/revisions"}],"predecessor-version":[{"id":10805,"href":"https:\/\/axtarstore.com\/ru\/wp-json\/wp\/v2\/product\/10524\/revisions\/10805"}],"wp:featuredmedia":[{"embeddable":true,"href":"https:\/\/axtarstore.com\/ru\/wp-json\/wp\/v2\/media\/10525"}],"wp:attachment":[{"href":"https:\/\/axtarstore.com\/ru\/wp-json\/wp\/v2\/media?parent=10524"}],"wp:term":[{"taxonomy":"pwb-brand","embeddable":true,"href":"https:\/\/axtarstore.com\/ru\/wp-json\/wp\/v2\/pwb-brand?post=10524"},{"taxonomy":"product_cat","embeddable":true,"href":"https:\/\/axtarstore.com\/ru\/wp-json\/wp\/v2\/product_cat?post=10524"},{"taxonomy":"product_tag","embeddable":true,"href":"https:\/\/axtarstore.com\/ru\/wp-json\/wp\/v2\/product_tag?post=10524"}],"curies":[{"name":"wp","href":"https:\/\/api.w.org\/{rel}","templated":true}]}}