{"id":10520,"date":"2025-06-21T23:52:28","date_gmt":"2025-06-21T19:52:28","guid":{"rendered":"https:\/\/axtarstore.com\/?post_type=product&#038;p=10520"},"modified":"2025-12-02T22:39:14","modified_gmt":"2025-12-02T18:39:14","slug":"ilham-rose-natural-oil-tebii-gul-yagi-30ml","status":"publish","type":"product","link":"https:\/\/axtarstore.com\/ru\/product\/ilham-rose-natural-oil-tebii-gul-yagi-30ml\/","title":{"rendered":"Ilham Rose Natural Oil \u2013 T\u0259bii G\u00fcl Ya\u011f\u0131 (30 ml)"},"content":{"rendered":"<p>Ilham Rose Natural Oil, t\u0259miz g\u00fcl ekstrakt\u0131ndan \u0259ld\u0259 edilmi\u015f y\u00fcks\u0259k keyfiyy\u0259tli v\u0259 tam t\u0259bii qulluq ya\u011fd\u0131r. G\u00fcl ya\u011f\u0131n\u0131n aromaterapiya v\u0259 dermatoloji t\u0259siri d\u0259rini rahatlad\u0131r, s\u0259pgil\u0259ri azald\u0131r v\u0259 h\u0259ssas d\u0259rini yum\u015faq \u015f\u0259kild\u0259 sakitl\u0259\u015fdirir.<\/p>\n<p>Sa\u00e7lar \u00fc\u00e7\u00fcn is\u0259 par\u0131lt\u0131, yum\u015faql\u0131q v\u0259 qidalanma t\u0259min edir. T\u0259rkibind\u0259ki t\u0259bii antioksidantlar d\u0259rini g\u0259ncl\u0259\u015fdirir, d\u0259rinin elastikliyini art\u0131r\u0131r v\u0259 x\u0131rda q\u0131r\u0131\u015flar\u0131n g\u00f6r\u00fcn\u00fcm\u00fcn\u00fc z\u0259ifl\u0259dir.<\/p>\n<p>\u2714 Faydalar\u0131<\/p>\n<p>D\u0259rini qidaland\u0131r\u0131r v\u0259 d\u0259rin n\u0259ml\u0259ndirir<\/p>\n<p>H\u0259ssas d\u0259ri \u00fc\u00e7\u00fcn sakitl\u0259\u015fdirici t\u0259sir<\/p>\n<p>Q\u0131r\u0131\u015flar\u0131n v\u0259 x\u0131rda x\u0259ttl\u0259rin g\u00f6r\u00fcn\u00fcm\u00fcn\u00fc azald\u0131r<\/p>\n<p>S\u0259pgil\u0259ri v\u0259 q\u0131zart\u0131n\u0131 sakitl\u0259\u015fdirir<\/p>\n<p>T\u0259bii g\u0259ncl\u0259\u015fdirici t\u0259sir<\/p>\n<p>Sa\u00e7lara parlaql\u0131q v\u0259 yum\u015faql\u0131q verir<\/p>\n<p>Aromaterapiya t\u0259siri il\u0259 siniri sakitl\u0259\u015fdirir<\/p>\n<p>B\u00fct\u00fcn d\u0259ri tipl\u0259rin\u0259 uy\u011fundur<\/p>\n<p>\u2714 \u0130stifad\u0259 Qaydas\u0131<br \/>\nD\u0259ri \u00fc\u00e7\u00fcn:<\/p>\n<p>T\u0259miz d\u0259riy\u0259 bir ne\u00e7\u0259 damc\u0131 \u00e7\u0259kin.<\/p>\n<p>Yum\u015faq masaj h\u0259r\u0259k\u0259tl\u0259ri il\u0259 hopdurun.<\/p>\n<p>G\u00fcnd\u0259lik istifad\u0259y\u0259 uy\u011fundur.<\/p>\n<p>Sa\u00e7 \u00fc\u00e7\u00fcn:<\/p>\n<p>Sa\u00e7 uclar\u0131na v\u0259 tell\u0259r\u0259 az miqdarda \u00e7\u0259kin.<\/p>\n<p>Daha d\u0259rin qulluq \u00fc\u00e7\u00fcn sa\u00e7 dibin\u0259 masaj ed\u0259r\u0259k t\u0259tbiq edin v\u0259 30 d\u0259qiq\u0259 saxlay\u0131n.<\/p>\n<p>\u015eampunla yuyun.<\/p>","protected":false},"excerpt":{"rendered":"<p>Ilham Rose Natural Oil \u2013 100% t\u0259bii g\u00fcl ya\u011f\u0131. D\u0259rini n\u0259ml\u0259ndirir, sakitl\u0259\u015fdirir v\u0259 q\u0131r\u0131\u015flara qar\u015f\u0131 yum\u015fald\u0131c\u0131 t\u0259sir g\u00f6st\u0259rir. Sa\u00e7lar \u00fc\u00e7\u00fcn d\u0259 qidaland\u0131r\u0131c\u0131d\u0131r.<\/p>","protected":false},"featured_media":10521,"comment_status":"open","ping_status":"closed","template":"","meta":[],"pwb-brand":[181],"product_cat":[129,427,127,144],"product_tag":[437,431,418],"class_list":{"0":"post-10520","1":"product","2":"type-product","3":"status-publish","4":"has-post-thumbnail","6":"pwb-brand-ilham","7":"product_cat-beden-baximi","8":"product_cat-tbii-yaglar","9":"product_cat-face-care","10":"product_cat-face-vitamins","11":"product_tag-natural-oils","12":"product_tag-tbii-yaglar","13":"product_tag-uzbaximi","14":"pa_size-30ml","17":"instock","18":"sale","19":"shipping-taxable","20":"purchasable","21":"product-type-simple"},"brands":[{"id":181,"name":"\u0130lham","slug":"ilham"}],"_links":{"self":[{"href":"https:\/\/axtarstore.com\/ru\/wp-json\/wp\/v2\/product\/10520"}],"collection":[{"href":"https:\/\/axtarstore.com\/ru\/wp-json\/wp\/v2\/product"}],"about":[{"href":"https:\/\/axtarstore.com\/ru\/wp-json\/wp\/v2\/types\/product"}],"replies":[{"embeddable":true,"href":"https:\/\/axtarstore.com\/ru\/wp-json\/wp\/v2\/comments?post=10520"}],"version-history":[{"count":3,"href":"https:\/\/axtarstore.com\/ru\/wp-json\/wp\/v2\/product\/10520\/revisions"}],"predecessor-version":[{"id":10807,"href":"https:\/\/axtarstore.com\/ru\/wp-json\/wp\/v2\/product\/10520\/revisions\/10807"}],"wp:featuredmedia":[{"embeddable":true,"href":"https:\/\/axtarstore.com\/ru\/wp-json\/wp\/v2\/media\/10521"}],"wp:attachment":[{"href":"https:\/\/axtarstore.com\/ru\/wp-json\/wp\/v2\/media?parent=10520"}],"wp:term":[{"taxonomy":"pwb-brand","embeddable":true,"href":"https:\/\/axtarstore.com\/ru\/wp-json\/wp\/v2\/pwb-brand?post=10520"},{"taxonomy":"product_cat","embeddable":true,"href":"https:\/\/axtarstore.com\/ru\/wp-json\/wp\/v2\/product_cat?post=10520"},{"taxonomy":"product_tag","embeddable":true,"href":"https:\/\/axtarstore.com\/ru\/wp-json\/wp\/v2\/product_tag?post=10520"}],"curies":[{"name":"wp","href":"https:\/\/api.w.org\/{rel}","templated":true}]}}