{"id":10516,"date":"2025-06-21T23:43:16","date_gmt":"2025-06-21T19:43:16","guid":{"rendered":"https:\/\/axtarstore.com\/?post_type=product&#038;p=10516"},"modified":"2025-12-02T22:43:37","modified_gmt":"2025-12-02T18:43:37","slug":"due-anti-marks-cream-leke-qarsiti-uz-kremi","status":"publish","type":"product","link":"https:\/\/axtarstore.com\/ru\/product\/due-anti-marks-cream-leke-qarsiti-uz-kremi\/","title":{"rendered":"DUE Anti-Marks Cream \u2013 L\u0259k\u0259 \u018fleyhin\u0259 \u00dcz Kremi"},"content":{"rendered":"<p>DUE Anti-Marks Cream, d\u0259ri tonunu b\u0259rab\u0259rl\u0259\u015fdirm\u0259k, l\u0259k\u0259l\u0259ri a\u00e7maq v\u0259 d\u0259rini daha sa\u011flam g\u00f6st\u0259rm\u0259k \u00fc\u00e7\u00fcn haz\u0131rlanm\u0131\u015f multivitamin kapsullar\u0131ndan ibar\u0259t y\u00fcks\u0259k t\u0259sirli g\u00fcnd\u0259lik \u00fcz kremidir.<\/p>\n<p>Kremin z\u0259ngin formulunda glowing Multi Vitamin Beads, antioksidantlar v\u0259 yum\u015fald\u0131c\u0131 madd\u0259l\u0259r var. Bu komponentl\u0259r d\u0259rinin yenil\u0259nm\u0259sini s\u00fcr\u0259tl\u0259ndirir, t\u00fcnd izl\u0259ri a\u00e7\u0131r v\u0259 d\u0259rid\u0259 t\u0259bii parlaql\u0131q yarad\u0131r.<\/p>\n<p>Davaml\u0131 istifad\u0259d\u0259 s\u0259pgil\u0259rd\u0259n qalan izl\u0259r y\u00fcng\u00fcll\u0259\u015fir, d\u0259ri daha hamar v\u0259 ayd\u0131n g\u00f6r\u00fcn\u00fcr. B\u00fct\u00fcn d\u0259ri tipl\u0259ri \u00fc\u00e7\u00fcn uy\u011fundur, x\u00fcsusil\u0259 l\u0259k\u0259l\u0259nm\u0259y\u0259 meyilli d\u0259ri \u00fc\u00e7\u00fcn ideald\u0131r.<\/p>\n<p>\u2714 Faydalar\u0131<\/p>\n<p>D\u0259ri l\u0259k\u0259l\u0259rini v\u0259 t\u00fcnd izl\u0259ri a\u00e7\u0131r<\/p>\n<p>D\u0259ri tonunu b\u0259rab\u0259rl\u0259\u015fdirir<\/p>\n<p>D\u0259rini parlaq v\u0259 canl\u0131 g\u00f6st\u0259rir<\/p>\n<p>S\u0259pgil\u0259rd\u0259n qalan izl\u0259ri y\u00fcng\u00fcll\u0259\u015fdirir<\/p>\n<p>N\u0259ml\u0259ndirici v\u0259 yum\u015fald\u0131c\u0131 t\u0259sir<\/p>\n<p>Multivitamin kapsullar\u0131 il\u0259 d\u0259ri yenil\u0259nm\u0259sini art\u0131r\u0131r<\/p>\n<p>Q\u0131c\u0131qlanman\u0131 sakitl\u0259\u015fdirir<\/p>\n<p>B\u00fct\u00fcn d\u0259ri tipl\u0259ri \u00fc\u00e7\u00fcn uy\u011fundur<\/p>\n<p>\u2714 \u0130stifad\u0259 Qaydas\u0131<\/p>\n<p>T\u0259miz v\u0259 quru d\u0259riy\u0259 az miqdarda \u00e7\u0259kin.<\/p>\n<p>Yum\u015faq dair\u0259vi masajla tam hopdurun.<\/p>\n<p>G\u00fcnd\u0259 1\u20132 d\u0259f\u0259 istifad\u0259 edil\u0259 bil\u0259r.<\/p>\n<p>Daha yax\u015f\u0131 n\u0259tic\u0259 \u00fc\u00e7\u00fcn gec\u0259 istifad\u0259si t\u00f6vsiy\u0259 olunur.<\/p>","protected":false},"excerpt":{"rendered":"<p>DUE Anti-Marks Cream \u2013 multivitamin t\u0259rkibli, d\u0259rid\u0259ki l\u0259k\u0259l\u0259ri v\u0259 izl\u0259ri a\u00e7an, tonu b\u0259rab\u0259rl\u0259\u015fdir\u0259n v\u0259 d\u0259rini parlaq g\u00f6st\u0259r\u0259n g\u00fcnd\u0259lik \u00fcz kremidir.<\/p>","protected":false},"featured_media":10517,"comment_status":"open","ping_status":"closed","template":"","meta":[],"pwb-brand":[169],"product_cat":[127,142],"product_tag":[442,428,418],"class_list":{"0":"post-10516","1":"product","2":"type-product","3":"status-publish","4":"has-post-thumbnail","6":"pwb-brand-due","7":"product_cat-face-care","8":"product_cat-face-creams","9":"product_tag-uz","10":"product_tag-uz-kremi","11":"product_tag-uzbaximi","12":"pa_size-15ml","15":"instock","16":"sale","17":"shipping-taxable","18":"purchasable","19":"product-type-simple"},"brands":[{"id":169,"name":"Due","slug":"due"}],"_links":{"self":[{"href":"https:\/\/axtarstore.com\/ru\/wp-json\/wp\/v2\/product\/10516"}],"collection":[{"href":"https:\/\/axtarstore.com\/ru\/wp-json\/wp\/v2\/product"}],"about":[{"href":"https:\/\/axtarstore.com\/ru\/wp-json\/wp\/v2\/types\/product"}],"replies":[{"embeddable":true,"href":"https:\/\/axtarstore.com\/ru\/wp-json\/wp\/v2\/comments?post=10516"}],"version-history":[{"count":3,"href":"https:\/\/axtarstore.com\/ru\/wp-json\/wp\/v2\/product\/10516\/revisions"}],"predecessor-version":[{"id":10809,"href":"https:\/\/axtarstore.com\/ru\/wp-json\/wp\/v2\/product\/10516\/revisions\/10809"}],"wp:featuredmedia":[{"embeddable":true,"href":"https:\/\/axtarstore.com\/ru\/wp-json\/wp\/v2\/media\/10517"}],"wp:attachment":[{"href":"https:\/\/axtarstore.com\/ru\/wp-json\/wp\/v2\/media?parent=10516"}],"wp:term":[{"taxonomy":"pwb-brand","embeddable":true,"href":"https:\/\/axtarstore.com\/ru\/wp-json\/wp\/v2\/pwb-brand?post=10516"},{"taxonomy":"product_cat","embeddable":true,"href":"https:\/\/axtarstore.com\/ru\/wp-json\/wp\/v2\/product_cat?post=10516"},{"taxonomy":"product_tag","embeddable":true,"href":"https:\/\/axtarstore.com\/ru\/wp-json\/wp\/v2\/product_tag?post=10516"}],"curies":[{"name":"wp","href":"https:\/\/api.w.org\/{rel}","templated":true}]}}