{"id":10511,"date":"2025-06-21T23:31:43","date_gmt":"2025-06-21T19:31:43","guid":{"rendered":"https:\/\/axtarstore.com\/?post_type=product&#038;p=10511"},"modified":"2025-12-02T22:48:44","modified_gmt":"2025-12-02T18:48:44","slug":"zarwa-gold-whitening-cream-leke-acici-krem","status":"publish","type":"product","link":"https:\/\/axtarstore.com\/ru\/product\/zarwa-gold-whitening-cream-leke-acici-krem\/","title":{"rendered":"Zarwa Gold Whitening Cream \u2013 L\u0259k\u0259 A\u00e7\u0131c\u0131 \u00dcz Kremi"},"content":{"rendered":"<p>Zarwa Gold Whitening Cream, qaranl\u0131q l\u0259k\u0259l\u0259ri, g\u00fcn\u0259\u015f izl\u0259rini, s\u0131zanaqdan qalan t\u00fcnd \u00e7\u00f6k\u00fcnt\u00fcl\u0259ri a\u00e7maq \u00fc\u00e7\u00fcn haz\u0131rlanm\u0131\u015f g\u00fccl\u00fc i\u015f\u0131qland\u0131r\u0131c\u0131 formula il\u0259 d\u0259riy\u0259 ayd\u0131nl\u0131q qazand\u0131r\u0131r. Q\u0131z\u0131l ekstrakt\u0131, t\u0259bii bitki ya\u011flar\u0131 v\u0259 n\u0259ml\u0259ndiricil\u0259r d\u0259rinin tonunu b\u0259rab\u0259rl\u0259\u015fdir\u0259r\u0259k daha parlaq, hamar v\u0259 sa\u011flam g\u00f6r\u00fcn\u00fc\u015f yarad\u0131r.<\/p>\n<p>Krem h\u0259m d\u0259 d\u0259rinin s\u0259thini yum\u015fald\u0131r, q\u0131rm\u0131z\u0131 l\u0259k\u0259l\u0259ri sakitl\u0259\u015fdirir v\u0259 s\u0131zanaq izl\u0259rinin g\u00f6r\u00fcnm\u0259sini azald\u0131r. B\u00fct\u00fcn d\u0259ri tipl\u0259ri \u00fc\u00e7\u00fcn uy\u011fundur v\u0259 g\u00fcnd\u0259lik istifad\u0259y\u0259 rahatd\u0131r.<\/p>\n<p>\u2714 Faydalar\u0131<\/p>\n<p>T\u00fcnd l\u0259k\u0259l\u0259ri v\u0259 piqmentasiyan\u0131 a\u00e7\u0131r<\/p>\n<p>S\u0131zanaq v\u0259 akne izl\u0259rini azald\u0131r<\/p>\n<p>D\u0259ri tonunu b\u0259rab\u0259rl\u0259\u015fdirir<\/p>\n<p>D\u0259rini parlaq v\u0259 canl\u0131 g\u00f6st\u0259rir<\/p>\n<p>Q\u0131z\u0131l ekstrakt\u0131 il\u0259 d\u0259rin qidalanma<\/p>\n<p>D\u0259rinin toxumas\u0131n\u0131 hamarla\u015fd\u0131r\u0131r<\/p>\n<p>G\u00fcnd\u0259lik istifad\u0259 \u00fc\u00e7\u00fcn uy\u011fundur<\/p>\n<p>B\u00fct\u00fcn d\u0259ri tipl\u0259ri il\u0259 uy\u011funla\u015f\u0131r<\/p>\n<p>\u2714 \u0130stifad\u0259 Qaydas\u0131<\/p>\n<p>T\u0259miz v\u0259 quru d\u0259riy\u0259 nazik t\u0259b\u0259q\u0259 \u015f\u0259klind\u0259 \u00e7\u0259kin.<\/p>\n<p>Dair\u0259vi masajla tam hopdurun.<\/p>\n<p>G\u00fcnd\u0259 1\u20132 d\u0259f\u0259 istifad\u0259si t\u00f6vsiy\u0259 olunur.<\/p>\n<p>G\u00fcnd\u00fcz istifad\u0259 edil\u0259rs\u0259, g\u00fcn\u0259\u015f kremi il\u0259 birlikd\u0259 t\u0259klif olunur.<\/p>","protected":false},"excerpt":{"rendered":"<p>Zarwa Gold Whitening Cream \u2013 t\u00fcnd l\u0259k\u0259l\u0259ri a\u00e7an, s\u0131zanaq izl\u0259rini azaldan v\u0259 d\u0259rini hamarla\u015fd\u0131ran g\u00fcnd\u0259lik i\u015f\u0131qland\u0131r\u0131c\u0131 \u00fcz kremidir. 5 g\u00fcn\u0259 g\u00f6r\u00fcn\u0259n yum\u015faq n\u0259tic\u0259 verir.<\/p>","protected":false},"featured_media":10512,"comment_status":"open","ping_status":"closed","template":"","meta":[],"pwb-brand":[481],"product_cat":[127,142],"product_tag":[428,319,418],"class_list":{"0":"post-10511","1":"product","2":"type-product","3":"status-publish","4":"has-post-thumbnail","6":"pwb-brand-zarwa","7":"product_cat-face-care","8":"product_cat-face-creams","9":"product_tag-uz-kremi","10":"product_tag-uz-lklri","11":"product_tag-uzbaximi","12":"pa_size-20grm","15":"instock","16":"sale","17":"shipping-taxable","18":"purchasable","19":"product-type-simple"},"brands":[{"id":481,"name":"Zarwa","slug":"zarwa"}],"_links":{"self":[{"href":"https:\/\/axtarstore.com\/ru\/wp-json\/wp\/v2\/product\/10511"}],"collection":[{"href":"https:\/\/axtarstore.com\/ru\/wp-json\/wp\/v2\/product"}],"about":[{"href":"https:\/\/axtarstore.com\/ru\/wp-json\/wp\/v2\/types\/product"}],"replies":[{"embeddable":true,"href":"https:\/\/axtarstore.com\/ru\/wp-json\/wp\/v2\/comments?post=10511"}],"version-history":[{"count":3,"href":"https:\/\/axtarstore.com\/ru\/wp-json\/wp\/v2\/product\/10511\/revisions"}],"predecessor-version":[{"id":10811,"href":"https:\/\/axtarstore.com\/ru\/wp-json\/wp\/v2\/product\/10511\/revisions\/10811"}],"wp:featuredmedia":[{"embeddable":true,"href":"https:\/\/axtarstore.com\/ru\/wp-json\/wp\/v2\/media\/10512"}],"wp:attachment":[{"href":"https:\/\/axtarstore.com\/ru\/wp-json\/wp\/v2\/media?parent=10511"}],"wp:term":[{"taxonomy":"pwb-brand","embeddable":true,"href":"https:\/\/axtarstore.com\/ru\/wp-json\/wp\/v2\/pwb-brand?post=10511"},{"taxonomy":"product_cat","embeddable":true,"href":"https:\/\/axtarstore.com\/ru\/wp-json\/wp\/v2\/product_cat?post=10511"},{"taxonomy":"product_tag","embeddable":true,"href":"https:\/\/axtarstore.com\/ru\/wp-json\/wp\/v2\/product_tag?post=10511"}],"curies":[{"name":"wp","href":"https:\/\/api.w.org\/{rel}","templated":true}]}}