{"id":10508,"date":"2025-06-21T23:20:14","date_gmt":"2025-06-21T19:20:14","guid":{"rendered":"https:\/\/axtarstore.com\/?post_type=product&#038;p=10508"},"modified":"2025-12-02T22:52:59","modified_gmt":"2025-12-02T18:52:59","slug":"dr-laila-kabak-lifli-zeytinyagli-sabun","status":"publish","type":"product","link":"https:\/\/axtarstore.com\/ru\/product\/dr-laila-kabak-lifli-zeytinyagli-sabun\/","title":{"rendered":"Dr. Laila Do\u011fal Kabak Lifli Zeytinya\u011fl\u0131 Sabun"},"content":{"rendered":"<p>Dr. Laila Do\u011fal Kabak Lifli Zeytinya\u011fl\u0131 Sabun, d\u0259rini h\u0259m t\u0259mizl\u0259y\u0259n, h\u0259m d\u0259 peeling effekti ver\u0259n ikiqat t\u0259sirli t\u0259bii sabundur. T\u0259rkibind\u0259ki zeytun ya\u011f\u0131 d\u0259rini yum\u015fald\u0131r v\u0259 d\u0259rin n\u0259ml\u0259ndirir, kabak lifi is\u0259 \u00f6l\u00fc h\u00fcceyr\u0259l\u0259ri t\u0259mizl\u0259y\u0259r\u0259k d\u0259rini yenil\u0259yir.<\/p>\n<p>H\u0259ssas d\u0259rini q\u0131c\u0131qland\u0131rmadan yum\u015faq \u015f\u0259kild\u0259 t\u0259mizl\u0259m\u0259 t\u0259min edir, m\u0259sam\u0259l\u0259ri a\u00e7\u0131r, hamar v\u0259 canl\u0131 d\u0259ri g\u00f6r\u00fcn\u00fc\u015f\u00fc yarad\u0131r. B\u0259d\u0259ni, \u00fcz\u00fc v\u0259 ayaqlar\u0131 qopmadan t\u0259mizl\u0259m\u0259k \u00fc\u00e7\u00fcn m\u00fck\u0259mm\u0259ldir.<\/p>\n<p>\u2714 Faydalar\u0131<\/p>\n<p>\u00d6l\u00fc d\u0259ri qat\u0131n\u0131 t\u0259mizl\u0259yir (peeling t\u0259siri)<\/p>\n<p>Zeytun ya\u011f\u0131 il\u0259 d\u0259rini d\u0259rin n\u0259ml\u0259ndirir<\/p>\n<p>D\u0259rini yum\u015fald\u0131r v\u0259 hamarla\u015fd\u0131r\u0131r<\/p>\n<p>T\u0259bii kabak lifi il\u0259 masaj effekti yarad\u0131r<\/p>\n<p>S\u0131xl\u0131q hissini azald\u0131r v\u0259 m\u0259sam\u0259l\u0259ri a\u00e7\u0131r<\/p>\n<p>Qara n\u00f6qt\u0259 yaranmas\u0131n\u0131n qar\u015f\u0131s\u0131n\u0131 al\u0131r<\/p>\n<p>B\u00fct\u00fcn d\u0259ri tipl\u0259rin\u0259 uy\u011fundur<\/p>\n<p>\u00dcz, b\u0259d\u0259n v\u0259 ayaq \u00fc\u00e7\u00fcn istifad\u0259 edil\u0259 bil\u0259r<\/p>\n<p>\u2714 \u0130stifad\u0259 Qaydas\u0131<\/p>\n<p>Sabunu islad\u0131n v\u0259 k\u00f6p\u00fcrd\u00fcn.<\/p>\n<p>Kabak lifli t\u0259r\u0259fi il\u0259 d\u0259riniz\u0259 y\u00fcng\u00fcl masaj edin.<\/p>\n<p>1\u20132 d\u0259qiq\u0259 g\u00f6zl\u0259yib bol su il\u0259 yuyun.<\/p>\n<p>H\u0259ft\u0259d\u0259 2\u20134 d\u0259f\u0259 peeling kimi istifad\u0259 olunmas\u0131 t\u00f6vsiy\u0259 edilir.<\/p>\n<p>G\u00fcnd\u0259lik yum\u015faq t\u0259mizl\u0259m\u0259 d\u0259 m\u00fcmk\u00fcnd\u00fcr.<\/p>","protected":false},"excerpt":{"rendered":"<p>Dr. Laila kabak lifli zeytinya\u011fl\u0131 sabun \u2013 d\u0259rini yum\u015faq \u015f\u0259kild\u0259 soyub t\u0259mizl\u0259y\u0259n, \u00f6l\u00fc d\u0259rini aradan qald\u0131ran v\u0259 zeytun ya\u011f\u0131 il\u0259 qidaland\u0131ran t\u0259bii peeling sabunudur.<\/p>","protected":false},"featured_media":10509,"comment_status":"open","ping_status":"closed","template":"","meta":[],"pwb-brand":[162],"product_cat":[127,148,147],"product_tag":[334,335,442,418],"class_list":{"0":"post-10508","1":"product","2":"type-product","3":"status-publish","4":"has-post-thumbnail","6":"pwb-brand-dr-laila","7":"product_cat-face-care","8":"product_cat-face-soaps","9":"product_cat-face-wash","10":"product_tag-natural-soap","11":"product_tag-tbii-sabun","12":"product_tag-uz","13":"product_tag-uzbaximi","14":"pa_size-100grm","17":"instock","18":"sale","19":"shipping-taxable","20":"purchasable","21":"product-type-simple"},"brands":[{"id":162,"name":"Dr Laila","slug":"dr-laila"}],"_links":{"self":[{"href":"https:\/\/axtarstore.com\/ru\/wp-json\/wp\/v2\/product\/10508"}],"collection":[{"href":"https:\/\/axtarstore.com\/ru\/wp-json\/wp\/v2\/product"}],"about":[{"href":"https:\/\/axtarstore.com\/ru\/wp-json\/wp\/v2\/types\/product"}],"replies":[{"embeddable":true,"href":"https:\/\/axtarstore.com\/ru\/wp-json\/wp\/v2\/comments?post=10508"}],"version-history":[{"count":3,"href":"https:\/\/axtarstore.com\/ru\/wp-json\/wp\/v2\/product\/10508\/revisions"}],"predecessor-version":[{"id":10813,"href":"https:\/\/axtarstore.com\/ru\/wp-json\/wp\/v2\/product\/10508\/revisions\/10813"}],"wp:featuredmedia":[{"embeddable":true,"href":"https:\/\/axtarstore.com\/ru\/wp-json\/wp\/v2\/media\/10509"}],"wp:attachment":[{"href":"https:\/\/axtarstore.com\/ru\/wp-json\/wp\/v2\/media?parent=10508"}],"wp:term":[{"taxonomy":"pwb-brand","embeddable":true,"href":"https:\/\/axtarstore.com\/ru\/wp-json\/wp\/v2\/pwb-brand?post=10508"},{"taxonomy":"product_cat","embeddable":true,"href":"https:\/\/axtarstore.com\/ru\/wp-json\/wp\/v2\/product_cat?post=10508"},{"taxonomy":"product_tag","embeddable":true,"href":"https:\/\/axtarstore.com\/ru\/wp-json\/wp\/v2\/product_tag?post=10508"}],"curies":[{"name":"wp","href":"https:\/\/api.w.org\/{rel}","templated":true}]}}