{"id":10487,"date":"2025-05-19T01:04:02","date_gmt":"2025-05-18T21:04:02","guid":{"rendered":"https:\/\/axtarstore.com\/?post_type=product&#038;p=10487"},"modified":"2025-12-02T23:00:36","modified_gmt":"2025-12-02T19:00:36","slug":"arena-gold-sunblock-spf90-gunes-kremi","status":"publish","type":"product","link":"https:\/\/axtarstore.com\/ru\/product\/arena-gold-sunblock-spf90-gunes-kremi\/","title":{"rendered":"Arena Gold Sunblock SPF 90 \u2013 G\u00fcn\u0259\u015fd\u0259n Qoruyucu Krem"},"content":{"rendered":"<p>Arena Gold Sunblock SPF 90, g\u00fcn\u0259\u015f alt\u0131nda olan h\u0259r k\u0259s \u00fc\u00e7\u00fcn g\u00fccl\u00fc qoruma t\u0259min ed\u0259n y\u00fcks\u0259k faktorlu g\u00fcn\u0259\u015f kremidir. UVA v\u0259 UVB \u015f\u00fcalar\u0131na qar\u015f\u0131 ikili m\u00fcdafi\u0259 sistemi d\u0259rinin yanmas\u0131n\u0131, qaralmas\u0131n\u0131 v\u0259 l\u0259k\u0259 yaranmas\u0131n\u0131 azald\u0131r.<\/p>\n<p>T\u0259rkibind\u0259ki Vitamin E d\u0259rini qidaland\u0131r\u0131r, s\u0259rb\u0259st radikallar\u0131n t\u0259sirini azald\u0131r v\u0259 g\u00fcn \u0259rzind\u0259 yum\u015faql\u0131q hissi yarad\u0131r. Y\u00fcng\u00fcl, yap\u0131\u015fmayan teksturas\u0131 say\u0259sind\u0259 h\u0259m qad\u0131nlar, h\u0259m ki\u015fil\u0259r, h\u0259m d\u0259 makiyaj alt\u0131nda istifad\u0259 \u00fc\u00e7\u00fcn m\u00fck\u0259mm\u0259ldir.<\/p>\n<p>\u2714 Faydalar\u0131<\/p>\n<p>SPF 90 il\u0259 g\u00fccl\u00fc g\u00fcn\u0259\u015f qorumas\u0131<\/p>\n<p>UVA v\u0259 UVB \u015f\u00fcalar\u0131na qar\u015f\u0131 ikili m\u00fcdafi\u0259<\/p>\n<p>D\u0259rini yan\u0131qdan v\u0259 l\u0259k\u0259 yaranmas\u0131ndan qoruyur<\/p>\n<p>Vitamin E il\u0259 qidaland\u0131r\u0131c\u0131 t\u0259sir<\/p>\n<p>Y\u00fcng\u00fcl v\u0259 yap\u0131\u015fmayan tekstura<\/p>\n<p>Makiyaj alt\u0131nda istifad\u0259y\u0259 uy\u011fundur<\/p>\n<p>Suya v\u0259 t\u0259r\u0259m\u0259y\u0259 davaml\u0131 formula<\/p>\n<p>B\u00fct\u00fcn d\u0259ri tipl\u0259ri \u00fc\u00e7\u00fcn uy\u011fundur<\/p>\n<p>\u2714 \u0130stifad\u0259 Qaydas\u0131<\/p>\n<p>Kremi g\u00fcn\u0259\u015f\u0259 \u00e7\u0131xmazdan 15\u201320 d\u0259qiq\u0259 \u0259vv\u0259l \u00e7\u0259kin.<\/p>\n<p>\u00dcz v\u0259 b\u0259d\u0259n\u0259 b\u0259rab\u0259r \u015f\u0259kild\u0259 yayd\u0131r\u0131n.<\/p>\n<p>Uzun m\u00fcdd\u0259t g\u00fcn\u0259\u015f alt\u0131nda qalark\u0259n h\u0259r 2\u20133 saatdan bir t\u0259z\u0259l\u0259yin.<\/p>\n<p>\u00dczg\u00fccd\u0259n sonra yenid\u0259n t\u0259tbiq edin.<\/p>","protected":false},"excerpt":{"rendered":"<p>Arena Gold Sunblock SPF 90 \u2013 d\u0259rini g\u00fcn\u0259\u015fin z\u0259r\u0259rli UVA\/UVB \u015f\u00fcalar\u0131ndan qoruyan, n\u0259ml\u0259ndir\u0259n v\u0259 l\u0259k\u0259 yaranmas\u0131n\u0131n qar\u015f\u0131s\u0131n\u0131 alan y\u00fcks\u0259k qoruyucu g\u00fcn\u0259\u015f kremi.<\/p>","protected":false},"featured_media":10488,"comment_status":"open","ping_status":"closed","template":"","meta":[],"pwb-brand":[163],"product_cat":[129,151,127,384],"product_tag":[293,365,364,418],"class_list":{"0":"post-10487","1":"product","2":"type-product","3":"status-publish","4":"has-post-thumbnail","6":"pwb-brand-arena-gold","7":"product_cat-beden-baximi","8":"product_cat-sun-block-cream","9":"product_cat-face-care","10":"product_cat-uz-nmlndirici-krem","11":"product_tag-facecare","12":"product_tag-spf","13":"product_tag-sun-block","14":"product_tag-uzbaximi","15":"pa_size-100ml","18":"instock","19":"sale","20":"shipping-taxable","21":"purchasable","22":"product-type-simple"},"brands":[{"id":163,"name":"Arena Gold","slug":"arena-gold"}],"_links":{"self":[{"href":"https:\/\/axtarstore.com\/ru\/wp-json\/wp\/v2\/product\/10487"}],"collection":[{"href":"https:\/\/axtarstore.com\/ru\/wp-json\/wp\/v2\/product"}],"about":[{"href":"https:\/\/axtarstore.com\/ru\/wp-json\/wp\/v2\/types\/product"}],"replies":[{"embeddable":true,"href":"https:\/\/axtarstore.com\/ru\/wp-json\/wp\/v2\/comments?post=10487"}],"version-history":[{"count":3,"href":"https:\/\/axtarstore.com\/ru\/wp-json\/wp\/v2\/product\/10487\/revisions"}],"predecessor-version":[{"id":10817,"href":"https:\/\/axtarstore.com\/ru\/wp-json\/wp\/v2\/product\/10487\/revisions\/10817"}],"wp:featuredmedia":[{"embeddable":true,"href":"https:\/\/axtarstore.com\/ru\/wp-json\/wp\/v2\/media\/10488"}],"wp:attachment":[{"href":"https:\/\/axtarstore.com\/ru\/wp-json\/wp\/v2\/media?parent=10487"}],"wp:term":[{"taxonomy":"pwb-brand","embeddable":true,"href":"https:\/\/axtarstore.com\/ru\/wp-json\/wp\/v2\/pwb-brand?post=10487"},{"taxonomy":"product_cat","embeddable":true,"href":"https:\/\/axtarstore.com\/ru\/wp-json\/wp\/v2\/product_cat?post=10487"},{"taxonomy":"product_tag","embeddable":true,"href":"https:\/\/axtarstore.com\/ru\/wp-json\/wp\/v2\/product_tag?post=10487"}],"curies":[{"name":"wp","href":"https:\/\/api.w.org\/{rel}","templated":true}]}}