{"id":10481,"date":"2025-05-19T00:58:20","date_gmt":"2025-05-18T20:58:20","guid":{"rendered":"https:\/\/axtarstore.com\/?post_type=product&#038;p=10481"},"modified":"2025-12-02T23:02:57","modified_gmt":"2025-12-02T19:02:57","slug":"nizwa-beauty-cream-leke-acici-krem-25g","status":"publish","type":"product","link":"https:\/\/axtarstore.com\/ru\/product\/nizwa-beauty-cream-leke-acici-krem-25g\/","title":{"rendered":"Nizwa Beauty Cream \u2013 L\u0259k\u0259 A\u00e7\u0131c\u0131 G\u00f6z\u0259llik Kremi (25g)"},"content":{"rendered":"<p>Nizwa Beauty Cream, d\u0259rinin tonunu b\u0259rab\u0259rl\u0259\u015fdir\u0259n, t\u00fcnd l\u0259k\u0259l\u0259ri a\u00e7an v\u0259 d\u0259riy\u0259 sa\u011flam par\u0131lt\u0131 ver\u0259n y\u00fcks\u0259k t\u0259sirli g\u00fcnd\u0259lik bax\u0131m kremidir. Formulundak\u0131 yum\u015fald\u0131c\u0131 v\u0259 qidaland\u0131r\u0131c\u0131 madd\u0259l\u0259r d\u0259rini hamarla\u015fd\u0131r\u0131r, s\u0259pgil\u0259rd\u0259n qalan izl\u0259ri azald\u0131r v\u0259 d\u0259rid\u0259 vahid bir g\u00f6r\u00fcn\u00fc\u015f yarad\u0131r.<\/p>\n<p>Y\u00fcng\u00fcl teksturas\u0131 say\u0259sind\u0259 d\u0259rid\u0259 a\u011f\u0131r hiss yaratm\u0131r, tez hopur v\u0259 g\u00fcn \u0259rzind\u0259 rahat istifad\u0259 olunur. Nizwa kremi h\u0259m qad\u0131nlar, h\u0259m ki\u015fil\u0259r \u00fc\u00e7\u00fcn uy\u011fundur.<\/p>\n<p>\u2714 Faydalar\u0131<\/p>\n<p>D\u0259ri l\u0259k\u0259l\u0259rini a\u00e7\u0131r v\u0259 tonu b\u0259rab\u0259rl\u0259\u015fdirir<\/p>\n<p>Parlaq v\u0259 canl\u0131 d\u0259ri g\u00f6r\u00fcn\u00fc\u015f\u00fc yarad\u0131r<\/p>\n<p>S\u0131zanaq v\u0259 qara n\u00f6qt\u0259 izl\u0259rini y\u00fcng\u00fcll\u0259\u015fdirir<\/p>\n<p>D\u0259rini yum\u015fald\u0131r v\u0259 n\u0259ml\u0259ndirir<\/p>\n<p>G\u00fcnl\u00fck istifad\u0259 \u00fc\u00e7\u00fcn y\u00fcng\u00fcl v\u0259 rahat<\/p>\n<p>D\u0259ri toxumas\u0131n\u0131 hamarla\u015fd\u0131r\u0131r<\/p>\n<p>B\u00fct\u00fcn d\u0259ri tipl\u0259rin\u0259 uy\u011fundur<\/p>\n<p>\u2714 \u0130stifad\u0259 Qaydas\u0131<\/p>\n<p>T\u0259miz v\u0259 quru d\u0259riy\u0259 nazik t\u0259b\u0259q\u0259 hal\u0131nda \u00e7\u0259kin.<\/p>\n<p>Tam hopana q\u0259d\u0259r masaj edin.<\/p>\n<p>G\u00fcnd\u0259 1\u20132 d\u0259f\u0259 istifad\u0259 oluna bil\u0259r.<\/p>\n<p>G\u00fcnd\u00fcz istifad\u0259 ed\u0259rk\u0259n g\u00fcn\u0259\u015f kremi il\u0259 tamamlanmas\u0131 m\u0259sl\u0259h\u0259tdir.<\/p>","protected":false},"excerpt":{"rendered":"<p>Nizwa Beauty Cream \u2013 d\u0259rid\u0259ki qaralmalar\u0131 v\u0259 l\u0259k\u0259l\u0259ri a\u00e7ma\u011fa k\u00f6m\u0259k ed\u0259n, par\u0131lt\u0131 v\u0259 yum\u015faql\u0131q ver\u0259n g\u00fcnd\u0259lik g\u00f6z\u0259llik kremidir. 25g.<\/p>","protected":false},"featured_media":10482,"comment_status":"open","ping_status":"closed","template":"","meta":[],"pwb-brand":[451],"product_cat":[127,142],"product_tag":[293,428,319,418],"class_list":{"0":"post-10481","1":"product","2":"type-product","3":"status-publish","4":"has-post-thumbnail","6":"pwb-brand-nizwa","7":"product_cat-face-care","8":"product_cat-face-creams","9":"product_tag-facecare","10":"product_tag-uz-kremi","11":"product_tag-uz-lklri","12":"product_tag-uzbaximi","13":"pa_size-25ml","16":"instock","17":"sale","18":"shipping-taxable","19":"purchasable","20":"product-type-simple"},"brands":[{"id":451,"name":"Nizwa","slug":"nizwa"}],"_links":{"self":[{"href":"https:\/\/axtarstore.com\/ru\/wp-json\/wp\/v2\/product\/10481"}],"collection":[{"href":"https:\/\/axtarstore.com\/ru\/wp-json\/wp\/v2\/product"}],"about":[{"href":"https:\/\/axtarstore.com\/ru\/wp-json\/wp\/v2\/types\/product"}],"replies":[{"embeddable":true,"href":"https:\/\/axtarstore.com\/ru\/wp-json\/wp\/v2\/comments?post=10481"}],"version-history":[{"count":3,"href":"https:\/\/axtarstore.com\/ru\/wp-json\/wp\/v2\/product\/10481\/revisions"}],"predecessor-version":[{"id":10819,"href":"https:\/\/axtarstore.com\/ru\/wp-json\/wp\/v2\/product\/10481\/revisions\/10819"}],"wp:featuredmedia":[{"embeddable":true,"href":"https:\/\/axtarstore.com\/ru\/wp-json\/wp\/v2\/media\/10482"}],"wp:attachment":[{"href":"https:\/\/axtarstore.com\/ru\/wp-json\/wp\/v2\/media?parent=10481"}],"wp:term":[{"taxonomy":"pwb-brand","embeddable":true,"href":"https:\/\/axtarstore.com\/ru\/wp-json\/wp\/v2\/pwb-brand?post=10481"},{"taxonomy":"product_cat","embeddable":true,"href":"https:\/\/axtarstore.com\/ru\/wp-json\/wp\/v2\/product_cat?post=10481"},{"taxonomy":"product_tag","embeddable":true,"href":"https:\/\/axtarstore.com\/ru\/wp-json\/wp\/v2\/product_tag?post=10481"}],"curies":[{"name":"wp","href":"https:\/\/api.w.org\/{rel}","templated":true}]}}