{"id":10477,"date":"2025-05-19T00:48:27","date_gmt":"2025-05-18T20:48:27","guid":{"rendered":"https:\/\/axtarstore.com\/?post_type=product&#038;p=10477"},"modified":"2025-12-02T23:12:37","modified_gmt":"2025-12-02T19:12:37","slug":"arena-gold-lemon-oil-tebii-limon-yagi-30ml","status":"publish","type":"product","link":"https:\/\/axtarstore.com\/ru\/product\/arena-gold-lemon-oil-tebii-limon-yagi-30ml\/","title":{"rendered":"Arena Gold Lemon Oil \u2013 T\u0259bii Limon Ya\u011f\u0131 (30ml)"},"content":{"rendered":"<p>Arena Gold Lemon Oil, limon qab\u0131\u011f\u0131ndan \u0259ld\u0259 edil\u0259n y\u00fcks\u0259k keyfiyy\u0259tli t\u0259bii ya\u011fd\u0131r. Antibakterial v\u0259 y\u00fcng\u00fcl soyucu t\u0259siri il\u0259 d\u0259rid\u0259ki l\u0259k\u0259l\u0259ri y\u00fcng\u00fcll\u0259\u015fdirir, s\u0131zanaq yaranmas\u0131n\u0131 azald\u0131r v\u0259 d\u0259rini daha parlaq g\u00f6st\u0259rir.<\/p>\n<p>Ya\u011fl\u0131 d\u0259ri \u00fc\u00e7\u00fcn sebum balans\u0131n\u0131 t\u0259nziml\u0259yir, toxunan\u0131 daha t\u0259miz v\u0259 t\u0259rav\u0259tli edir. Sa\u00e7lara t\u0259tbiq edildikd\u0259 k\u0259p\u0259yi azald\u0131r, ya\u011flanman\u0131 balansla\u015fd\u0131r\u0131r v\u0259 sa\u00e7 dibl\u0259rini g\u00fccl\u0259ndirir.<\/p>\n<p>\u2714 Faydalar\u0131<\/p>\n<p>D\u0259rinin ya\u011f balans\u0131n\u0131 t\u0259nziml\u0259yir<\/p>\n<p>S\u0131zanaq v\u0259 s\u0259pgil\u0259ri azald\u0131r<\/p>\n<p>T\u00fcnd l\u0259k\u0259l\u0259ri a\u00e7ma\u011fa k\u00f6m\u0259k edir<\/p>\n<p>D\u0259rini parlaq v\u0259 t\u0259rav\u0259tli g\u00f6st\u0259rir<\/p>\n<p>Antibakterial t\u0259sir<\/p>\n<p>Sa\u00e7 dibini g\u00fccl\u0259ndirir v\u0259 k\u0259p\u0259yi azald\u0131r<\/p>\n<p>T\u0259bii madd\u0259l\u0259rl\u0259 haz\u0131rlanm\u0131\u015fd\u0131r<\/p>\n<p>\u00dcz v\u0259 sa\u00e7 \u00fc\u00e7\u00fcn uy\u011fundur<\/p>\n<p>\u2714 \u0130stifad\u0259 Qaydas\u0131<br \/>\nD\u0259ri \u00fc\u00e7\u00fcn:<\/p>\n<p>Pamu\u011fa 1\u20132 damc\u0131 damlad\u0131b problemli b\u00f6lg\u0259y\u0259 t\u0259tbiq edin.<\/p>\n<p>Gec\u0259 istifad\u0259si t\u00f6vsiy\u0259 olunur.<\/p>\n<p>G\u00fcnd\u00fcz istifad\u0259 edildikd\u0259 g\u00fcn\u0259\u015f kremi m\u00fctl\u0259qdir.<\/p>\n<p>Sa\u00e7 \u00fc\u00e7\u00fcn:<\/p>\n<p>Sa\u00e7 dibl\u0259rin\u0259 masaj ed\u0259r\u0259k \u00e7\u0259kin.<\/p>\n<p>20\u201330 d\u0259qiq\u0259 g\u00f6zl\u0259yin.<\/p>\n<p>\u015eampunla yuyun.<\/p>","protected":false},"excerpt":{"rendered":"<p>Arena Gold Lemon Oil \u2013 ya\u011fl\u0131 v\u0259 qar\u0131\u015f\u0131q d\u0259ri \u00fc\u00e7\u00fcn ideal olan, d\u0259rini t\u0259mizl\u0259y\u0259n, parlaq g\u00f6st\u0259r\u0259n v\u0259 s\u0131zana\u011f\u0131n qar\u015f\u0131s\u0131n\u0131 alan 100% t\u0259bii limon ya\u011f\u0131d\u0131r.<\/p>","protected":false},"featured_media":10478,"comment_status":"open","ping_status":"closed","template":"","meta":[],"pwb-brand":[163],"product_cat":[129,135,427,127,144],"product_tag":[299,293,308,437,417,421,431,418],"class_list":{"0":"post-10477","1":"product","2":"type-product","3":"status-publish","4":"has-post-thumbnail","6":"pwb-brand-arena-gold","7":"product_cat-beden-baximi","8":"product_cat-oil","9":"product_cat-tbii-yaglar","10":"product_cat-face-care","11":"product_cat-face-vitamins","12":"product_tag-acnetreatment","13":"product_tag-facecare","14":"product_tag-haircare","15":"product_tag-natural-oils","16":"product_tag-sacbaximi","17":"product_tag-sacqullugu","18":"product_tag-tbii-yaglar","19":"product_tag-uzbaximi","20":"pa_size-30ml","23":"instock","24":"sale","25":"shipping-taxable","26":"purchasable","27":"product-type-simple"},"brands":[{"id":163,"name":"Arena Gold","slug":"arena-gold"}],"_links":{"self":[{"href":"https:\/\/axtarstore.com\/ru\/wp-json\/wp\/v2\/product\/10477"}],"collection":[{"href":"https:\/\/axtarstore.com\/ru\/wp-json\/wp\/v2\/product"}],"about":[{"href":"https:\/\/axtarstore.com\/ru\/wp-json\/wp\/v2\/types\/product"}],"replies":[{"embeddable":true,"href":"https:\/\/axtarstore.com\/ru\/wp-json\/wp\/v2\/comments?post=10477"}],"version-history":[{"count":3,"href":"https:\/\/axtarstore.com\/ru\/wp-json\/wp\/v2\/product\/10477\/revisions"}],"predecessor-version":[{"id":10821,"href":"https:\/\/axtarstore.com\/ru\/wp-json\/wp\/v2\/product\/10477\/revisions\/10821"}],"wp:featuredmedia":[{"embeddable":true,"href":"https:\/\/axtarstore.com\/ru\/wp-json\/wp\/v2\/media\/10478"}],"wp:attachment":[{"href":"https:\/\/axtarstore.com\/ru\/wp-json\/wp\/v2\/media?parent=10477"}],"wp:term":[{"taxonomy":"pwb-brand","embeddable":true,"href":"https:\/\/axtarstore.com\/ru\/wp-json\/wp\/v2\/pwb-brand?post=10477"},{"taxonomy":"product_cat","embeddable":true,"href":"https:\/\/axtarstore.com\/ru\/wp-json\/wp\/v2\/product_cat?post=10477"},{"taxonomy":"product_tag","embeddable":true,"href":"https:\/\/axtarstore.com\/ru\/wp-json\/wp\/v2\/product_tag?post=10477"}],"curies":[{"name":"wp","href":"https:\/\/api.w.org\/{rel}","templated":true}]}}