{"id":10467,"date":"2025-05-19T00:20:37","date_gmt":"2025-05-18T20:20:37","guid":{"rendered":"https:\/\/axtarstore.com\/?post_type=product&#038;p=10467"},"modified":"2026-01-25T19:36:03","modified_gmt":"2026-01-25T15:36:03","slug":"hemani-eczema-relief-cream-50ml","status":"publish","type":"product","link":"https:\/\/axtarstore.com\/ru\/product\/hemani-eczema-relief-cream-50ml\/","title":{"rendered":"HEMANI Eczema Relief Cream \u2013 Ekzema v\u0259 Quru D\u0259ri \u00dc\u00e7\u00fcn T\u0259bii H\u0259ll"},"content":{"rendered":"<p>D\u0259riniz daim qa\u015f\u0131n\u0131r, quruyur v\u0259 sizi narahat edir?<br \/>\nHemani Eczema Relief Moisturizing Cream m\u0259hz bu hissl\u0259ri aradan qald\u0131rmaq \u00fc\u00e7\u00fcn haz\u0131rlan\u0131b.<\/p>\n<p>Bu krem:<\/p>\n<p>\ud83c\udf3f T\u0259bii formul \u0259sas\u0131nda haz\u0131rlan\u0131b<\/p>\n<p>\ud83d\udca7 D\u0259rini d\u0259rin v\u0259 uzunm\u00fcdd\u0259tli n\u0259ml\u0259ndirir<\/p>\n<p>\ud83d\udd25 Qa\u015f\u0131nma v\u0259 q\u0131zart\u0131n\u0131 sakitl\u0259\u015fdirir<\/p>\n<p>\ud83d\udee1 Ekzema v\u0259 h\u0259ssas d\u0259ri \u00fc\u00e7\u00fcn g\u00fcnl\u00fck istifad\u0259 uy\u011fundur<\/p>\n<p>\u262a Halal sertifikatl\u0131d\u0131r<\/p>\n<p>Y\u00fcng\u00fcl teksturas\u0131 d\u0259rid\u0259 ya\u011fl\u0131 hiss buraxmadan tez hopur v\u0259 d\u0259rini yum\u015faq, sakit v\u0259 balansl\u0131 saxlay\u0131r. Daimi istifad\u0259d\u0259 d\u0259rinin qoruyucu bariyerini g\u00fccl\u0259ndirm\u0259y\u0259 k\u00f6m\u0259k edir.<\/p>\n<p>\ud83d\udc49 H\u0259ssas d\u0259riniz rahatl\u0131\u011f\u0131 haqq edir. Hemani il\u0259 d\u0259riniz yenid\u0259n n\u0259f\u0259s als\u0131n.<\/p>","protected":false},"excerpt":{"rendered":"<p>Hemani Eczema Relief Cream \u2013 ekzema \u00fc\u00e7\u00fcn t\u0259bii n\u0259ml\u0259ndirici krem. Qa\u015f\u0131nma v\u0259 qurulu\u011fu azald\u0131r, d\u0259rini sakitl\u0259\u015fdirir. \u0130ndi sifari\u015f et!<\/p>","protected":false},"featured_media":10468,"comment_status":"open","ping_status":"closed","template":"","meta":[],"pwb-brand":[165],"product_cat":[129,399],"product_tag":[479,480],"class_list":{"0":"post-10467","1":"product","2":"type-product","3":"status-publish","4":"has-post-thumbnail","6":"pwb-brand-hemani","7":"product_cat-beden-baximi","8":"product_cat-bdn-nmlndiricisi","9":"product_tag-eczema-cream","10":"product_tag-ekzema-krem","11":"pa_size-50ml","14":"instock","15":"sale","16":"shipping-taxable","17":"purchasable","18":"product-type-simple"},"brands":[{"id":165,"name":"Hemani","slug":"hemani"}],"_links":{"self":[{"href":"https:\/\/axtarstore.com\/ru\/wp-json\/wp\/v2\/product\/10467"}],"collection":[{"href":"https:\/\/axtarstore.com\/ru\/wp-json\/wp\/v2\/product"}],"about":[{"href":"https:\/\/axtarstore.com\/ru\/wp-json\/wp\/v2\/types\/product"}],"replies":[{"embeddable":true,"href":"https:\/\/axtarstore.com\/ru\/wp-json\/wp\/v2\/comments?post=10467"}],"version-history":[{"count":3,"href":"https:\/\/axtarstore.com\/ru\/wp-json\/wp\/v2\/product\/10467\/revisions"}],"predecessor-version":[{"id":10839,"href":"https:\/\/axtarstore.com\/ru\/wp-json\/wp\/v2\/product\/10467\/revisions\/10839"}],"wp:featuredmedia":[{"embeddable":true,"href":"https:\/\/axtarstore.com\/ru\/wp-json\/wp\/v2\/media\/10468"}],"wp:attachment":[{"href":"https:\/\/axtarstore.com\/ru\/wp-json\/wp\/v2\/media?parent=10467"}],"wp:term":[{"taxonomy":"pwb-brand","embeddable":true,"href":"https:\/\/axtarstore.com\/ru\/wp-json\/wp\/v2\/pwb-brand?post=10467"},{"taxonomy":"product_cat","embeddable":true,"href":"https:\/\/axtarstore.com\/ru\/wp-json\/wp\/v2\/product_cat?post=10467"},{"taxonomy":"product_tag","embeddable":true,"href":"https:\/\/axtarstore.com\/ru\/wp-json\/wp\/v2\/product_tag?post=10467"}],"curies":[{"name":"wp","href":"https:\/\/api.w.org\/{rel}","templated":true}]}}