{"id":10460,"date":"2025-05-19T00:12:40","date_gmt":"2025-05-18T20:12:40","guid":{"rendered":"https:\/\/axtarstore.com\/?post_type=product&#038;p=10460"},"modified":"2026-01-25T19:40:08","modified_gmt":"2026-01-25T15:40:08","slug":"golden-pearl-double-exfoliating-scrub","status":"publish","type":"product","link":"https:\/\/axtarstore.com\/ru\/product\/golden-pearl-double-exfoliating-scrub\/","title":{"rendered":"Golden Pearls Double Exfoliating Scrub \u2013 D\u0259rin T\u0259mizl\u0259m\u0259 v\u0259 T\u0259z\u0259 D\u0259ri"},"content":{"rendered":"<p>D\u0259riniz sol\u011fun v\u0259 yor\u011fun g\u00f6r\u00fcn\u00fcrs\u0259, ona yenil\u0259nm\u0259 vaxt\u0131d\u0131r.<br \/>\nGolden Pearl Double Exfoliating Scrub d\u0259rini d\u0259rin qatlara q\u0259d\u0259r t\u0259mizl\u0259y\u0259r\u0259k daha sa\u011flam v\u0259 parlaq g\u00f6r\u00fcn\u00fc\u015f qazand\u0131r\u0131r.<\/p>\n<p>\u2728 \u0130kiqat exfoliasiya t\u0259siri:<\/p>\n<p>\ud83e\uddfd \u00d6l\u00fc d\u0259ri h\u00fcceyr\u0259l\u0259rini effektiv t\u0259mizl\u0259yir<\/p>\n<p>\ud83c\udf3f M\u0259sam\u0259l\u0259ri a\u00e7\u0131r v\u0259 d\u0259rini n\u0259f\u0259s ald\u0131r\u0131r<\/p>\n<p>\ud83d\udca7 D\u0259rini hamar v\u0259 yum\u015faq edir<\/p>\n<p>\ud83c\udf1f D\u0259rinin t\u0259bii parlaql\u0131\u011f\u0131n\u0131 \u00fcz\u0259 \u00e7\u0131xar\u0131r<\/p>\n<p>Y\u00fcng\u00fcl v\u0259 balansl\u0131 t\u0259rkibi say\u0259sind\u0259 \u00fcz d\u0259risi \u00fc\u00e7\u00fcn uy\u011fundur v\u0259 m\u00fcnt\u0259z\u0259m istifad\u0259d\u0259 d\u0259rinin teksturas\u0131n\u0131 n\u0259z\u0259r\u0259\u00e7arpacaq d\u0259r\u0259c\u0259d\u0259 yax\u015f\u0131la\u015fd\u0131r\u0131r.<\/p>\n<p>\ud83d\udc49 T\u0259miz d\u0259ri \u2013 sa\u011flam g\u00f6r\u00fcn\u00fc\u015f dem\u0259kdir.<\/p>","protected":false},"excerpt":{"rendered":"<p>Golden Pearl Double Exfoliating Scrub \u2013 d\u0259rini \u00f6l\u00fc h\u00fcceyr\u0259l\u0259rd\u0259n t\u0259mizl\u0259y\u0259n \u00fcz skrab\u0131. M\u0259sam\u0259l\u0259ri a\u00e7\u0131r, d\u0259rini hamar v\u0259 parlaq edir.<\/p>","protected":false},"featured_media":10465,"comment_status":"open","ping_status":"closed","template":"","meta":[],"pwb-brand":[276],"product_cat":[129,157,130,127,146],"product_tag":[293,478,423,477,418],"class_list":{"0":"post-10460","1":"product","2":"type-product","3":"status-publish","4":"has-post-thumbnail","6":"pwb-brand-golden-pearl","7":"product_cat-beden-baximi","8":"product_cat-body-scrub","9":"product_cat-salonbaxim","10":"product_cat-face-care","11":"product_cat-face-scrub","12":"product_tag-facecare","13":"product_tag-scrub","14":"product_tag-skincareroutine","15":"product_tag-skrab","16":"product_tag-uzbaximi","17":"pa_size-300ml","18":"pa_size-75ml","21":"instock","22":"sale","23":"shipping-taxable","24":"purchasable","25":"product-type-variable"},"brands":[{"id":276,"name":"Golden Pearl","slug":"golden-pearl"}],"_links":{"self":[{"href":"https:\/\/axtarstore.com\/ru\/wp-json\/wp\/v2\/product\/10460"}],"collection":[{"href":"https:\/\/axtarstore.com\/ru\/wp-json\/wp\/v2\/product"}],"about":[{"href":"https:\/\/axtarstore.com\/ru\/wp-json\/wp\/v2\/types\/product"}],"replies":[{"embeddable":true,"href":"https:\/\/axtarstore.com\/ru\/wp-json\/wp\/v2\/comments?post=10460"}],"version-history":[{"count":3,"href":"https:\/\/axtarstore.com\/ru\/wp-json\/wp\/v2\/product\/10460\/revisions"}],"predecessor-version":[{"id":10841,"href":"https:\/\/axtarstore.com\/ru\/wp-json\/wp\/v2\/product\/10460\/revisions\/10841"}],"wp:featuredmedia":[{"embeddable":true,"href":"https:\/\/axtarstore.com\/ru\/wp-json\/wp\/v2\/media\/10465"}],"wp:attachment":[{"href":"https:\/\/axtarstore.com\/ru\/wp-json\/wp\/v2\/media?parent=10460"}],"wp:term":[{"taxonomy":"pwb-brand","embeddable":true,"href":"https:\/\/axtarstore.com\/ru\/wp-json\/wp\/v2\/pwb-brand?post=10460"},{"taxonomy":"product_cat","embeddable":true,"href":"https:\/\/axtarstore.com\/ru\/wp-json\/wp\/v2\/product_cat?post=10460"},{"taxonomy":"product_tag","embeddable":true,"href":"https:\/\/axtarstore.com\/ru\/wp-json\/wp\/v2\/product_tag?post=10460"}],"curies":[{"name":"wp","href":"https:\/\/api.w.org\/{rel}","templated":true}]}}