{"id":10453,"date":"2025-05-18T23:54:12","date_gmt":"2025-05-18T19:54:12","guid":{"rendered":"https:\/\/axtarstore.com\/?post_type=product&#038;p=10453"},"modified":"2026-01-25T19:47:53","modified_gmt":"2026-01-25T15:47:53","slug":"due-sports-body-spray","status":"publish","type":"product","link":"https:\/\/axtarstore.com\/ru\/product\/due-sports-body-spray\/","title":{"rendered":"DUE SPORTS Fragrance Body Spray b\u0259d\u0259n spreyi \u2013 T\u0259z\u0259 v\u0259 Canl\u0131 Hiss Edin"},"content":{"rendered":"<p>Aktiv h\u0259yat t\u0259rzi s\u00fcr\u0259n ki\u015fil\u0259r \u00fc\u00e7\u00fcn g\u00fcn boyu t\u0259rav\u0259t vacibdir.<br \/>\nDue Sports Body Spray enerjili v\u0259 maskulin \u0259tiri il\u0259 sizi g\u00fcn \u0259rzind\u0259 \u00f6z\u00fcn\u00fcz\u0259 g\u00fcv\u0259nli hiss etdirir.<\/p>\n<p>\ud83d\udd25 G\u00fccl\u00fc v\u0259 t\u0259rav\u0259tli t\u0259sir:<\/p>\n<p>\ud83c\udfc3\u200d\u2642\ufe0f \u0130dman sonras\u0131 t\u0259rav\u0259t verir<\/p>\n<p>\ud83c\udf2c T\u0259r qoxusuna qar\u015f\u0131 effektiv qoruma<\/p>\n<p>\ud83d\udcaa Maskulin v\u0259 enerjili \u0259tir notlar\u0131<\/p>\n<p>\u23f3 Uzunm\u00fcdd\u0259tli t\u0259sir<\/p>\n<p>\ud83c\udf92 G\u00fcnl\u00fck istifad\u0259 \u00fc\u00e7\u00fcn ideal<\/p>\n<p>Y\u00fcng\u00fcl formul d\u0259rid\u0259 a\u011f\u0131rl\u0131q yaratmadan t\u0259rav\u0259t hissi b\u0259x\u015f edir v\u0259 sizi g\u00fcn boyu dinamik saxlay\u0131r.<\/p>\n<p>\ud83d\udc49 H\u0259r\u0259k\u0259td\u0259 olan ki\u015fil\u0259r \u00fc\u00e7\u00fcn do\u011fru se\u00e7im.<\/p>","protected":false},"excerpt":{"rendered":"<p>Due Sports Body Spray \u2013 ki\u015fil\u0259r \u00fc\u00e7\u00fcn t\u0259rav\u0259tverici body spray. T\u0259r qoxusuna qar\u015f\u0131 qoruyur, enerjili \u0259tiri il\u0259 g\u00fcn boyu rahatl\u0131q verir.<\/p>","protected":false},"featured_media":10454,"comment_status":"open","ping_status":"closed","template":"","meta":[],"pwb-brand":[169],"product_cat":[129,404],"product_tag":[475,474,300,476],"class_list":{"0":"post-10453","1":"product","2":"type-product","3":"status-publish","4":"has-post-thumbnail","6":"pwb-brand-due","7":"product_cat-beden-baximi","8":"product_cat-bdn-spreyi","9":"product_tag-bdn-spreyi","10":"product_tag-body-spray","11":"product_tag-bodycare","12":"product_tag-dezodorant","13":"pa_size-100ml","16":"instock","17":"sale","18":"shipping-taxable","19":"purchasable","20":"product-type-simple"},"brands":[{"id":169,"name":"Due","slug":"due"}],"_links":{"self":[{"href":"https:\/\/axtarstore.com\/ru\/wp-json\/wp\/v2\/product\/10453"}],"collection":[{"href":"https:\/\/axtarstore.com\/ru\/wp-json\/wp\/v2\/product"}],"about":[{"href":"https:\/\/axtarstore.com\/ru\/wp-json\/wp\/v2\/types\/product"}],"replies":[{"embeddable":true,"href":"https:\/\/axtarstore.com\/ru\/wp-json\/wp\/v2\/comments?post=10453"}],"version-history":[{"count":3,"href":"https:\/\/axtarstore.com\/ru\/wp-json\/wp\/v2\/product\/10453\/revisions"}],"predecessor-version":[{"id":10845,"href":"https:\/\/axtarstore.com\/ru\/wp-json\/wp\/v2\/product\/10453\/revisions\/10845"}],"wp:featuredmedia":[{"embeddable":true,"href":"https:\/\/axtarstore.com\/ru\/wp-json\/wp\/v2\/media\/10454"}],"wp:attachment":[{"href":"https:\/\/axtarstore.com\/ru\/wp-json\/wp\/v2\/media?parent=10453"}],"wp:term":[{"taxonomy":"pwb-brand","embeddable":true,"href":"https:\/\/axtarstore.com\/ru\/wp-json\/wp\/v2\/pwb-brand?post=10453"},{"taxonomy":"product_cat","embeddable":true,"href":"https:\/\/axtarstore.com\/ru\/wp-json\/wp\/v2\/product_cat?post=10453"},{"taxonomy":"product_tag","embeddable":true,"href":"https:\/\/axtarstore.com\/ru\/wp-json\/wp\/v2\/product_tag?post=10453"}],"curies":[{"name":"wp","href":"https:\/\/api.w.org\/{rel}","templated":true}]}}