{"id":10449,"date":"2025-05-18T23:43:49","date_gmt":"2025-05-18T19:43:49","guid":{"rendered":"https:\/\/axtarstore.com\/?post_type=product&#038;p=10449"},"modified":"2026-01-25T19:57:06","modified_gmt":"2026-01-25T15:57:06","slug":"pre-age-beauty-cream","status":"publish","type":"product","link":"https:\/\/axtarstore.com\/ru\/product\/pre-age-beauty-cream\/","title":{"rendered":"Pre-Age Beauty Cream \u2013 T\u0259bii v\u0259 G\u00f6z\u0259l D\u0259ri Bax\u0131m\u0131"},"content":{"rendered":"<p>G\u0259nc g\u00f6r\u00fcn\u00fc\u015f\u00fc qorumaq vaxt\u0131nda ba\u015flayan bax\u0131mla m\u00fcmk\u00fcnd\u00fcr.<br \/>\nPre-Age Beauty Cream d\u0259rinin erk\u0259n ya\u015flanma \u0259lam\u0259tl\u0259rin\u0259 qar\u015f\u0131 qorunmas\u0131na k\u00f6m\u0259k edir v\u0259 daha m\u00f6hk\u0259m g\u00f6r\u00fcn\u00fc\u015f qazand\u0131r\u0131r.<\/p>\n<p>\ud83c\udf38 Effektiv pre-age bax\u0131m:<\/p>\n<p>\ud83e\uddf4 D\u0259rini d\u0259rin n\u0259ml\u0259ndirir<\/p>\n<p>\ud83d\udee1 Ya\u015flanma \u0259lam\u0259tl\u0259rinin qar\u015f\u0131s\u0131n\u0131 alma\u011fa k\u00f6m\u0259k edir<\/p>\n<p>\ud83d\udc8e D\u0259rinin elastikliyini v\u0259 s\u0131xl\u0131\u011f\u0131n\u0131 art\u0131r\u0131r<\/p>\n<p>\u2728 D\u0259rini hamar v\u0259 canl\u0131 g\u00f6st\u0259rir<\/p>\n<p>\ud83d\udc69\u200d\ud83e\uddb3 B\u00fct\u00fcn ya\u015f qruplar\u0131 \u00fc\u00e7\u00fcn uy\u011fundur<\/p>\n<p>Y\u00fcng\u00fcl teksturas\u0131 say\u0259sind\u0259 d\u0259rid\u0259 tez hopur v\u0259 g\u00fcnd\u0259lik \u00fcz bax\u0131m\u0131 \u00fc\u00e7\u00fcn ideal se\u00e7imdir.<\/p>\n<p>\ud83d\udc49 G\u0259ncliyin sirri \u2013 vaxt\u0131nda bax\u0131m.<\/p>","protected":false},"excerpt":{"rendered":"<p>Pre-Age Beauty Cream \u2013 ya\u015flanma \u0259leyhin\u0259 \u00fcz kremi. D\u0259rini m\u00f6hk\u0259ml\u0259ndirir, elastikliyi art\u0131r\u0131r v\u0259 daha g\u0259nc g\u00f6r\u00fcn\u00fc\u015f yarad\u0131r.<\/p>","protected":false},"featured_media":10450,"comment_status":"open","ping_status":"closed","template":"","meta":[],"pwb-brand":[169],"product_cat":[127,142],"product_tag":[294,293,428,319,418],"class_list":{"0":"post-10449","1":"product","2":"type-product","3":"status-publish","4":"has-post-thumbnail","6":"pwb-brand-due","7":"product_cat-face-care","8":"product_cat-face-creams","9":"product_tag-face","10":"product_tag-facecare","11":"product_tag-uz-kremi","12":"product_tag-uz-lklri","13":"product_tag-uzbaximi","14":"pa_size-20grm","17":"instock","18":"sale","19":"shipping-taxable","20":"purchasable","21":"product-type-simple"},"brands":[{"id":169,"name":"Due","slug":"due"}],"_links":{"self":[{"href":"https:\/\/axtarstore.com\/ru\/wp-json\/wp\/v2\/product\/10449"}],"collection":[{"href":"https:\/\/axtarstore.com\/ru\/wp-json\/wp\/v2\/product"}],"about":[{"href":"https:\/\/axtarstore.com\/ru\/wp-json\/wp\/v2\/types\/product"}],"replies":[{"embeddable":true,"href":"https:\/\/axtarstore.com\/ru\/wp-json\/wp\/v2\/comments?post=10449"}],"version-history":[{"count":3,"href":"https:\/\/axtarstore.com\/ru\/wp-json\/wp\/v2\/product\/10449\/revisions"}],"predecessor-version":[{"id":10847,"href":"https:\/\/axtarstore.com\/ru\/wp-json\/wp\/v2\/product\/10449\/revisions\/10847"}],"wp:featuredmedia":[{"embeddable":true,"href":"https:\/\/axtarstore.com\/ru\/wp-json\/wp\/v2\/media\/10450"}],"wp:attachment":[{"href":"https:\/\/axtarstore.com\/ru\/wp-json\/wp\/v2\/media?parent=10449"}],"wp:term":[{"taxonomy":"pwb-brand","embeddable":true,"href":"https:\/\/axtarstore.com\/ru\/wp-json\/wp\/v2\/pwb-brand?post=10449"},{"taxonomy":"product_cat","embeddable":true,"href":"https:\/\/axtarstore.com\/ru\/wp-json\/wp\/v2\/product_cat?post=10449"},{"taxonomy":"product_tag","embeddable":true,"href":"https:\/\/axtarstore.com\/ru\/wp-json\/wp\/v2\/product_tag?post=10449"}],"curies":[{"name":"wp","href":"https:\/\/api.w.org\/{rel}","templated":true}]}}