{"id":10446,"date":"2025-05-18T23:37:24","date_gmt":"2025-05-18T19:37:24","guid":{"rendered":"https:\/\/axtarstore.com\/?post_type=product&#038;p=10446"},"modified":"2026-01-25T20:03:17","modified_gmt":"2026-01-25T16:03:17","slug":"ilham-fennel-oil-razyana-yagi-30ml","status":"publish","type":"product","link":"https:\/\/axtarstore.com\/ru\/product\/ilham-fennel-oil-razyana-yagi-30ml\/","title":{"rendered":"Ilham Fennel Natural Oil Razyana Ya\u011f\u0131 \u2013 T\u0259bii v\u0259 Sa\u011flam D\u0259ri v\u0259 Sa\u00e7 Bax\u0131m\u0131"},"content":{"rendered":"<p>Ilham Fennel Oil t\u0259bii razyana toxumlar\u0131ndan \u0259ld\u0259 olunan y\u00fcks\u0259k keyfiyy\u0259tli ya\u011fd\u0131r. Orqanizmin rahatlamas\u0131na v\u0259 g\u00fcnd\u0259lik balans\u0131n qorunmas\u0131na k\u00f6m\u0259k edir.<\/p>\n<p>\ud83c\udf3f \u018fsas faydalar\u0131:<\/p>\n<p>H\u0259zmi d\u0259st\u0259kl\u0259yir<\/p>\n<p>\u015ei\u015fkinlik v\u0259 qaz probleminin azalmas\u0131na k\u00f6m\u0259k edir<\/p>\n<p>B\u0259d\u0259ni sakitl\u0259\u015fdirir v\u0259 rahatlad\u0131r<\/p>\n<p>T\u0259bii t\u0259rkiblidir<\/p>\n<p>G\u00fcnd\u0259lik istifad\u0259y\u0259 uy\u011fundur<\/p>\n<p>Y\u0131\u011fcam \u015f\u00fc\u015f\u0259 qabla\u015fd\u0131rmas\u0131 say\u0259sind\u0259 Ilham Fennel Oil h\u0259m evd\u0259, h\u0259m d\u0259 s\u0259f\u0259rd\u0259 rahat istifad\u0259 olunur.<\/p>","protected":false},"excerpt":{"rendered":"<p>Ilham Fennel Oil \u2013 t\u0259bii razyana ya\u011f\u0131. H\u0259zmi d\u0259st\u0259kl\u0259yir, \u015fi\u015fkinliyi azald\u0131r v\u0259 orqanizmi rahatlad\u0131r. \u0130ndi sifari\u015f et!<\/p>","protected":false},"featured_media":10447,"comment_status":"open","ping_status":"closed","template":"","meta":[],"pwb-brand":[181],"product_cat":[129,159,399,126,138,135,427,127,144],"product_tag":[328,300,333,293,437,423,431,418],"class_list":{"0":"post-10446","1":"product","2":"type-product","3":"status-publish","4":"has-post-thumbnail","6":"pwb-brand-ilham","7":"product_cat-beden-baximi","8":"product_cat-body-massage","9":"product_cat-bdn-nmlndiricisi","10":"product_cat-haircare","11":"product_cat-vitamins","12":"product_cat-oil","13":"product_cat-tbii-yaglar","14":"product_cat-face-care","15":"product_cat-face-vitamins","16":"product_tag-anti-wrinkle","17":"product_tag-bodycare","18":"product_tag-face-moisturiser","19":"product_tag-facecare","20":"product_tag-natural-oils","21":"product_tag-skincareroutine","22":"product_tag-tbii-yaglar","23":"product_tag-uzbaximi","24":"pa_size-30ml","27":"instock","28":"sale","29":"shipping-taxable","30":"purchasable","31":"product-type-simple"},"brands":[{"id":181,"name":"\u0130lham","slug":"ilham"}],"_links":{"self":[{"href":"https:\/\/axtarstore.com\/ru\/wp-json\/wp\/v2\/product\/10446"}],"collection":[{"href":"https:\/\/axtarstore.com\/ru\/wp-json\/wp\/v2\/product"}],"about":[{"href":"https:\/\/axtarstore.com\/ru\/wp-json\/wp\/v2\/types\/product"}],"replies":[{"embeddable":true,"href":"https:\/\/axtarstore.com\/ru\/wp-json\/wp\/v2\/comments?post=10446"}],"version-history":[{"count":3,"href":"https:\/\/axtarstore.com\/ru\/wp-json\/wp\/v2\/product\/10446\/revisions"}],"predecessor-version":[{"id":10849,"href":"https:\/\/axtarstore.com\/ru\/wp-json\/wp\/v2\/product\/10446\/revisions\/10849"}],"wp:featuredmedia":[{"embeddable":true,"href":"https:\/\/axtarstore.com\/ru\/wp-json\/wp\/v2\/media\/10447"}],"wp:attachment":[{"href":"https:\/\/axtarstore.com\/ru\/wp-json\/wp\/v2\/media?parent=10446"}],"wp:term":[{"taxonomy":"pwb-brand","embeddable":true,"href":"https:\/\/axtarstore.com\/ru\/wp-json\/wp\/v2\/pwb-brand?post=10446"},{"taxonomy":"product_cat","embeddable":true,"href":"https:\/\/axtarstore.com\/ru\/wp-json\/wp\/v2\/product_cat?post=10446"},{"taxonomy":"product_tag","embeddable":true,"href":"https:\/\/axtarstore.com\/ru\/wp-json\/wp\/v2\/product_tag?post=10446"}],"curies":[{"name":"wp","href":"https:\/\/api.w.org\/{rel}","templated":true}]}}