{"id":10440,"date":"2025-05-18T23:22:45","date_gmt":"2025-05-18T19:22:45","guid":{"rendered":"https:\/\/axtarstore.com\/?post_type=product&#038;p=10440"},"modified":"2026-01-25T20:09:19","modified_gmt":"2026-01-25T16:09:19","slug":"ilham-bitter-almond-oil-30ml","status":"publish","type":"product","link":"https:\/\/axtarstore.com\/ru\/product\/ilham-bitter-almond-oil-30ml\/","title":{"rendered":"Ilham Bitter Almond Natural Oil ac\u0131 badam ya\u011f\u0131 \u2013 T\u0259bii G\u00f6z\u0259llik Bax\u0131m\u0131"},"content":{"rendered":"<p>Ilham Bitter Almond Oil y\u00fcks\u0259k keyfiyy\u0259tli ac\u0131 badamdan \u0259ld\u0259 olunan t\u0259bii ya\u011fd\u0131r. D\u0259ri v\u0259 sa\u00e7 bax\u0131m\u0131nda geni\u015f istifad\u0259 olunur v\u0259 t\u0259bii qulluq axtaranlar \u00fc\u00e7\u00fcn ideal se\u00e7imdir.<\/p>\n<p>\ud83c\udf3f \u018fsas faydalar\u0131:<\/p>\n<p>D\u0259rini qidaland\u0131rma\u011fa k\u00f6m\u0259k edir<\/p>\n<p>Sa\u00e7lara yum\u015faql\u0131q v\u0259 parlaql\u0131q verir<\/p>\n<p>T\u0259bii t\u0259rkiblidir<\/p>\n<p>Masaj v\u0259 kosmetik istifad\u0259 \u00fc\u00e7\u00fcn uy\u011fundur<\/p>\n<p>G\u00fcnd\u0259lik qulluqda rahat istifad\u0259 olunur<\/p>\n<p>Y\u0131\u011fcam qabla\u015fd\u0131rmas\u0131 say\u0259sind\u0259 Ilham Bitter Almond Oil evd\u0259 v\u0259 s\u0259f\u0259rd\u0259 istifad\u0259y\u0259 \u0259lveri\u015flidir.<\/p>","protected":false},"excerpt":{"rendered":"<p>Ilham Bitter Almond Oil \u2013 t\u0259bii ac\u0131 badam ya\u011f\u0131. D\u0259ri v\u0259 sa\u00e7 bax\u0131m\u0131 \u00fc\u00e7\u00fcn uy\u011fundur, qidaland\u0131r\u0131r v\u0259 t\u0259bii parlaql\u0131q verir.<\/p>","protected":false},"featured_media":10441,"comment_status":"open","ping_status":"closed","template":"","meta":[],"pwb-brand":[181],"product_cat":[129,159,399,126,138,135,427,127,144],"product_tag":[299,333,293,308,437,417,421,423,431,319,418],"class_list":{"0":"post-10440","1":"product","2":"type-product","3":"status-publish","4":"has-post-thumbnail","6":"pwb-brand-ilham","7":"product_cat-beden-baximi","8":"product_cat-body-massage","9":"product_cat-bdn-nmlndiricisi","10":"product_cat-haircare","11":"product_cat-vitamins","12":"product_cat-oil","13":"product_cat-tbii-yaglar","14":"product_cat-face-care","15":"product_cat-face-vitamins","16":"product_tag-acnetreatment","17":"product_tag-face-moisturiser","18":"product_tag-facecare","19":"product_tag-haircare","20":"product_tag-natural-oils","21":"product_tag-sacbaximi","22":"product_tag-sacqullugu","23":"product_tag-skincareroutine","24":"product_tag-tbii-yaglar","25":"product_tag-uz-lklri","26":"product_tag-uzbaximi","27":"pa_size-30ml","30":"instock","31":"sale","32":"shipping-taxable","33":"purchasable","34":"product-type-simple"},"brands":[{"id":181,"name":"\u0130lham","slug":"ilham"}],"_links":{"self":[{"href":"https:\/\/axtarstore.com\/ru\/wp-json\/wp\/v2\/product\/10440"}],"collection":[{"href":"https:\/\/axtarstore.com\/ru\/wp-json\/wp\/v2\/product"}],"about":[{"href":"https:\/\/axtarstore.com\/ru\/wp-json\/wp\/v2\/types\/product"}],"replies":[{"embeddable":true,"href":"https:\/\/axtarstore.com\/ru\/wp-json\/wp\/v2\/comments?post=10440"}],"version-history":[{"count":3,"href":"https:\/\/axtarstore.com\/ru\/wp-json\/wp\/v2\/product\/10440\/revisions"}],"predecessor-version":[{"id":10853,"href":"https:\/\/axtarstore.com\/ru\/wp-json\/wp\/v2\/product\/10440\/revisions\/10853"}],"wp:featuredmedia":[{"embeddable":true,"href":"https:\/\/axtarstore.com\/ru\/wp-json\/wp\/v2\/media\/10441"}],"wp:attachment":[{"href":"https:\/\/axtarstore.com\/ru\/wp-json\/wp\/v2\/media?parent=10440"}],"wp:term":[{"taxonomy":"pwb-brand","embeddable":true,"href":"https:\/\/axtarstore.com\/ru\/wp-json\/wp\/v2\/pwb-brand?post=10440"},{"taxonomy":"product_cat","embeddable":true,"href":"https:\/\/axtarstore.com\/ru\/wp-json\/wp\/v2\/product_cat?post=10440"},{"taxonomy":"product_tag","embeddable":true,"href":"https:\/\/axtarstore.com\/ru\/wp-json\/wp\/v2\/product_tag?post=10440"}],"curies":[{"name":"wp","href":"https:\/\/api.w.org\/{rel}","templated":true}]}}