{"id":10426,"date":"2025-05-18T22:47:38","date_gmt":"2025-05-18T18:47:38","guid":{"rendered":"https:\/\/axtarstore.com\/?post_type=product&#038;p=10426"},"modified":"2026-01-25T20:40:26","modified_gmt":"2026-01-25T16:40:26","slug":"arena-gold-aci-badam-yagi","status":"publish","type":"product","link":"https:\/\/axtarstore.com\/ru\/product\/arena-gold-aci-badam-yagi\/","title":{"rendered":"Arena Gold Bitter Almond Oil ac\u0131 badam ya\u011f\u0131 30ml"},"content":{"rendered":"<p>Arena Gold Bitter Almond Oil y\u00fcks\u0259k keyfiyy\u0259tli ac\u0131 badamdan \u0259ld\u0259 olunan t\u0259bii ya\u011fd\u0131r. D\u0259ri v\u0259 sa\u00e7 bax\u0131m\u0131nda geni\u015f istifad\u0259 olunur v\u0259 t\u0259bii qulluq axtaranlar \u00fc\u00e7\u00fcn ideal se\u00e7imdir.<\/p>\n<p>\ud83c\udf3f \u018fsas \u00fcst\u00fcnl\u00fckl\u0259r:<\/p>\n<p>D\u0259rini qidaland\u0131rma\u011fa v\u0259 yum\u015faltma\u011fa k\u00f6m\u0259k edir<\/p>\n<p>Sa\u00e7lara parlaql\u0131q v\u0259 canl\u0131l\u0131q verir<\/p>\n<p>T\u0259bii v\u0259 saf t\u0259rkiblidir<\/p>\n<p>Masaj v\u0259 kosmetik istifad\u0259y\u0259 uy\u011fundur<\/p>\n<p>G\u00fcnd\u0259lik qulluq \u00fc\u00e7\u00fcn rahatd\u0131r<\/p>\n<p>Y\u0131\u011fcam qabla\u015fd\u0131rmas\u0131 say\u0259sind\u0259 Arena Gold Bitter Almond Oil h\u0259m evd\u0259, h\u0259m d\u0259 s\u0259f\u0259rd\u0259 istifad\u0259y\u0259 \u0259lveri\u015flidir.<\/p>","protected":false},"excerpt":{"rendered":"<p>Arena Gold Bitter Almond Oil \u2013 t\u0259bii ac\u0131 badam ya\u011f\u0131. D\u0259ri v\u0259 sa\u00e7 bax\u0131m\u0131 \u00fc\u00e7\u00fcn uy\u011fundur, qidaland\u0131r\u0131r v\u0259 sa\u011flam g\u00f6r\u00fcn\u00fc\u015f yarad\u0131r.<\/p>","protected":false},"featured_media":10431,"comment_status":"open","ping_status":"closed","template":"","meta":[],"pwb-brand":[163],"product_cat":[129,159,399,126,138,135,427,127,144],"product_tag":[300,293,308,437,431],"class_list":{"0":"post-10426","1":"product","2":"type-product","3":"status-publish","4":"has-post-thumbnail","6":"pwb-brand-arena-gold","7":"product_cat-beden-baximi","8":"product_cat-body-massage","9":"product_cat-bdn-nmlndiricisi","10":"product_cat-haircare","11":"product_cat-vitamins","12":"product_cat-oil","13":"product_cat-tbii-yaglar","14":"product_cat-face-care","15":"product_cat-face-vitamins","16":"product_tag-bodycare","17":"product_tag-facecare","18":"product_tag-haircare","19":"product_tag-natural-oils","20":"product_tag-tbii-yaglar","21":"pa_size-30ml","24":"instock","25":"sale","26":"shipping-taxable","27":"purchasable","28":"product-type-simple"},"brands":[{"id":163,"name":"Arena Gold","slug":"arena-gold"}],"_links":{"self":[{"href":"https:\/\/axtarstore.com\/ru\/wp-json\/wp\/v2\/product\/10426"}],"collection":[{"href":"https:\/\/axtarstore.com\/ru\/wp-json\/wp\/v2\/product"}],"about":[{"href":"https:\/\/axtarstore.com\/ru\/wp-json\/wp\/v2\/types\/product"}],"replies":[{"embeddable":true,"href":"https:\/\/axtarstore.com\/ru\/wp-json\/wp\/v2\/comments?post=10426"}],"version-history":[{"count":3,"href":"https:\/\/axtarstore.com\/ru\/wp-json\/wp\/v2\/product\/10426\/revisions"}],"predecessor-version":[{"id":10859,"href":"https:\/\/axtarstore.com\/ru\/wp-json\/wp\/v2\/product\/10426\/revisions\/10859"}],"wp:featuredmedia":[{"embeddable":true,"href":"https:\/\/axtarstore.com\/ru\/wp-json\/wp\/v2\/media\/10431"}],"wp:attachment":[{"href":"https:\/\/axtarstore.com\/ru\/wp-json\/wp\/v2\/media?parent=10426"}],"wp:term":[{"taxonomy":"pwb-brand","embeddable":true,"href":"https:\/\/axtarstore.com\/ru\/wp-json\/wp\/v2\/pwb-brand?post=10426"},{"taxonomy":"product_cat","embeddable":true,"href":"https:\/\/axtarstore.com\/ru\/wp-json\/wp\/v2\/product_cat?post=10426"},{"taxonomy":"product_tag","embeddable":true,"href":"https:\/\/axtarstore.com\/ru\/wp-json\/wp\/v2\/product_tag?post=10426"}],"curies":[{"name":"wp","href":"https:\/\/api.w.org\/{rel}","templated":true}]}}