{"id":10418,"date":"2025-05-18T02:55:23","date_gmt":"2025-05-17T22:55:23","guid":{"rendered":"https:\/\/axtarstore.com\/?post_type=product&#038;p=10418"},"modified":"2026-01-25T20:46:55","modified_gmt":"2026-01-25T16:46:55","slug":"aichun-beauty-hip-lift-cream","status":"publish","type":"product","link":"https:\/\/axtarstore.com\/ru\/product\/aichun-beauty-hip-lift-cream\/","title":{"rendered":"Aichun Beauty Hip Lift &#8211; Y\u00fcks\u0259k Effektiv Popo Qalxanl\u0131q Kremi"},"content":{"rendered":"<p>Daha formala\u015fm\u0131\u015f v\u0259 cazib\u0259dar g\u00f6r\u00fcn\u00fc\u015f \u00fc\u00e7\u00fcn d\u00fczg\u00fcn bax\u0131m vacibdir.<br \/>\nAichun Beauty Hip Lift Cream x\u00fcsusi formuluyla omba nahiy\u0259sin\u0259 masaj zaman\u0131 t\u0259sir ed\u0259r\u0259k d\u0259rinin daha y\u0131\u011fcam g\u00f6r\u00fcnm\u0259sin\u0259 k\u00f6m\u0259k edir.<\/p>\n<p>\u2728 \u018fsas \u00fcst\u00fcnl\u00fckl\u0259r:<\/p>\n<p>Omba nahiy\u0259sini m\u00f6hk\u0259ml\u0259ndirm\u0259y\u0259 k\u00f6m\u0259k edir<\/p>\n<p>Qald\u0131r\u0131c\u0131 v\u0259 formala\u015fd\u0131r\u0131c\u0131 effekt yarad\u0131r<\/p>\n<p>Masaj zaman\u0131 d\u0259rid\u0259 tez hopur<\/p>\n<p>D\u0259rini yum\u015faq v\u0259 bax\u0131ml\u0131 saxlay\u0131r<\/p>\n<p>G\u00fcnd\u0259lik istifad\u0259 \u00fc\u00e7\u00fcn uy\u011fundur<\/p>\n<p>M\u00fcnt\u0259z\u0259m istifad\u0259 zaman\u0131 Aichun Beauty Hip Lift Cream daha estetik v\u0259 \u00f6z\u00fcn\u0259inaml\u0131 g\u00f6r\u00fcn\u00fc\u015f \u0259ld\u0259 etm\u0259y\u0259 d\u0259st\u0259k olur.<\/p>\n<p>\ud83d\udc49 Formal\u0131 b\u0259d\u0259n \u2013 g\u00fcv\u0259nli hiss.<\/p>","protected":false},"excerpt":{"rendered":"<p>Aichun Beauty Hip Lift Cream \u2013 omba \u00fc\u00e7\u00fcn qald\u0131r\u0131c\u0131 masaj kremi. D\u0259rini m\u00f6hk\u0259ml\u0259ndirir, daha formala\u015fm\u0131\u015f g\u00f6r\u00fcn\u00fc\u015f yarad\u0131r.<\/p>","protected":false},"featured_media":10419,"comment_status":"open","ping_status":"closed","template":"","meta":[],"pwb-brand":[173],"product_cat":[312,129],"product_tag":[300],"class_list":{"0":"post-10418","1":"product","2":"type-product","3":"status-publish","4":"has-post-thumbnail","6":"pwb-brand-aichun-beauty","7":"product_cat-beden-sekillendirici-mehsullar","8":"product_cat-beden-baximi","9":"product_tag-bodycare","10":"pa_size-120ml","13":"instock","14":"sale","15":"shipping-taxable","16":"purchasable","17":"product-type-simple"},"brands":[{"id":173,"name":"Aichun Beauty","slug":"aichun-beauty"}],"_links":{"self":[{"href":"https:\/\/axtarstore.com\/ru\/wp-json\/wp\/v2\/product\/10418"}],"collection":[{"href":"https:\/\/axtarstore.com\/ru\/wp-json\/wp\/v2\/product"}],"about":[{"href":"https:\/\/axtarstore.com\/ru\/wp-json\/wp\/v2\/types\/product"}],"replies":[{"embeddable":true,"href":"https:\/\/axtarstore.com\/ru\/wp-json\/wp\/v2\/comments?post=10418"}],"version-history":[{"count":3,"href":"https:\/\/axtarstore.com\/ru\/wp-json\/wp\/v2\/product\/10418\/revisions"}],"predecessor-version":[{"id":10861,"href":"https:\/\/axtarstore.com\/ru\/wp-json\/wp\/v2\/product\/10418\/revisions\/10861"}],"wp:featuredmedia":[{"embeddable":true,"href":"https:\/\/axtarstore.com\/ru\/wp-json\/wp\/v2\/media\/10419"}],"wp:attachment":[{"href":"https:\/\/axtarstore.com\/ru\/wp-json\/wp\/v2\/media?parent=10418"}],"wp:term":[{"taxonomy":"pwb-brand","embeddable":true,"href":"https:\/\/axtarstore.com\/ru\/wp-json\/wp\/v2\/pwb-brand?post=10418"},{"taxonomy":"product_cat","embeddable":true,"href":"https:\/\/axtarstore.com\/ru\/wp-json\/wp\/v2\/product_cat?post=10418"},{"taxonomy":"product_tag","embeddable":true,"href":"https:\/\/axtarstore.com\/ru\/wp-json\/wp\/v2\/product_tag?post=10418"}],"curies":[{"name":"wp","href":"https:\/\/api.w.org\/{rel}","templated":true}]}}