{"id":10412,"date":"2025-05-18T02:47:34","date_gmt":"2025-05-17T22:47:34","guid":{"rendered":"https:\/\/axtarstore.com\/?post_type=product&#038;p=10412"},"modified":"2026-01-25T20:55:21","modified_gmt":"2026-01-25T16:55:21","slug":"titan-spike-condom","status":"publish","type":"product","link":"https:\/\/axtarstore.com\/ru\/product\/titan-spike-condom\/","title":{"rendered":"Titan Spike Condom &#8211; Y\u00fcks\u0259k Keyfiyy\u0259tli Kondom"},"content":{"rendered":"<p>Titan Spike Condom, y\u00fcks\u0259k keyfiyy\u0259tli materiallardan haz\u0131rlanm\u0131\u015f v\u0259 art\u0131r\u0131lm\u0131\u015f h\u0259zz t\u0259cr\u00fcb\u0259si \u00fc\u00e7\u00fcn n\u0259z\u0259rd\u0259 tutulmu\u015fdur. Bu kondomun x\u00fcsusi qabar\u0131q strukturu, cinsi \u0259laq\u0259 zaman\u0131 \u0259lav\u0259 stimul v\u0259 z\u00f6vq t\u0259min edir. Rahat v\u0259 g\u00fcv\u0259nli istifad\u0259 \u00fc\u00e7\u00fcn dizayn edilmi\u015fdir, h\u0259m\u00e7inin cinsi yolla ke\u00e7\u0259n x\u0259st\u0259likl\u0259rd\u0259n qorunma \u00fc\u00e7\u00fcn m\u00fck\u0259mm\u0259l bir vasit\u0259dir.<\/p>\n<p>Titan Spike Condom, yaln\u0131z 1 \u0259d\u0259d olaraq sat\u0131l\u0131r v\u0259 onun x\u00fcsusi tikil\u0259n ucu il\u0259 \u0259lav\u0259 stimulla\u015fd\u0131rma t\u0259min edilir. H\u0259r bir paketd\u0259 yaln\u0131z bir \u0259d\u0259d kondom oldu\u011fundan, m\u00fcxt\u0259lif cinsi t\u0259cr\u00fcb\u0259l\u0259r ya\u015famaq ist\u0259y\u0259nl\u0259r \u00fc\u00e7\u00fcn ideal se\u00e7imdir.<\/p>\n<p>\u041a\u043b\u044e\u0447\u0435\u0432\u044b\u0435 \u043f\u0440\u0435\u0438\u043c\u0443\u0449\u0435\u0441\u0442\u0432\u0430:<br \/>\n\u2022 Y\u00fcks\u0259k keyfiyy\u0259tli materiallardan haz\u0131rlanm\u0131\u015fd\u0131r<br \/>\n\u2022 Art\u0131r\u0131lm\u0131\u015f stimulla\u015fd\u0131rma t\u0259cr\u00fcb\u0259si t\u0259min edir<br \/>\n\u2022 Cinsi \u0259laq\u0259 zaman\u0131 \u0259lav\u0259 h\u0259zz t\u0259min edir<br \/>\n\u2022 Cinsi yolla ke\u00e7\u0259n x\u0259st\u0259likl\u0259rd\u0259n qorunma t\u0259min edir<\/p>\n<p>Titan Spike Condom il\u0259 t\u0259hl\u00fck\u0259siz v\u0259 rahat bir cinsi t\u0259cr\u00fcb\u0259 ya\u015fay\u0131n!<\/p>","protected":false},"excerpt":{"rendered":"<p>Titan Spike Condom \u2013 tekstural dizaynl\u0131 romantik prezervativ. T\u0259hl\u00fck\u0259siz v\u0259 komfortlu istifad\u0259 \u00fc\u00e7\u00fcn haz\u0131rlan\u0131b, h\u0259ssasl\u0131\u011f\u0131 art\u0131r\u0131r.<\/p>","protected":false},"featured_media":10413,"comment_status":"open","ping_status":"closed","template":"","meta":[],"pwb-brand":[473],"product_cat":[217,223],"product_tag":[],"class_list":{"0":"post-10412","1":"product","2":"type-product","3":"status-publish","4":"has-post-thumbnail","6":"pwb-brand-titan","7":"product_cat-kisi-mhsullari","8":"product_cat-prezervativ","11":"instock","12":"sale","13":"shipping-taxable","14":"purchasable","15":"product-type-simple"},"brands":[{"id":473,"name":"Titan","slug":"titan"}],"_links":{"self":[{"href":"https:\/\/axtarstore.com\/ru\/wp-json\/wp\/v2\/product\/10412"}],"collection":[{"href":"https:\/\/axtarstore.com\/ru\/wp-json\/wp\/v2\/product"}],"about":[{"href":"https:\/\/axtarstore.com\/ru\/wp-json\/wp\/v2\/types\/product"}],"replies":[{"embeddable":true,"href":"https:\/\/axtarstore.com\/ru\/wp-json\/wp\/v2\/comments?post=10412"}],"version-history":[{"count":3,"href":"https:\/\/axtarstore.com\/ru\/wp-json\/wp\/v2\/product\/10412\/revisions"}],"predecessor-version":[{"id":10865,"href":"https:\/\/axtarstore.com\/ru\/wp-json\/wp\/v2\/product\/10412\/revisions\/10865"}],"wp:featuredmedia":[{"embeddable":true,"href":"https:\/\/axtarstore.com\/ru\/wp-json\/wp\/v2\/media\/10413"}],"wp:attachment":[{"href":"https:\/\/axtarstore.com\/ru\/wp-json\/wp\/v2\/media?parent=10412"}],"wp:term":[{"taxonomy":"pwb-brand","embeddable":true,"href":"https:\/\/axtarstore.com\/ru\/wp-json\/wp\/v2\/pwb-brand?post=10412"},{"taxonomy":"product_cat","embeddable":true,"href":"https:\/\/axtarstore.com\/ru\/wp-json\/wp\/v2\/product_cat?post=10412"},{"taxonomy":"product_tag","embeddable":true,"href":"https:\/\/axtarstore.com\/ru\/wp-json\/wp\/v2\/product_tag?post=10412"}],"curies":[{"name":"wp","href":"https:\/\/api.w.org\/{rel}","templated":true}]}}